{"id":77336,"date":"2023-12-13T20:48:46","date_gmt":"2023-12-13T19:48:46","guid":{"rendered":"https:\/\/www.soanam.de\/?post_type=product&#038;p=77336"},"modified":"2023-12-13T20:53:00","modified_gmt":"2023-12-13T19:53:00","slug":"blazer-victor-da-uomo-harmony-in-lana-mohair-nero-taglia-44","status":"publish","type":"product","link":"https:\/\/www.soanam.de\/it\/produkt\/harmony-herren-blazer-victor-aus-wolle-mohair-in-schwarz-groesse-44\/","title":{"rendered":"Blazer da uomo Harmony \"Victor\" in lana e mohair, nero, taglia 44"},"content":{"rendered":"<h3>Descrizione del<\/h3>\n<p>Blazer a maniche lunghe in misto lana e mohair di colore nero.<br \/>\nTaglio elegante in stile slim fit.<\/p>\n<h3>Dettagli:<\/h3>\n<p>Polsini da chirurgo con quattro bottoni.<br \/>\nDoppi spacchi sul retro dell'orlo.<br \/>\nAsola sul colletto con risvolto dentellato.<br \/>\nChiusura con bottoni sul davanti.<br \/>\ntasca a filetto sul petto.<br \/>\nTasche interne a filetto.<br \/>\nColore del fornitore: Nero<br \/>\nTasche con patta in vita.<br \/>\nFodera in raso di viscosa tono su tono.<br \/>\nHardware tonale.<\/p>\n<h3>Materiale e cura<\/h3>\n<p>73% Lana<br \/>\n27% Mohair<br \/>\nFodera: viscosa 100%<br \/>\nSi consiglia il lavaggio a secco<\/p>","protected":false},"excerpt":{"rendered":"<h3>Caratteristiche dell'articolo<\/h3>\n<p>Condizione dell'articolo: Nuovo con etichetta: articolo nuovo, non usato e non indossato nella sua confezione originale.<\/p>\n<p>Abteilung: Herren<br \/>\nAnlass: Business, Elegant, Hochzeit, Party\/Cocktail<br \/>\nBrustumfang: ohne Angabe<br \/>\nEAN: 3663613147585<br \/>\nColore: nero<br \/>\nGewebeart: Wollmischung<br \/>\nDimensione: 44<br \/>\nGr\u00f6\u00dfenkategorie: Normalgr\u00f6\u00dfe<br \/>\nJacken-\/Mantell\u00e4nge: Normal<br \/>\nJackenrevers-Form: Reversekragen<br \/>\nMarke: Harmony<br \/>\nMaterial: Mohair, Wolle<br \/>\nPassform: Slim<br \/>\nProduktart: Blazer<br \/>\nStil: Sakko<br \/>\nThema: Designer<br \/>\nVintage: Nein<\/p>","protected":false},"featured_media":77468,"comment_status":"open","ping_status":"closed","template":"","meta":{"_seopress_robots_primary_cat":"","_seopress_titles_title":"","_seopress_titles_desc":"","_seopress_robots_index":""},"product_brand":[],"product_cat":[1345,1368,1369],"product_tag":[],"class_list":{"0":"post-77336","1":"product","2":"type-product","3":"status-publish","4":"has-post-thumbnail","6":"product_cat-herrenmode","7":"product_cat-anzuege-anzugsteile","8":"product_cat-sakkos","9":"product_shipping_class-standard-versand","11":"first","12":"instock","13":"sale","14":"taxable","15":"shipping-taxable","16":"purchasable","17":"product-type-simple"},"_links":{"self":[{"href":"https:\/\/www.soanam.de\/it\/wp-json\/wp\/v2\/product\/77336","targetHints":{"allow":["GET"]}}],"collection":[{"href":"https:\/\/www.soanam.de\/it\/wp-json\/wp\/v2\/product"}],"about":[{"href":"https:\/\/www.soanam.de\/it\/wp-json\/wp\/v2\/types\/product"}],"replies":[{"embeddable":true,"href":"https:\/\/www.soanam.de\/it\/wp-json\/wp\/v2\/comments?post=77336"}],"wp:featuredmedia":[{"embeddable":true,"href":"https:\/\/www.soanam.de\/it\/wp-json\/wp\/v2\/media\/77468"}],"wp:attachment":[{"href":"https:\/\/www.soanam.de\/it\/wp-json\/wp\/v2\/media?parent=77336"}],"wp:term":[{"taxonomy":"product_brand","embeddable":true,"href":"https:\/\/www.soanam.de\/it\/wp-json\/wp\/v2\/product_brand?post=77336"},{"taxonomy":"product_cat","embeddable":true,"href":"https:\/\/www.soanam.de\/it\/wp-json\/wp\/v2\/product_cat?post=77336"},{"taxonomy":"product_tag","embeddable":true,"href":"https:\/\/www.soanam.de\/it\/wp-json\/wp\/v2\/product_tag?post=77336"}],"curies":[{"name":"wp","href":"https:\/\/api.w.org\/{rel}","templated":true}]}}