{"id":77317,"date":"2023-12-13T20:47:59","date_gmt":"2023-12-13T19:47:59","guid":{"rendered":"https:\/\/www.soanam.de\/?post_type=product&#038;p=77317"},"modified":"2023-12-13T20:52:46","modified_gmt":"2023-12-13T19:52:46","slug":"solo-jeans-skinny-fit-onlshape-life-reg-sk-dnm-in-denim-speciale-blu-grigio-w29xl30","status":"publish","type":"product","link":"https:\/\/www.soanam.de\/it\/produkt\/only-skinny-fit-jeans-onlshape-life-reg-sk-dnm-in-special-blue-grey-denim-w29xl30\/","title":{"rendered":"Only jeans skinny-fit ONLSHAPE LIFE REG SK DNM, in denim speciale blu grigio, W29xL30"},"content":{"rendered":"<p>Jeans elasticizzati di ONLY con vestibilit\u00e0 skinny<br \/>\nStile 5 tasche<br \/>\nCon effetto ottico di forma grazie a speciali cuciture<br \/>\nMorbido denim ad alto contenuto elastico<\/p>\n<p>Grazie alla forma stretta della gamba, i jeans stretch sono molto aderenti alla figura.<br \/>\nIl materiale dei jeans da donna \u00e8 elasticizzato e li rende super confortevoli.<br \/>\nIl misto cotone rende il denim resistente.<\/p>\n<p>Materiale: 92% cotone, 6% poliestere, 2% elastan<br \/>\nIstruzioni per la cura: Lavabile in lavatrice a 30\u00b0<\/p>\n<p>Colore: denim speciale blu grigio<br \/>\nDimensioni: L29 L30<\/p>\n<p>Misura della vita: 69 cm<br \/>\nCirconferenza dell'anca: 82 cm<br \/>\nLunghezza del gradino: 72 cm<br \/>\nLunghezza totale: 96 cm<\/p>","protected":false},"excerpt":{"rendered":"<table class=\"dv_characteristicsTable\">\n<tbody>\n<tr>\n<td class=\"left\">Dimensione<\/td>\n<td>29<\/td>\n<\/tr>\n<tr>\n<td class=\"left\">Hosenl\u00e4nge<\/td>\n<td>30<\/td>\n<\/tr>\n<tr>\n<td class=\"left\">Composizione del materiale<\/td>\n<td>Obermaterial: 92% Baumwolle, 6% Polyester, 2% Elasthan<\/td>\n<\/tr>\n<tr>\n<td class=\"left\">Materialart<\/td>\n<td>Denim<\/td>\n<\/tr>\n<tr>\n<td class=\"left\">Materialeigenschaften<\/td>\n<td>Stretch<\/td>\n<\/tr>\n<tr>\n<td class=\"left\">Istruzioni per la cura<\/td>\n<td>Lavaggio in lavatrice<\/td>\n<\/tr>\n<tr>\n<td class=\"left\">Stil<\/td>\n<td>Basic<\/td>\n<\/tr>\n<tr>\n<td class=\"left\">Herstellerfarbbezeichnung<\/td>\n<td>denim speciale blu grigio<\/td>\n<\/tr>\n<tr>\n<td class=\"left\">Colore<\/td>\n<td>blau grau<\/td>\n<\/tr>\n<tr>\n<td class=\"left\">Leibh\u00f6he<\/td>\n<td>normal<\/td>\n<\/tr>\n<tr>\n<td class=\"left\">Beinform<\/td>\n<td>extra-eng<\/td>\n<\/tr>\n<tr>\n<td class=\"left\">Herstellerpassform<\/td>\n<td>skinny fit, regular waist<\/td>\n<\/tr>\n<tr>\n<td class=\"left\">Passanti per cintura<\/td>\n<td>ja<\/td>\n<\/tr>\n<tr>\n<td class=\"left\">Borse<\/td>\n<td>Eingrifftaschen, M\u00fcnztasche, Ges\u00e4\u00dftaschen<\/td>\n<\/tr>\n<tr>\n<td class=\"left\">Verschluss<\/td>\n<td>Knopf, Rei\u00dfverschluss<\/td>\n<\/tr>\n<\/tbody>\n<\/table>","protected":false},"featured_media":77459,"comment_status":"open","ping_status":"closed","template":"","meta":{"_seopress_robots_primary_cat":"","_seopress_titles_title":"","_seopress_titles_desc":"","_seopress_robots_index":""},"product_brand":[],"product_cat":[1348,1349,1350],"product_tag":[],"class_list":{"0":"post-77317","1":"product","2":"type-product","3":"status-publish","4":"has-post-thumbnail","6":"product_cat-damen-mode","7":"product_cat-hosen-damen-mode","8":"product_cat-jeans-hosen-damen-mode","9":"product_shipping_class-standard-versand","11":"first","12":"instock","13":"taxable","14":"shipping-taxable","15":"purchasable","16":"product-type-simple"},"_links":{"self":[{"href":"https:\/\/www.soanam.de\/it\/wp-json\/wp\/v2\/product\/77317","targetHints":{"allow":["GET"]}}],"collection":[{"href":"https:\/\/www.soanam.de\/it\/wp-json\/wp\/v2\/product"}],"about":[{"href":"https:\/\/www.soanam.de\/it\/wp-json\/wp\/v2\/types\/product"}],"replies":[{"embeddable":true,"href":"https:\/\/www.soanam.de\/it\/wp-json\/wp\/v2\/comments?post=77317"}],"wp:featuredmedia":[{"embeddable":true,"href":"https:\/\/www.soanam.de\/it\/wp-json\/wp\/v2\/media\/77459"}],"wp:attachment":[{"href":"https:\/\/www.soanam.de\/it\/wp-json\/wp\/v2\/media?parent=77317"}],"wp:term":[{"taxonomy":"product_brand","embeddable":true,"href":"https:\/\/www.soanam.de\/it\/wp-json\/wp\/v2\/product_brand?post=77317"},{"taxonomy":"product_cat","embeddable":true,"href":"https:\/\/www.soanam.de\/it\/wp-json\/wp\/v2\/product_cat?post=77317"},{"taxonomy":"product_tag","embeddable":true,"href":"https:\/\/www.soanam.de\/it\/wp-json\/wp\/v2\/product_tag?post=77317"}],"curies":[{"name":"wp","href":"https:\/\/api.w.org\/{rel}","templated":true}]}}