{"id":77277,"date":"2023-12-13T20:46:47","date_gmt":"2023-12-13T19:46:47","guid":{"rendered":"https:\/\/www.soanam.de\/?post_type=product&#038;p=77277"},"modified":"2023-12-13T20:51:29","modified_gmt":"2023-12-13T19:51:29","slug":"nike-x-matthew-m-williams-3-in-1-top-per-le-donne-in-nero-taglia-s","status":"publish","type":"product","link":"https:\/\/www.soanam.de\/it\/produkt\/nike-x-matthew-m-williams-3-in-1-oberteil-fuer-damen-in-schwarz-groesse-s\/","title":{"rendered":"Top 3 in 1 Nike x Matthew M. Williams da donna, nero, taglia S"},"content":{"rendered":"<h3>Descrizione del<\/h3>\n<p>Il versatile design 3 in 1 pu\u00f2 essere indossato come gilet o come reggiseno.<br \/>\nIl materiale traspirante assicura il comfort alle temperature pi\u00f9 calde, mentre il mesh nelle zone chiave garantisce una ventilazione ottimale.<br \/>\n\u00c8 il passo successivo alla formazione, sviluppato per lo sport, la cultura e lo spirito.<\/p>\n<h3>Spazio di archiviazione<\/h3>\n<p>Lo strato superiore \u00e8 stato sviluppato come chest rig per offrire spazio e comfort. La fodera in Gore-Tex \u00e8 idrorepellente e vi mantiene asciutti e comodi durante l'allenamento. Le cinghie regolabili con chiusure a sgancio rapido facilitano l'indossamento e la rimozione e assicurano una vestibilit\u00e0 personalizzata.<\/p>\n<h3>Si trasforma in un gilet<\/h3>\n<p>Togliendo il pettorale si scopre un gilet. Il materiale della maglia lenticolare aggiunge lucentezza e morbidezza al tatto. Gli elementi di elastan presenti nel capo assicurano una libert\u00e0 di movimento illimitata.<\/p>\n<h3>Opzioni di trasporto personalizzate<\/h3>\n<p>Il gilet pu\u00f2 essere rimosso con una zip, lasciando il reggiseno per una vestibilit\u00e0 fresca e confortevole.<\/p>\n<h3>Ulteriori vantaggi<\/h3>\n<p>La tasca frontale nello strato superiore offre uno spazio sicuro per riporre gli oggetti essenziali.<br \/>\nLa tecnologia Dri-FIT assicura un comfort asciutto.<br \/>\nGrazie a studi di mappatura del corpo, abbiamo posizionato una rete nella parte centrale della schiena per garantire una traspirazione ottimale.<\/p>\n<h3>Informazioni sul prodotto<\/h3>\n<p>Corpo: 82 % nylon\/18 % elastan;<br \/>\nParte anteriore: 100 poliestere %.<br \/>\nInserto centrale posteriore: 87 % poliestere\/13 % elastan;<br \/>\nMaglia centrale posteriore: 81 % nylon\/19 % elastan;<br \/>\nGilet corpo: 89 % poliestere\/11 % elastan<br \/>\nLavaggio in lavatrice<br \/>\nImportato<\/p>\n<h3>Dimensioni e vestibilit\u00e0<\/h3>\n<p>La modella indossa la taglia S e ha un'altezza di 178 cm.<br \/>\nVestibilit\u00e0 standard per una sensazione rilassata e senza complicazioni<\/p>","protected":false},"excerpt":{"rendered":"<h3>Caratteristiche dell'articolo<\/h3>\n<p>Condizione dell'articolo: Nuovo con etichetta: articolo nuovo, non usato e non indossato nella sua confezione originale.<\/p>\n<p>Abteilung: Damen<br \/>\nAktivit\u00e4t: Fitnessstudio &amp; Training<br \/>\nAnlass: Sport<br \/>\n\u00c4rmell\u00e4nge: \u00c4rmellos<br \/>\nAusschnitt: Runder Ausschnitt<br \/>\nBesonderheiten: Atmungsaktiv, Individuelle Tragem\u00f6glichkeiten, Schwei\u00dfableitend<br \/>\nCharakter: ohne<br \/>\nEAN: 194272898233<br \/>\nColore: nero<br \/>\nTaglia: S<br \/>\nGr\u00f6\u00dfenkategorie: Normalgr\u00f6\u00dfe<br \/>\nMarchio: Nike<br \/>\nMaterial: 82 % Nylon\/18 % Elastan<br \/>\nMuster: Ohne Muster<br \/>\nPassform: Athletisch<br \/>\nProduktart: 3-in-1-Oberteil<br \/>\nStil: Bauchfrei<br \/>\nVintage: Nein<\/p>","protected":false},"featured_media":77413,"comment_status":"open","ping_status":"closed","template":"","meta":{"_seopress_robots_primary_cat":"","_seopress_titles_title":"","_seopress_titles_desc":"","_seopress_robots_index":""},"product_brand":[],"product_cat":[1348,1402,1403,1404],"product_tag":[],"class_list":{"0":"post-77277","1":"product","2":"type-product","3":"status-publish","4":"has-post-thumbnail","6":"product_cat-damen-mode","7":"product_cat-sportbekleidung-damen-mode","8":"product_cat-shirts","9":"product_cat-tops","10":"product_shipping_class-standard-versand","12":"first","13":"instock","14":"sale","15":"taxable","16":"shipping-taxable","17":"purchasable","18":"product-type-simple"},"_links":{"self":[{"href":"https:\/\/www.soanam.de\/it\/wp-json\/wp\/v2\/product\/77277","targetHints":{"allow":["GET"]}}],"collection":[{"href":"https:\/\/www.soanam.de\/it\/wp-json\/wp\/v2\/product"}],"about":[{"href":"https:\/\/www.soanam.de\/it\/wp-json\/wp\/v2\/types\/product"}],"replies":[{"embeddable":true,"href":"https:\/\/www.soanam.de\/it\/wp-json\/wp\/v2\/comments?post=77277"}],"wp:featuredmedia":[{"embeddable":true,"href":"https:\/\/www.soanam.de\/it\/wp-json\/wp\/v2\/media\/77413"}],"wp:attachment":[{"href":"https:\/\/www.soanam.de\/it\/wp-json\/wp\/v2\/media?parent=77277"}],"wp:term":[{"taxonomy":"product_brand","embeddable":true,"href":"https:\/\/www.soanam.de\/it\/wp-json\/wp\/v2\/product_brand?post=77277"},{"taxonomy":"product_cat","embeddable":true,"href":"https:\/\/www.soanam.de\/it\/wp-json\/wp\/v2\/product_cat?post=77277"},{"taxonomy":"product_tag","embeddable":true,"href":"https:\/\/www.soanam.de\/it\/wp-json\/wp\/v2\/product_tag?post=77277"}],"curies":[{"name":"wp","href":"https:\/\/api.w.org\/{rel}","templated":true}]}}