{"id":77153,"date":"2023-12-13T20:38:08","date_gmt":"2023-12-13T19:38:08","guid":{"rendered":"https:\/\/www.soanam.de\/?post_type=product&#038;p=77153"},"modified":"2023-12-13T20:47:39","modified_gmt":"2023-12-13T19:47:39","slug":"orologio-vestal-zr2-quarzo-in-acciaio-e-pelle-colore-marrone-modello-zr2023-br","status":"publish","type":"product","link":"https:\/\/www.soanam.de\/it\/produkt\/vestal-zr2-quarz-edelstahl-und-leder-casual-uhr-farbe-braun-modell-zr2023-br\/","title":{"rendered":"Vestal \"ZR2 Orologio casual al quarzo in acciaio e pelle, colore: marrone (Modello: zr2023. BR)"},"content":{"rendered":"<h3><strong>Descrizione del prodotto: <\/strong><\/h3>\n<p>Ispirato al fratello, lo ZR-2 Italian Leather \u00e8 tutto ci\u00f2 che lo ZR-3 ha da offrire, ma in una cassa pi\u00f9 piccola di 43 mm. Lo ZR-2 Rubber \u00e8 un cronografo premium rotondo di medie dimensioni. La struttura della cassa in acciaio inossidabile comprende un cristallo extra spesso in rilievo che si trova all'interno di una lunetta fissa angolare e di una placca logo avvitata. Queste caratteristiche, insieme alla protezione della corona e al design del pulsante di protezione, contribuiscono al suo sofisticato stile r\u00e9tro. Lo ZR-2 Rubber \u00e8 dotato di un cinturino in silicone di alta qualit\u00e0 con una solida fibbia in acciaio inossidabile.<\/p>\n<h3>Punti salienti:<\/h3>\n<p>- Movimento: cronografo premium a 6 lancette. Prodotto in Giappone<br \/>\n- Cinturino: larghezza 20 mm, ricamo in pelle premium italiana<br \/>\n- Diametro della cassa: 43 mm<br \/>\n- Impermeabile fino a: 100 m (330 piedi) in generale, adatto per il nuoto e lo snorkeling, ma non per le immersioni<\/p>\n<h3>Dettagli tecnici:<\/h3>\n<p>- Costruttore : Vestal<br \/>\n- Categoria : Unisex - Adulti<br \/>\n- Numero di modello: ZR2023.BR<br \/>\n- Dimensioni della confezione: 5,5 x 3,5 x 3,5 cm; 2,8 once<\/p>\n<h3>Dettagli:<\/h3>\n<p>- Guarda i dettagli<br \/>\n- Display: Analogico<br \/>\n- Colore del bracciale: marrone<br \/>\n- Materiale del cinturino: Pelle<br \/>\n- Numero articolo: ZR2023.BR<br \/>\n- Caratteristiche: antiurto<br \/>\n- Larghezza del bracciale: 20 millimetri<br \/>\n- Forma della custodia: rotonda<br \/>\n- Funzione della lunetta: Stazionaria<br \/>\n- Diametro della cassa: 41,5 millimetri<br \/>\n- Materiale della cassa: acciaio inossidabile (placcato oro)<br \/>\n- Peso: 2,8 once<br \/>\n- Vetro: minerale<br \/>\n- Altezza dell'alloggiamento: 12,4 millimetri<br \/>\n- Marchio: Vestal<br \/>\n- Materiale della lunetta: acciaio inossidabile<br \/>\n- Modello: ZR243L23.BR<br \/>\n- Movimento: quarzo giapponese<br \/>\n- Chiusura: Fibbia<br \/>\n- Certificazione di impermeabilit\u00e0: 100 m (330 piedi)<br \/>\n- Colore del quadrante: turchese<\/p>\n<h3>Ambito di fornitura:<\/h3>\n<p>Vestal ZR2, orologio casual al quarzo in acciaio e pelle, colore: marrone (modello: zr2023. BR)<\/p>","protected":false},"excerpt":{"rendered":"<h3>Caratteristiche dell'articolo<\/h3>\n<p>Condizione dell'articolo: Nuovo con etichetta: articolo nuovo, non usato e non indossato nella sua confezione originale.<\/p>\n<p>Abteilung: Unisex Erwachsene<br \/>\nAnzeigeformat: Analog<br \/>\nArmbandfarbe: Braun<br \/>\nArmbandmaterial: Leder<br \/>\nBesonderheiten: Chronograph, Chronometer<br \/>\nGeh\u00e4usematerial: Edelstahl<br \/>\nHerstellungsjahr: Ab 2010<br \/>\nIndividualisiert: Nein<br \/>\nL\u00fcnettenfarbe: Aluminum, Wei\u00df<br \/>\nMarke: Vestal<br \/>\nMit Original-Box\/Originalverpackung: Ja<br \/>\nMit Original-Papieren: Ja<br \/>\nModell: zr243l23<br \/>\nProduktart: Armbanduhr<br \/>\nReferenznummer: ZR2 - BRWH<br \/>\nStil: Klassisch, L\u00e4ssig, Sportlich, Taucher<br \/>\nUhrenform: Rund<br \/>\nUhrengeh\u00e4use-Farbe: Gold<br \/>\nUhrwerk: Quarz<br \/>\nWasserdichtigkeit: 100 m (10 ATM)<br \/>\nZifferblatt-Einteilung: Numerische \/ Analog<br \/>\nZifferblattfarbe: T\u00fcrkis<\/p>","protected":false},"featured_media":77305,"comment_status":"open","ping_status":"closed","template":"","meta":{"_seopress_robots_primary_cat":"","_seopress_titles_title":"","_seopress_titles_desc":"","_seopress_robots_index":""},"product_brand":[],"product_cat":[1345,1388],"product_tag":[],"class_list":{"0":"post-77153","1":"product","2":"type-product","3":"status-publish","4":"has-post-thumbnail","6":"product_cat-herrenmode","7":"product_cat-uhren","8":"product_shipping_class-standard-versand","10":"first","11":"instock","12":"sale","13":"taxable","14":"shipping-taxable","15":"purchasable","16":"product-type-simple"},"_links":{"self":[{"href":"https:\/\/www.soanam.de\/it\/wp-json\/wp\/v2\/product\/77153","targetHints":{"allow":["GET"]}}],"collection":[{"href":"https:\/\/www.soanam.de\/it\/wp-json\/wp\/v2\/product"}],"about":[{"href":"https:\/\/www.soanam.de\/it\/wp-json\/wp\/v2\/types\/product"}],"replies":[{"embeddable":true,"href":"https:\/\/www.soanam.de\/it\/wp-json\/wp\/v2\/comments?post=77153"}],"wp:featuredmedia":[{"embeddable":true,"href":"https:\/\/www.soanam.de\/it\/wp-json\/wp\/v2\/media\/77305"}],"wp:attachment":[{"href":"https:\/\/www.soanam.de\/it\/wp-json\/wp\/v2\/media?parent=77153"}],"wp:term":[{"taxonomy":"product_brand","embeddable":true,"href":"https:\/\/www.soanam.de\/it\/wp-json\/wp\/v2\/product_brand?post=77153"},{"taxonomy":"product_cat","embeddable":true,"href":"https:\/\/www.soanam.de\/it\/wp-json\/wp\/v2\/product_cat?post=77153"},{"taxonomy":"product_tag","embeddable":true,"href":"https:\/\/www.soanam.de\/it\/wp-json\/wp\/v2\/product_tag?post=77153"}],"curies":[{"name":"wp","href":"https:\/\/api.w.org\/{rel}","templated":true}]}}