{"id":77121,"date":"2023-12-13T20:36:56","date_gmt":"2023-12-13T19:36:56","guid":{"rendered":"https:\/\/www.soanam.de\/?post_type=product&#038;p=77121"},"modified":"2023-12-13T20:47:03","modified_gmt":"2023-12-13T19:47:03","slug":"woolrich-arctic-parka-nf-piumino-per-ragazzi","status":"publish","type":"product","link":"https:\/\/www.soanam.de\/it\/produkt\/woolrich-arctic-parka-nf-daunenjacke-fuer-jungen\/","title":{"rendered":"Woolrich Arctic Parka NF, piumino per ragazzi"},"content":{"rendered":"<p>Woolrich - Der Arctic Parka NF, der l\u00e4ssige Unisex Parka von Woolrich ohne Fell. Locker geschnitten und mit vielen Taschen, wie der Arctic Parka FC!<\/p>\n<h3>dettagli<\/h3>\n<ul>\n<li>Parka<\/li>\n<li>Vestibilit\u00e0 dritta<\/li>\n<li>Antivento e idrorepellente grazie al rivestimento in Teflon fino a -20\u00b0C<\/li>\n<li>Foderato con vera piuma e piumino<\/li>\n<li>Con cerniera bidirezionale e abbottonatura<\/li>\n<li>Collo alto con cappuccio<\/li>\n<li>Ampie tasche applicate con bottoni<\/li>\n<li>Tasche anteriori supplementari con bottoni a pressione<\/li>\n<li>Protezione dal vento alle estremit\u00e0 delle maniche<\/li>\n<li>Logo Woolrich sul colletto<\/li>\n<\/ul>\n<h3>Suggerimento<\/h3>\n<p>La dimensione 14 anni (164), si adatta alle signore con vestito taglia XS e S<br \/>\nTaglia leggermente pi\u00f9 grande del normale<\/p>\n<h3>Materiale e cura<\/h3>\n<p>Esterno: cotone 60%, nylon 40%,<br \/>\nInterno: nylon 100%,<br \/>\nFodera: 70% piumino, 30% piume<br \/>\nLavaggio in lavatrice<\/p>\n<h3>Attenzione<\/h3>\n<p>Si tratta di un articolo nuovo e non indossato, ma con lievi danni da trasporto, motivo per cui l'articolo \u00e8 ridotto di 10%.<br \/>\nCome si pu\u00f2 vedere nelle immagini 4 e 5, uno dei pulsanti \u00e8 danneggiato e un pulsante \u00e8 mancante.<br \/>\nTuttavia, viene fornito un pulsante di ricambio.<\/p>","protected":false},"excerpt":{"rendered":"<h3>Caratteristiche dell'articolo<\/h3>\n<p>Condizione dell'articolo: Nuovo con etichetta: articolo nuovo, non usato e non indossato nella sua confezione originale.<\/p>\n<p>Abteilung: Jungen<br \/>\nAktivit\u00e4t: Spazieren<br \/>\nAnlass: Freizeit<br \/>\nAu\u00dfenmaterial: 60% Baumwolle, 40% Nylon<br \/>\nBesonderheiten: Wind- und Wasserabweisend<br \/>\nEAN: 8056592124121<br \/>\nColore: nero<br \/>\nGewebeart: Mischgewebe<br \/>\nGr\u00f6\u00dfe: 164<br \/>\nIsoliermaterial: Daunen<br \/>\nJahreszeit: Winter<br \/>\nMarke: Parka<br \/>\nModell: Woolrich Arctic<br \/>\nTipo di prodotto: Giacca<br \/>\nStil: Daunenjacke<br \/>\nThema: Winter<br \/>\nChiusura: chiusura a zip<br \/>\nVintage: Nein<\/p>","protected":false},"featured_media":77281,"comment_status":"open","ping_status":"closed","template":"","meta":{"_seopress_robots_primary_cat":"","_seopress_titles_title":"","_seopress_titles_desc":"","_seopress_robots_index":""},"product_brand":[],"product_cat":[1351,1390,1392],"product_tag":[],"class_list":{"0":"post-77121","1":"product","2":"type-product","3":"status-publish","4":"has-post-thumbnail","6":"product_cat-kindermode","7":"product_cat-jacken-maentel-kindermode","8":"product_cat-parkas-winterjacken-jacken-maentel-kindermode","9":"product_shipping_class-standard-versand","11":"first","12":"instock","13":"sale","14":"taxable","15":"shipping-taxable","16":"purchasable","17":"product-type-simple"},"_links":{"self":[{"href":"https:\/\/www.soanam.de\/it\/wp-json\/wp\/v2\/product\/77121","targetHints":{"allow":["GET"]}}],"collection":[{"href":"https:\/\/www.soanam.de\/it\/wp-json\/wp\/v2\/product"}],"about":[{"href":"https:\/\/www.soanam.de\/it\/wp-json\/wp\/v2\/types\/product"}],"replies":[{"embeddable":true,"href":"https:\/\/www.soanam.de\/it\/wp-json\/wp\/v2\/comments?post=77121"}],"wp:featuredmedia":[{"embeddable":true,"href":"https:\/\/www.soanam.de\/it\/wp-json\/wp\/v2\/media\/77281"}],"wp:attachment":[{"href":"https:\/\/www.soanam.de\/it\/wp-json\/wp\/v2\/media?parent=77121"}],"wp:term":[{"taxonomy":"product_brand","embeddable":true,"href":"https:\/\/www.soanam.de\/it\/wp-json\/wp\/v2\/product_brand?post=77121"},{"taxonomy":"product_cat","embeddable":true,"href":"https:\/\/www.soanam.de\/it\/wp-json\/wp\/v2\/product_cat?post=77121"},{"taxonomy":"product_tag","embeddable":true,"href":"https:\/\/www.soanam.de\/it\/wp-json\/wp\/v2\/product_tag?post=77121"}],"curies":[{"name":"wp","href":"https:\/\/api.w.org\/{rel}","templated":true}]}}