{"id":77056,"date":"2023-12-13T20:33:50","date_gmt":"2023-12-13T19:33:50","guid":{"rendered":"https:\/\/www.soanam.de\/?post_type=product&#038;p=77056"},"modified":"2023-12-13T20:45:32","modified_gmt":"2023-12-13T19:45:32","slug":"mans-world-cargohose-mit-guertel-und-zip-off-funktion-in-grau-groesse-58","status":"publish","type":"product","link":"https:\/\/www.soanam.de\/it\/produkt\/mans-world-cargohose-mit-guertel-und-zip-off-funktion-in-grau-groesse-58\/","title":{"rendered":"Pantaloni cargo World da uomo con cintura e funzione zip-off, in grigio, taglia 58"},"content":{"rendered":"<p>Gargohose von Man's World<br \/>\nWird per Zippfunktion zur Shorts<br \/>\nHochwertige Baumwollqualit\u00e4t f\u00fcr h\u00f6chsten Tragekomfort<br \/>\nBequem gerades Bein, niedrigere Leibh\u00f6he, Comfort-fit<br \/>\nMit Textilbandg\u00fcrtel<\/p>\n<p>Die Cargohose von Man\u2019s World hat eine Zippfunktion, die aus der langen Hose eine Shorts macht. Der typische Look mit vielen Taschen, die Stauraum f\u00fcr allerlei Dinge bieten, wird abgerundet durch einen Textilbandg\u00fcrtel. Die Hose bietet einen bequemen Sitz, eine niedrigere Leibh\u00f6he, gerade Beine und eine hochwertige Baumwollqualit\u00e4t, mit h\u00f6chstem Tragekomfort.<\/p>\n<p>Materiale: cotone 100%<br \/>\nIstruzioni per la cura: Lavabile in lavatrice a 40\u00b0<\/p>\n<p>Colore: grigio<br \/>\nGr\u00f6\u00dfe: 58<\/p>\n<p>Misura della vita: 108 cm<br \/>\nH\u00fcftumfang: 126cm<br \/>\nSchrittl\u00e4nge:88cm<br \/>\nLunghezza totale: 116 cm<\/p>","protected":false},"excerpt":{"rendered":"<table class=\"dv_characteristicsTable\">\n<tbody>\n<tr>\n<td class=\"left\">Dimensione<\/td>\n<td>58<\/td>\n<\/tr>\n<tr>\n<td class=\"left\">Gr\u00f6\u00dfentyp<\/td>\n<td>Normalgr\u00f6\u00dfen<\/td>\n<\/tr>\n<tr>\n<td class=\"left\">Composizione del materiale<\/td>\n<td>Obermaterial: 100% Baumwolle<\/td>\n<\/tr>\n<tr>\n<td class=\"left\">Istruzioni per la cura<\/td>\n<td>Lavaggio in lavatrice<\/td>\n<\/tr>\n<tr>\n<td class=\"left\">Optik<\/td>\n<td>unifarben<\/td>\n<\/tr>\n<tr>\n<td class=\"left\">Stil<\/td>\n<td>casual<\/td>\n<\/tr>\n<tr>\n<td class=\"left\">Colore<\/td>\n<td>grau<\/td>\n<\/tr>\n<tr>\n<td class=\"left\">Leibh\u00f6he<\/td>\n<td>niedriger<\/td>\n<\/tr>\n<tr>\n<td class=\"left\">Beinabschluss<\/td>\n<td>gerader Abschluss<\/td>\n<\/tr>\n<tr>\n<td class=\"left\">Beinform<\/td>\n<td>gerade<\/td>\n<\/tr>\n<tr>\n<td class=\"left\">In forma<\/td>\n<td>bequem<\/td>\n<\/tr>\n<tr>\n<td class=\"left\">Schnittform L\u00e4nge<\/td>\n<td>lang<\/td>\n<\/tr>\n<tr>\n<td class=\"left\">Borse<\/td>\n<td>Cargotaschen, Eingrifftaschen, Ges\u00e4\u00dftaschen<\/td>\n<\/tr>\n<tr>\n<td class=\"left\">Verschluss<\/td>\n<td>Chiusura a zip<\/td>\n<\/tr>\n<tr>\n<td class=\"left\">Besondere Merkmale<\/td>\n<td>mit Zip-Off Funktion<\/td>\n<\/tr>\n<\/tbody>\n<\/table>","protected":false},"featured_media":77241,"comment_status":"open","ping_status":"closed","template":"","meta":{"_seopress_robots_primary_cat":"","_seopress_titles_title":"","_seopress_titles_desc":"","_seopress_robots_index":""},"product_brand":[],"product_cat":[1345,1346,1384],"product_tag":[],"class_list":{"0":"post-77056","1":"product","2":"type-product","3":"status-publish","4":"has-post-thumbnail","6":"product_cat-herrenmode","7":"product_cat-hosen","8":"product_cat-cargohosen","9":"product_shipping_class-standard-versand","11":"first","12":"instock","13":"taxable","14":"shipping-taxable","15":"purchasable","16":"product-type-simple"},"_links":{"self":[{"href":"https:\/\/www.soanam.de\/it\/wp-json\/wp\/v2\/product\/77056","targetHints":{"allow":["GET"]}}],"collection":[{"href":"https:\/\/www.soanam.de\/it\/wp-json\/wp\/v2\/product"}],"about":[{"href":"https:\/\/www.soanam.de\/it\/wp-json\/wp\/v2\/types\/product"}],"replies":[{"embeddable":true,"href":"https:\/\/www.soanam.de\/it\/wp-json\/wp\/v2\/comments?post=77056"}],"wp:featuredmedia":[{"embeddable":true,"href":"https:\/\/www.soanam.de\/it\/wp-json\/wp\/v2\/media\/77241"}],"wp:attachment":[{"href":"https:\/\/www.soanam.de\/it\/wp-json\/wp\/v2\/media?parent=77056"}],"wp:term":[{"taxonomy":"product_brand","embeddable":true,"href":"https:\/\/www.soanam.de\/it\/wp-json\/wp\/v2\/product_brand?post=77056"},{"taxonomy":"product_cat","embeddable":true,"href":"https:\/\/www.soanam.de\/it\/wp-json\/wp\/v2\/product_cat?post=77056"},{"taxonomy":"product_tag","embeddable":true,"href":"https:\/\/www.soanam.de\/it\/wp-json\/wp\/v2\/product_tag?post=77056"}],"curies":[{"name":"wp","href":"https:\/\/api.w.org\/{rel}","templated":true}]}}