{"id":77055,"date":"2023-12-13T20:33:50","date_gmt":"2023-12-13T19:33:50","guid":{"rendered":"https:\/\/www.soanam.de\/?post_type=product&#038;p=77055"},"modified":"2023-12-13T20:44:47","modified_gmt":"2023-12-13T19:44:47","slug":"mans-world-stretchhose-mit-dehnbund-in-blau-groesse-72","status":"publish","type":"product","link":"https:\/\/www.soanam.de\/it\/produkt\/mans-world-stretchhose-mit-dehnbund-in-blau-groesse-72\/","title":{"rendered":"Pantaloni elasticizzati Man's World con elastico in vita, in blu, taglia 72"},"content":{"rendered":"<p>Hoher Tragekomfort durch Dehnbund<br \/>\nBequeme Passform durch Stretch<br \/>\nComfort-fit, Gerades Bein, normale Leibh\u00f6he<\/p>\n<p>Im 5-Pocket-Style und mit wunderbar komfortablem Dehnbund besticht diese Hose von Man\u2019s World mit einem bequem-l\u00e4ssigen Hosendesign, das auch durch den geraden Schnitt und die hochwertige, formstabile Baumwollmischung einen perfekten Tragekomfort garantiert. Der Bund weist G\u00fcrtelschlaufen mit elastischen Eins\u00e4tzen auf.<\/p>\n<p>Materiale: 98% cotone, 2% elastan<br \/>\nIstruzioni per la cura: Lavabile in lavatrice a 40\u00b0<\/p>\n<p>Colore: blu<br \/>\nGr\u00f6\u00dfe: Normalgr\u00f6\u00dfe|Untersetztgr\u00f6\u00dfe: 72<\/p>\n<p>Bundweite: 128cm<br \/>\nH\u00fcftumfang: 148cm<br \/>\nSchrittl\u00e4nge:93cm<br \/>\nGesamtl\u00e4nge: 125cm<\/p>","protected":false},"excerpt":{"rendered":"<table class=\"dv_characteristicsTable\">\n<tbody>\n<tr>\n<td class=\"left\">Dimensione<\/td>\n<td>72<\/td>\n<\/tr>\n<tr>\n<td class=\"left\">Gr\u00f6\u00dfentyp<\/td>\n<td>Normalgr\u00f6\u00dfen, Untersetztgr\u00f6\u00dfen<\/td>\n<\/tr>\n<tr>\n<td class=\"left\">Composizione del materiale<\/td>\n<td>Obermaterial: 98% Baumwolle, 2% Elasthan<\/td>\n<\/tr>\n<tr>\n<td class=\"left\">Istruzioni per la cura<\/td>\n<td>Lavaggio in lavatrice<\/td>\n<\/tr>\n<tr>\n<td class=\"left\">Stil<\/td>\n<td>casual<\/td>\n<\/tr>\n<tr>\n<td class=\"left\">Colore<\/td>\n<td>blau<\/td>\n<\/tr>\n<tr>\n<td class=\"left\">Leibh\u00f6he<\/td>\n<td>normal<\/td>\n<\/tr>\n<tr>\n<td class=\"left\">Beinform<\/td>\n<td>gerade<\/td>\n<\/tr>\n<tr>\n<td class=\"left\">In forma<\/td>\n<td>bequem<\/td>\n<\/tr>\n<tr>\n<td class=\"left\">Schnittform L\u00e4nge<\/td>\n<td>lang<\/td>\n<\/tr>\n<tr>\n<td class=\"left\">Passanti per cintura<\/td>\n<td>ja<\/td>\n<\/tr>\n<tr>\n<td class=\"left\">Borse<\/td>\n<td>Eingrifftaschen, Coinpocket, Ges\u00e4\u00dftaschen<\/td>\n<\/tr>\n<tr>\n<td class=\"left\">Verschluss<\/td>\n<td>Knopf, Rei\u00dfverschluss<\/td>\n<\/tr>\n<tr>\n<td class=\"left\">Verschlussdetails<\/td>\n<td>verdeckt<\/td>\n<\/tr>\n<tr>\n<td class=\"left\">Besondere Merkmale<\/td>\n<td>Stretchhose mit Dehnbund<\/td>\n<\/tr>\n<\/tbody>\n<\/table>","protected":false},"featured_media":77235,"comment_status":"open","ping_status":"closed","template":"","meta":{"_seopress_robots_primary_cat":"","_seopress_titles_title":"","_seopress_titles_desc":"","_seopress_robots_index":""},"product_brand":[],"product_cat":[1345,1346,1383],"product_tag":[],"class_list":{"0":"post-77055","1":"product","2":"type-product","3":"status-publish","4":"has-post-thumbnail","6":"product_cat-herrenmode","7":"product_cat-hosen","8":"product_cat-stoffhosen","9":"product_shipping_class-standard-versand","11":"first","12":"instock","13":"sale","14":"taxable","15":"shipping-taxable","16":"purchasable","17":"product-type-simple"},"_links":{"self":[{"href":"https:\/\/www.soanam.de\/it\/wp-json\/wp\/v2\/product\/77055","targetHints":{"allow":["GET"]}}],"collection":[{"href":"https:\/\/www.soanam.de\/it\/wp-json\/wp\/v2\/product"}],"about":[{"href":"https:\/\/www.soanam.de\/it\/wp-json\/wp\/v2\/types\/product"}],"replies":[{"embeddable":true,"href":"https:\/\/www.soanam.de\/it\/wp-json\/wp\/v2\/comments?post=77055"}],"wp:featuredmedia":[{"embeddable":true,"href":"https:\/\/www.soanam.de\/it\/wp-json\/wp\/v2\/media\/77235"}],"wp:attachment":[{"href":"https:\/\/www.soanam.de\/it\/wp-json\/wp\/v2\/media?parent=77055"}],"wp:term":[{"taxonomy":"product_brand","embeddable":true,"href":"https:\/\/www.soanam.de\/it\/wp-json\/wp\/v2\/product_brand?post=77055"},{"taxonomy":"product_cat","embeddable":true,"href":"https:\/\/www.soanam.de\/it\/wp-json\/wp\/v2\/product_cat?post=77055"},{"taxonomy":"product_tag","embeddable":true,"href":"https:\/\/www.soanam.de\/it\/wp-json\/wp\/v2\/product_tag?post=77055"}],"curies":[{"name":"wp","href":"https:\/\/api.w.org\/{rel}","templated":true}]}}