{"id":77043,"date":"2023-12-13T20:33:25","date_gmt":"2023-12-13T19:33:25","guid":{"rendered":"https:\/\/www.soanam.de\/?post_type=product&#038;p=77043"},"modified":"2023-12-13T20:43:49","modified_gmt":"2023-12-13T19:43:49","slug":"vero-moda-roehren-jeans-vmsophia-in-light-blue-denim-groesse-l","status":"publish","type":"product","link":"https:\/\/www.soanam.de\/it\/produkt\/vero-moda-roehren-jeans-vmsophia-in-light-blue-denim-groesse-l\/","title":{"rendered":"Jeans skinny Vero Moda VMSOPHIA, in denim azzurro, taglia L"},"content":{"rendered":"<p>Skinny-Jeans von VERO MODA<br \/>\nModische High-Waist Form<br \/>\nStile 5 tasche<br \/>\nAus super softem Stretch-Denim<\/p>\n<p>Die Jeans VMSophia von Vero Moda \u00fcberzeugt mit stilvollem Design und weicher Denim-Stretchqualit\u00e4t. Diese sorgt zusammen mit der schmalen Passform f\u00fcr eine perfekt betonte Silhouette und h\u00f6chst angenehmen Tragekomfort. Klassische Details wie der Zip-Fly-Verschluss und der 5-Pocket-Style \u00fcberzeugen.Ein Labelpatch am Bund hinten und die dezente Used-Waschung runden den modernen Look ab.<\/p>\n<p>Material: 85% Baumwolle, 13% Polyester, 2% Elasthan<br \/>\nIstruzioni per la cura: Lavabile in lavatrice a 40\u00b0<\/p>\n<p>Farbe: light blue denim<br \/>\nGr\u00f6\u00dfe: L L32<\/p>\n<p>Misura della vita: 76 cm<br \/>\nCirconferenza dell'anca: 86 cm<br \/>\nLunghezza del gradino: 74 cm<br \/>\nLunghezza totale: 100 cm<\/p>\n<p>&nbsp;<\/p>\n<p>Questo nuovo articolo \u00e8 un reso del cliente senza etichetta.<\/p>","protected":false},"excerpt":{"rendered":"<table class=\"dv_characteristicsTable\">\n<tbody>\n<tr>\n<td class=\"left\">Dimensione<\/td>\n<td>L<\/td>\n<\/tr>\n<tr>\n<td class=\"left\">Hosenl\u00e4nge<\/td>\n<td>32<\/td>\n<\/tr>\n<tr>\n<td class=\"left\">Composizione del materiale<\/td>\n<td>Obermaterial: 85% Baumwolle, 13% Polyester, 2% Elasthan<\/td>\n<\/tr>\n<tr>\n<td class=\"left\">Materialart<\/td>\n<td>Denim<\/td>\n<\/tr>\n<tr>\n<td class=\"left\">Materialeigenschaften<\/td>\n<td>Stretch<\/td>\n<\/tr>\n<tr>\n<td class=\"left\">Istruzioni per la cura<\/td>\n<td>Lavaggio in lavatrice<\/td>\n<\/tr>\n<tr>\n<td class=\"left\">Stil<\/td>\n<td>modisch<\/td>\n<\/tr>\n<tr>\n<td class=\"left\">Herstellerfarbbezeichnung<\/td>\n<td>light blue denim<\/td>\n<\/tr>\n<tr>\n<td class=\"left\">Colore<\/td>\n<td>light, blue, denim<\/td>\n<\/tr>\n<tr>\n<td class=\"left\">Leibh\u00f6he<\/td>\n<td>hoch<\/td>\n<\/tr>\n<tr>\n<td class=\"left\">Beinform<\/td>\n<td>schmal<\/td>\n<\/tr>\n<tr>\n<td class=\"left\">In forma<\/td>\n<td>skinny fit<\/td>\n<\/tr>\n<tr>\n<td class=\"left\">Verschluss<\/td>\n<td>Knopf, Rei\u00dfverschluss<\/td>\n<\/tr>\n<\/tbody>\n<\/table>","protected":false},"featured_media":77219,"comment_status":"open","ping_status":"closed","template":"","meta":{"_seopress_robots_primary_cat":"","_seopress_titles_title":"","_seopress_titles_desc":"","_seopress_robots_index":""},"product_brand":[],"product_cat":[1348,1349,1350],"product_tag":[],"class_list":{"0":"post-77043","1":"product","2":"type-product","3":"status-publish","4":"has-post-thumbnail","6":"product_cat-damen-mode","7":"product_cat-hosen-damen-mode","8":"product_cat-jeans-hosen-damen-mode","9":"product_shipping_class-standard-versand","11":"first","12":"instock","13":"taxable","14":"shipping-taxable","15":"purchasable","16":"product-type-simple"},"_links":{"self":[{"href":"https:\/\/www.soanam.de\/it\/wp-json\/wp\/v2\/product\/77043","targetHints":{"allow":["GET"]}}],"collection":[{"href":"https:\/\/www.soanam.de\/it\/wp-json\/wp\/v2\/product"}],"about":[{"href":"https:\/\/www.soanam.de\/it\/wp-json\/wp\/v2\/types\/product"}],"replies":[{"embeddable":true,"href":"https:\/\/www.soanam.de\/it\/wp-json\/wp\/v2\/comments?post=77043"}],"wp:featuredmedia":[{"embeddable":true,"href":"https:\/\/www.soanam.de\/it\/wp-json\/wp\/v2\/media\/77219"}],"wp:attachment":[{"href":"https:\/\/www.soanam.de\/it\/wp-json\/wp\/v2\/media?parent=77043"}],"wp:term":[{"taxonomy":"product_brand","embeddable":true,"href":"https:\/\/www.soanam.de\/it\/wp-json\/wp\/v2\/product_brand?post=77043"},{"taxonomy":"product_cat","embeddable":true,"href":"https:\/\/www.soanam.de\/it\/wp-json\/wp\/v2\/product_cat?post=77043"},{"taxonomy":"product_tag","embeddable":true,"href":"https:\/\/www.soanam.de\/it\/wp-json\/wp\/v2\/product_tag?post=77043"}],"curies":[{"name":"wp","href":"https:\/\/api.w.org\/{rel}","templated":true}]}}