{"id":77030,"date":"2023-12-13T20:32:21","date_gmt":"2023-12-13T19:32:21","guid":{"rendered":"https:\/\/www.soanam.de\/?post_type=product&#038;p=77030"},"modified":"2023-12-13T20:42:38","modified_gmt":"2023-12-13T19:42:38","slug":"ba-sh-maxi-abito-in-look-metallico-in-beige-marrone-taglia-l","status":"publish","type":"product","link":"https:\/\/www.soanam.de\/it\/produkt\/ba-sh-maxikleid-im-metallic-look-in-beige-braun-groesse-l\/","title":{"rendered":"Maxi abito Ba &amp; Sh in look metallizzato, in beige-marrone, taglia L"},"content":{"rendered":"<h3>dettagli<\/h3>\n<ul>\n<li>Abito lungo<\/li>\n<li>Abito da festa<\/li>\n<li>Metallico<\/li>\n<li>Stampato<\/li>\n<li>Scollo profondo<\/li>\n<li>Abbottonato<\/li>\n<li>Schiena smocked<\/li>\n<li>Foderato<\/li>\n<li>Tessuto non elastico<\/li>\n<li>Lungo spacco sul davanti<\/li>\n<\/ul>\n<h3><strong>Materiale e cura<\/strong><\/h3>\n<ul>\n<li>Tessuto esterno: 91% viscosa, 9% fibra metallica<\/li>\n<li>Fodera: viscosa 100%<\/li>\n<li>Cura: lavare a mano o a secco<\/li>\n<\/ul>","protected":false},"excerpt":{"rendered":"<h3>Caratteristiche dell'articolo<\/h3>\n<p>Condizione dell'articolo: Nuovo con etichetta: articolo nuovo, non usato e non indossato nella sua confezione originale.<\/p>\n<p>Abteilung: Damen<br \/>\nAnlass: Elegant<br \/>\n\u00c4rmelart: Flatter\u00e4rmel<br \/>\nLunghezza della manica: manica corta<br \/>\nScollo: Scollo a V<br \/>\nCharakter: ohne<br \/>\nColore: Beige<br \/>\nGewebeart: Chiffon<br \/>\nTaglia: L<br \/>\nGr\u00f6\u00dfenkategorie: Normalgr\u00f6\u00dfe<br \/>\nJahreszeit: Sommer<br \/>\nKleiderl\u00e4nge: Lang<br \/>\nMarke: ba&amp;sh<br \/>\nMaterial: Viskose<br \/>\nMuster: Druck<br \/>\nStil: Maxikleid<br \/>\nThema: Festlich<br \/>\nVerschluss: Kn\u00f6pfe<br \/>\nVintage: Nein<\/p>","protected":false},"featured_media":77209,"comment_status":"open","ping_status":"closed","template":"","meta":{"_seopress_robots_primary_cat":"","_seopress_titles_title":"","_seopress_titles_desc":"","_seopress_robots_index":""},"product_brand":[],"product_cat":[1348,1379,1380],"product_tag":[],"class_list":{"0":"post-77030","1":"product","2":"type-product","3":"status-publish","4":"has-post-thumbnail","6":"product_cat-damen-mode","7":"product_cat-kleider","8":"product_cat-abendkleider","9":"product_shipping_class-standard-versand","11":"first","12":"instock","13":"sale","14":"taxable","15":"shipping-taxable","16":"purchasable","17":"product-type-simple"},"_links":{"self":[{"href":"https:\/\/www.soanam.de\/it\/wp-json\/wp\/v2\/product\/77030","targetHints":{"allow":["GET"]}}],"collection":[{"href":"https:\/\/www.soanam.de\/it\/wp-json\/wp\/v2\/product"}],"about":[{"href":"https:\/\/www.soanam.de\/it\/wp-json\/wp\/v2\/types\/product"}],"replies":[{"embeddable":true,"href":"https:\/\/www.soanam.de\/it\/wp-json\/wp\/v2\/comments?post=77030"}],"wp:featuredmedia":[{"embeddable":true,"href":"https:\/\/www.soanam.de\/it\/wp-json\/wp\/v2\/media\/77209"}],"wp:attachment":[{"href":"https:\/\/www.soanam.de\/it\/wp-json\/wp\/v2\/media?parent=77030"}],"wp:term":[{"taxonomy":"product_brand","embeddable":true,"href":"https:\/\/www.soanam.de\/it\/wp-json\/wp\/v2\/product_brand?post=77030"},{"taxonomy":"product_cat","embeddable":true,"href":"https:\/\/www.soanam.de\/it\/wp-json\/wp\/v2\/product_cat?post=77030"},{"taxonomy":"product_tag","embeddable":true,"href":"https:\/\/www.soanam.de\/it\/wp-json\/wp\/v2\/product_tag?post=77030"}],"curies":[{"name":"wp","href":"https:\/\/api.w.org\/{rel}","templated":true}]}}