{"id":77029,"date":"2023-12-13T20:32:20","date_gmt":"2023-12-13T19:32:20","guid":{"rendered":"https:\/\/www.soanam.de\/?post_type=product&#038;p=77029"},"modified":"2023-12-13T20:42:28","modified_gmt":"2023-12-13T19:42:28","slug":"h-i-s-jeans-dix-straight-fit-grigio-usato-w33xl32","status":"publish","type":"product","link":"https:\/\/www.soanam.de\/it\/produkt\/h-i-s-jeans-dix-straight-fit-in-grey-used-w33xl32\/","title":{"rendered":"H.I.S Jeans DIX, taglio dritto, in grigio usato, W33xL32"},"content":{"rendered":"<p>Taglio dritto\/ forma dritta<br \/>\nGamba dritta, vita bassa<br \/>\nCon elastan per una vestibilit\u00e0 perfetta<br \/>\nStampa sulla tasca portamonete<\/p>\n<p>La vestibilit\u00e0 dritta dei jeans DIX \u00e8 leggermente ampia e si adatta anche alle corporature pi\u00f9 grandi.<br \/>\nIl materiale in cotone elasticizzato del denim \u00e8 facile da curare e super confortevole da indossare.<br \/>\nOgni paio di jeans HIS \u00e8 prodotto con un processo di tintura e lavaggio a risparmio idrico.<\/p>\n<p>Materiale: 55% cotone, 21% poliestere, 14% Lyocell TENCEL\u2122, 9% viscosa, 1% elastan<br \/>\nIstruzioni per la cura: Lavabile in lavatrice a 40\u00b0<\/p>\n<p>Colore: grigio, usato<br \/>\nDimensioni: L33 L32<\/p>\n<p>Misura della vita: 87 cm<br \/>\nCirconferenza dell'anca: 104 cm<br \/>\nLunghezza del gradino: 82 cm<br \/>\nLunghezza totale: 111 cm<\/p>","protected":false},"excerpt":{"rendered":"<table class=\"dv_characteristicsTable\">\n<tbody>\n<tr>\n<td class=\"left\">Dimensione<\/td>\n<td>33<\/td>\n<\/tr>\n<tr>\n<td class=\"left\">Hosenl\u00e4nge<\/td>\n<td>32<\/td>\n<\/tr>\n<tr>\n<td class=\"left\">Composizione del materiale<\/td>\n<td>Obermaterial: 55% Baumwolle\u00a0, 21% Polyester, 14% Lyocell\u202fTENCEL\u2122, 9% Viskose, 1% Elasthan<\/td>\n<\/tr>\n<tr>\n<td class=\"left\">Materialart<\/td>\n<td>Denim<\/td>\n<\/tr>\n<tr>\n<td class=\"left\">Materialeigenschaften<\/td>\n<td>elastisch<\/td>\n<\/tr>\n<tr>\n<td class=\"left\">Istruzioni per la cura<\/td>\n<td>Lavaggio in lavatrice<\/td>\n<\/tr>\n<tr>\n<td class=\"left\">Stil<\/td>\n<td>modisch<\/td>\n<\/tr>\n<tr>\n<td class=\"left\">Waschung<\/td>\n<td>used<\/td>\n<\/tr>\n<tr>\n<td class=\"left\">Colore<\/td>\n<td>grigio, usato<\/td>\n<\/tr>\n<tr>\n<td class=\"left\">Leibh\u00f6he<\/td>\n<td>niedriger<\/td>\n<\/tr>\n<tr>\n<td class=\"left\">Beinform<\/td>\n<td>gerade<\/td>\n<\/tr>\n<tr>\n<td class=\"left\">In forma<\/td>\n<td>normal<\/td>\n<\/tr>\n<tr>\n<td class=\"left\">Schnittform L\u00e4nge<\/td>\n<td>lang<\/td>\n<\/tr>\n<tr>\n<td class=\"left\">Passanti per cintura<\/td>\n<td>ja<\/td>\n<\/tr>\n<tr>\n<td class=\"left\">Applikationen<\/td>\n<td>Print<\/td>\n<\/tr>\n<tr>\n<td class=\"left\">Borse<\/td>\n<td>Eingrifftaschen, Coinpocket, Ges\u00e4\u00dftaschen<\/td>\n<\/tr>\n<tr>\n<td class=\"left\">Verschluss<\/td>\n<td>Chiusura a zip<\/td>\n<\/tr>\n<tr>\n<td class=\"left\">Besondere Merkmale<\/td>\n<td>Nachhaltige, wassersparende Produktion durch OZON WASH<\/td>\n<\/tr>\n<\/tbody>\n<\/table>","protected":false},"featured_media":77203,"comment_status":"open","ping_status":"closed","template":"","meta":{"_seopress_robots_primary_cat":"","_seopress_titles_title":"","_seopress_titles_desc":"","_seopress_robots_index":""},"product_brand":[],"product_cat":[1345,1346,1347],"product_tag":[],"class_list":{"0":"post-77029","1":"product","2":"type-product","3":"status-publish","4":"has-post-thumbnail","6":"product_cat-herrenmode","7":"product_cat-hosen","8":"product_cat-jeans","9":"product_shipping_class-standard-versand","11":"first","12":"instock","13":"sale","14":"taxable","15":"shipping-taxable","16":"purchasable","17":"product-type-simple"},"_links":{"self":[{"href":"https:\/\/www.soanam.de\/it\/wp-json\/wp\/v2\/product\/77029","targetHints":{"allow":["GET"]}}],"collection":[{"href":"https:\/\/www.soanam.de\/it\/wp-json\/wp\/v2\/product"}],"about":[{"href":"https:\/\/www.soanam.de\/it\/wp-json\/wp\/v2\/types\/product"}],"replies":[{"embeddable":true,"href":"https:\/\/www.soanam.de\/it\/wp-json\/wp\/v2\/comments?post=77029"}],"wp:featuredmedia":[{"embeddable":true,"href":"https:\/\/www.soanam.de\/it\/wp-json\/wp\/v2\/media\/77203"}],"wp:attachment":[{"href":"https:\/\/www.soanam.de\/it\/wp-json\/wp\/v2\/media?parent=77029"}],"wp:term":[{"taxonomy":"product_brand","embeddable":true,"href":"https:\/\/www.soanam.de\/it\/wp-json\/wp\/v2\/product_brand?post=77029"},{"taxonomy":"product_cat","embeddable":true,"href":"https:\/\/www.soanam.de\/it\/wp-json\/wp\/v2\/product_cat?post=77029"},{"taxonomy":"product_tag","embeddable":true,"href":"https:\/\/www.soanam.de\/it\/wp-json\/wp\/v2\/product_tag?post=77029"}],"curies":[{"name":"wp","href":"https:\/\/api.w.org\/{rel}","templated":true}]}}