{"id":77027,"date":"2023-12-13T20:32:19","date_gmt":"2023-12-13T19:32:19","guid":{"rendered":"https:\/\/www.soanam.de\/?post_type=product&#038;p=77027"},"modified":"2023-12-13T20:41:37","modified_gmt":"2023-12-13T19:41:37","slug":"pepe-jeans-venus-vita-bassa-in-denim-stretch-dritto-in-blu-scuro-w30xl32","status":"publish","type":"product","link":"https:\/\/www.soanam.de\/it\/produkt\/pepe-jeans-venus-straight-stretch-denim-low-waist-in-dunkel-blau-w30xl32\/","title":{"rendered":"Pepe Jeans VENUS, Denim dritto elasticizzato, vita bassa, in blu scuro, W30xL32"},"content":{"rendered":"<p>Jeans dritti VENUS di Pepe Jeans<br \/>\nIn misto cotone elasticizzato, per una vestibilit\u00e0 perfetta.<br \/>\nVestibilit\u00e0 regolare con gamba lunga e dritta e altezza vita bassa<br \/>\nStile a 5 tasche con chiusura a zip, doppi bottoni in vita, doppia tasca sul retro e piccoli dettagli con logo del marchio<\/p>\n<p>La vestibilit\u00e0 dritta dei jeans \u00e8 leggermente aderente, ma non costringe le cosce e i polpacci pi\u00f9 larghi.<br \/>\nIl materiale in cotone elasticizzato del denim \u00e8 facile da curare e super confortevole.<\/p>\n<p>Materiale: 84% cotone, 14% poliestere, 2% elastan<br \/>\nIstruzioni per la cura: Lavabile in lavatrice a 40\u00b0<\/p>\n<p>Colore: H06 stretch ultra dark<br \/>\nDimensioni: L30 L32<\/p>\n<p>Misura della vita: 78 cm<br \/>\nCirconferenza dell'anca: 90 cm<br \/>\nLunghezza del gradino: 80 cm<br \/>\nLunghezza totale: 101 cm<\/p>\n<p>&nbsp;<\/p>\n<p>Questo nuovo articolo \u00e8 un reso del cliente senza etichetta.<\/p>","protected":false},"excerpt":{"rendered":"<table class=\"dv_characteristicsTable\">\n<tbody>\n<tr>\n<td class=\"left\">Dimensione<\/td>\n<td>30<\/td>\n<\/tr>\n<tr>\n<td class=\"left\">Hosenl\u00e4nge<\/td>\n<td>32<\/td>\n<\/tr>\n<tr>\n<td class=\"left\">Composizione del materiale<\/td>\n<td>Obermaterial: 84% Baumwolle, 14% Polyester, 2% Elasthan<\/td>\n<\/tr>\n<tr>\n<td class=\"left\">Materialhinweis<\/td>\n<td>enth\u00e4lt nichttextile Teile tierischen Ursprungs<\/td>\n<\/tr>\n<tr>\n<td class=\"left\">Materialart<\/td>\n<td>Denim<\/td>\n<\/tr>\n<tr>\n<td class=\"left\">Materialeigenschaften<\/td>\n<td>pflegeleicht, Stretch, elastisch<\/td>\n<\/tr>\n<tr>\n<td class=\"left\">Istruzioni per la cura<\/td>\n<td>Lavaggio in lavatrice<\/td>\n<\/tr>\n<tr>\n<td class=\"left\">Optik<\/td>\n<td>vintage<\/td>\n<\/tr>\n<tr>\n<td class=\"left\">Stil<\/td>\n<td>casual<\/td>\n<\/tr>\n<tr>\n<td class=\"left\">Waschung<\/td>\n<td>stone, washed<\/td>\n<\/tr>\n<tr>\n<td class=\"left\">Herstellerfarbbezeichnung<\/td>\n<td>H06 elasticizzato ultra scuro<\/td>\n<\/tr>\n<tr>\n<td class=\"left\">Colore<\/td>\n<td>blu scuro<\/td>\n<\/tr>\n<tr>\n<td class=\"left\">Leibh\u00f6he<\/td>\n<td>niedrig<\/td>\n<\/tr>\n<tr>\n<td class=\"left\">Beinform<\/td>\n<td>gerade<\/td>\n<\/tr>\n<tr>\n<td class=\"left\">In forma<\/td>\n<td>straight fit<\/td>\n<\/tr>\n<tr>\n<td class=\"left\">Passanti per cintura<\/td>\n<td>ja<\/td>\n<\/tr>\n<tr>\n<td class=\"left\">Borse<\/td>\n<td>Coinpocket, Eingrifftaschen, Ges\u00e4\u00dftaschen<\/td>\n<\/tr>\n<tr>\n<td class=\"left\">Verschluss<\/td>\n<td>Chiusura a zip<\/td>\n<\/tr>\n<tr>\n<td class=\"left\">Besondere Merkmale<\/td>\n<td>Straight Passform mit niedrigem Doppel-Knopf-Bund und doppelter Ges\u00e4\u00dftasche in tollem Komfort Stretch Denim<\/td>\n<\/tr>\n<\/tbody>\n<\/table>","protected":false},"featured_media":77195,"comment_status":"open","ping_status":"closed","template":"","meta":{"_seopress_robots_primary_cat":"","_seopress_titles_title":"","_seopress_titles_desc":"","_seopress_robots_index":""},"product_brand":[],"product_cat":[1348,1349,1350],"product_tag":[],"class_list":{"0":"post-77027","1":"product","2":"type-product","3":"status-publish","4":"has-post-thumbnail","6":"product_cat-damen-mode","7":"product_cat-hosen-damen-mode","8":"product_cat-jeans-hosen-damen-mode","9":"product_shipping_class-standard-versand","11":"first","12":"instock","13":"taxable","14":"shipping-taxable","15":"purchasable","16":"product-type-simple"},"_links":{"self":[{"href":"https:\/\/www.soanam.de\/it\/wp-json\/wp\/v2\/product\/77027","targetHints":{"allow":["GET"]}}],"collection":[{"href":"https:\/\/www.soanam.de\/it\/wp-json\/wp\/v2\/product"}],"about":[{"href":"https:\/\/www.soanam.de\/it\/wp-json\/wp\/v2\/types\/product"}],"replies":[{"embeddable":true,"href":"https:\/\/www.soanam.de\/it\/wp-json\/wp\/v2\/comments?post=77027"}],"wp:featuredmedia":[{"embeddable":true,"href":"https:\/\/www.soanam.de\/it\/wp-json\/wp\/v2\/media\/77195"}],"wp:attachment":[{"href":"https:\/\/www.soanam.de\/it\/wp-json\/wp\/v2\/media?parent=77027"}],"wp:term":[{"taxonomy":"product_brand","embeddable":true,"href":"https:\/\/www.soanam.de\/it\/wp-json\/wp\/v2\/product_brand?post=77027"},{"taxonomy":"product_cat","embeddable":true,"href":"https:\/\/www.soanam.de\/it\/wp-json\/wp\/v2\/product_cat?post=77027"},{"taxonomy":"product_tag","embeddable":true,"href":"https:\/\/www.soanam.de\/it\/wp-json\/wp\/v2\/product_tag?post=77027"}],"curies":[{"name":"wp","href":"https:\/\/api.w.org\/{rel}","templated":true}]}}