{"id":77007,"date":"2023-12-13T20:32:10","date_gmt":"2023-12-13T19:32:10","guid":{"rendered":"https:\/\/www.soanam.de\/?post_type=product&#038;p=77007"},"modified":"2024-12-05T11:06:56","modified_gmt":"2024-12-05T10:06:56","slug":"jeans-edc-denim-dry-goods-slim-fit-in-blu-lavaggio-medio-w31xl32","status":"publish","type":"product","link":"https:\/\/www.soanam.de\/it\/produkt\/edc-denim-dry-goods-slim-fit-jeans-in-blue-medium-wash-w31xl32\/","title":{"rendered":"EDC Denim &amp; Dry Goods - Jeans slim fit, lavaggio medio blu, L31xL32"},"content":{"rendered":"<p>Jeans classici a 5 tasche con comfort elasticizzato<br \/>\nNuove versioni con cotone proveniente da coltivazioni biologiche controllate<br \/>\nLeggero effetto slavato<br \/>\nVita con passanti, bottone e zip nascosta<br \/>\nVestibilit\u00e0 slim<\/p>\n<p>La vestibilit\u00e0 slim dei pantaloni \u00e8 aderente e pu\u00f2 essere abbinata a top ampi e aderenti.<br \/>\nIl materiale dei pantaloni \u00e8 elasticizzato e li rende molto comodi.<\/p>\n<p>Materiale: 98% cotone, 2% elastan<br \/>\nIstruzioni per la cura: Lavabile in lavatrice a 40\u00b0<\/p>\n<p>Misura della vita: 84 cm<br \/>\nCirconferenza dell'anca: 96 cm<br \/>\nLunghezza del gradino: 79 cm<br \/>\nLunghezza totale: 103 cm<\/p>\n<p>Restituzione del cliente senza etichetta<\/p>","protected":false},"excerpt":{"rendered":"<table class=\"sc-jLiVlK faRzjh\">\n<tbody>\n<tr class=\"sc-tkKAw glkemz\">\n<td class=\"sc-dRPiIx kVvcCS\">\n<p class=\"sc-gsTCUz hntfFx\"><b>Marchio<\/b><\/p>\n<\/td>\n<td class=\"sc-dRPiIx kVvcCS\">\n<p class=\"sc-gsTCUz hntfFx\">EDC Denim &amp; Dry Goods<\/p>\n<\/td>\n<\/tr>\n<tr class=\"sc-tkKAw glkemz\">\n<td class=\"sc-dRPiIx kVvcCS\">\n<p class=\"sc-gsTCUz hntfFx\"><b>Artikel<\/b><\/p>\n<\/td>\n<td class=\"sc-dRPiIx kVvcCS\">\n<p class=\"sc-gsTCUz hntfFx\">Jeans<\/p>\n<\/td>\n<\/tr>\n<tr class=\"sc-tkKAw glkemz\">\n<td class=\"sc-dRPiIx kVvcCS\">\n<p class=\"sc-gsTCUz hntfFx\"><b>Dimensione<\/b><\/p>\n<\/td>\n<td class=\"sc-dRPiIx kVvcCS\">\n<p class=\"sc-gsTCUz hntfFx\">31X32<\/p>\n<\/td>\n<\/tr>\n<tr class=\"sc-tkKAw glkemz\">\n<td class=\"sc-dRPiIx kVvcCS\">\n<p class=\"sc-gsTCUz hntfFx\"><b>Modell<\/b><\/p>\n<\/td>\n<td class=\"sc-dRPiIx kVvcCS\">\n<p class=\"sc-gsTCUz hntfFx\">SCHLANKE PASSFORM<\/p>\n<\/td>\n<\/tr>\n<tr class=\"sc-tkKAw glkemz\">\n<td class=\"sc-dRPiIx kVvcCS\">\n<p class=\"sc-gsTCUz hntfFx\"><b>Colore<\/b><\/p>\n<\/td>\n<td class=\"sc-dRPiIx kVvcCS\">\n<p class=\"sc-gsTCUz hntfFx\">Blu<\/p>\n<\/td>\n<\/tr>\n<tr class=\"sc-tkKAw glkemz\">\n<td class=\"sc-dRPiIx kVvcCS\">\n<p class=\"sc-gsTCUz hntfFx\"><b>Stoff<\/b><\/p>\n<\/td>\n<td class=\"sc-dRPiIx kVvcCS\">\n<p class=\"sc-gsTCUz hntfFx\">Denim<\/p>\n<\/td>\n<\/tr>\n<\/tbody>\n<\/table>","protected":false},"featured_media":77060,"comment_status":"open","ping_status":"closed","template":"","meta":{"_seopress_robots_primary_cat":"","_seopress_titles_title":"","_seopress_titles_desc":"","_seopress_robots_index":""},"product_brand":[],"product_cat":[1345,1348,1349,1350],"product_tag":[],"class_list":{"0":"post-77007","1":"product","2":"type-product","3":"status-publish","4":"has-post-thumbnail","6":"product_cat-herrenmode","7":"product_cat-damen-mode","8":"product_cat-hosen-damen-mode","9":"product_cat-jeans-hosen-damen-mode","10":"product_shipping_class-standard-versand","12":"first","13":"outofstock","14":"sale","15":"taxable","16":"shipping-taxable","17":"purchasable","18":"product-type-simple"},"_links":{"self":[{"href":"https:\/\/www.soanam.de\/it\/wp-json\/wp\/v2\/product\/77007","targetHints":{"allow":["GET"]}}],"collection":[{"href":"https:\/\/www.soanam.de\/it\/wp-json\/wp\/v2\/product"}],"about":[{"href":"https:\/\/www.soanam.de\/it\/wp-json\/wp\/v2\/types\/product"}],"replies":[{"embeddable":true,"href":"https:\/\/www.soanam.de\/it\/wp-json\/wp\/v2\/comments?post=77007"}],"wp:featuredmedia":[{"embeddable":true,"href":"https:\/\/www.soanam.de\/it\/wp-json\/wp\/v2\/media\/77060"}],"wp:attachment":[{"href":"https:\/\/www.soanam.de\/it\/wp-json\/wp\/v2\/media?parent=77007"}],"wp:term":[{"taxonomy":"product_brand","embeddable":true,"href":"https:\/\/www.soanam.de\/it\/wp-json\/wp\/v2\/product_brand?post=77007"},{"taxonomy":"product_cat","embeddable":true,"href":"https:\/\/www.soanam.de\/it\/wp-json\/wp\/v2\/product_cat?post=77007"},{"taxonomy":"product_tag","embeddable":true,"href":"https:\/\/www.soanam.de\/it\/wp-json\/wp\/v2\/product_tag?post=77007"}],"curies":[{"name":"wp","href":"https:\/\/api.w.org\/{rel}","templated":true}]}}