{"id":6845,"date":"2023-12-03T02:30:52","date_gmt":"2023-12-03T01:30:52","guid":{"rendered":"https:\/\/www.soanam.de\/widerrufsbelehrung\/"},"modified":"2024-08-21T16:42:42","modified_gmt":"2024-08-21T14:42:42","slug":"politica-di-cancellazione","status":"publish","type":"page","link":"https:\/\/www.soanam.de\/it\/widerrufsbelehrung\/","title":{"rendered":"Politica di cancellazione"},"content":{"rendered":"<h3>Diritto di recesso per i consumatori<\/h3>\n<p>(Per consumatore si intende qualsiasi persona fisica che conclude un negozio giuridico per scopi prevalentemente estranei alla propria attivit\u00e0 commerciale, imprenditoriale o professionale).<\/p>\n<h1>Politica di cancellazione<\/h1>\n<h3>Diritto di cancellazione<\/h3>\n<p>Il cliente ha il diritto di recedere dal contratto entro quattordici giorni senza fornire alcuna motivazione.<\/p>\n<p>Il termine di cancellazione \u00e8 di quattordici giorni dalla data,<\/p>\n<ul>\n<li>in cui voi o un terzo da voi indicato, che non sia il vettore, avete o avete preso possesso della merce, a condizione che abbiate ordinato una o pi\u00f9 merci come parte di un unico ordine e che queste siano o saranno consegnate in modo uniforme, oppure<\/li>\n<li>in cui voi o un terzo da voi indicato, che non sia il vettore, abbiate preso possesso dell'ultima merce, a condizione che abbiate ordinato pi\u00f9 merci come parte di un unico ordine e che queste vengano consegnate separatamente, oppure<\/li>\n<li>in cui voi o un terzo da voi indicato, che non sia il vettore, abbiate preso possesso dell'ultima consegna parziale o dell'ultimo pezzo, se avete ordinato merce consegnata in pi\u00f9 consegne parziali o pezzi, oppure<\/li>\n<li>in cui voi o un terzo da voi indicato, che non sia il vettore, avete preso possesso della prima merce, a condizione che abbiate stipulato un contratto per la consegna regolare della merce in un periodo di tempo determinato.<\/li>\n<\/ul>\n<p>Um Ihr Widerrufsrecht auszu\u00fcben, m\u00fcssen Sie uns (Uttam's GbR, Sachsenhausener Str. 23a, OG \u2013 B\u00fcro 2006, 16515 Brandenburg \u2013 Oranienburg, Deutschland, Telefonnummer: +49 (0) 3301 2086393, E-Mail-Adresse: info@soanam.de)\u00a0mittels einer eindeutigen Erkl\u00e4rung (z.B. ein mit der Post versandter Brief, E-Mail) \u00fcber Ihren Entschluss, diesen Vertrag zu widerrufen, informieren. Sie k\u00f6nnen daf\u00fcr das beigef\u00fcgte Muster-Widerrufsformular verwenden, das jedoch nicht vorgeschrieben ist. Sie k\u00f6nnen das Muster-Widerrufsformular oder eine andere eindeutige Erkl\u00e4rung auch auf unserer Webseite https:\/\/www.soanam.de\/widerrufsbelehrung\/ elektronisch ausf\u00fcllen und \u00fcbermitteln. Machen Sie von dieser M\u00f6glichkeit Gebrauch, so werden wir Ihnen unverz\u00fcglich (z. B. per E-Mail) eine Best\u00e4tigung \u00fcber den Eingang eines solchen Widerrufs \u00fcbermitteln.<\/p>\n<p>Per rispettare il termine di cancellazione, \u00e8 sufficiente che il cliente invii la notifica di esercizio del diritto di cancellazione prima della scadenza del periodo di cancellazione.<\/p>\n<h3>Conseguenze della cancellazione<\/h3>\n<p>Se Lei recede dal presente contratto, Le rimborseremo tutti i pagamenti da Lei ricevuti, compresi i costi di consegna (ad eccezione dei costi supplementari derivanti dalla Sua scelta di un tipo di consegna diverso dal tipo meno costoso di consegna standard da noi offerto), senza indebito ritardo e in ogni caso non oltre 14 giorni dal giorno in cui siamo informati della Sua decisione di recedere dal presente contratto. Per questo rimborso, utilizzeremo lo stesso mezzo di pagamento che avete utilizzato per la transazione originale, a meno che non sia stato espressamente concordato diversamente con voi; in nessun caso vi sar\u00e0 addebitato alcun costo per questo rimborso.<\/p>\n<p>Potremmo rifiutarci di rimborsare il cliente fino a quando non avremo ricevuto la merce o fino a quando il cliente non avr\u00e0 fornito la prova di averla restituita, a seconda di quale dei due casi si verifichi per primo.<\/p>\n<p>Dovete restituirci o consegnarci la merce immediatamente e comunque entro e non oltre quattordici giorni dal giorno in cui ci avete informato della cancellazione del presente contratto. Il termine \u00e8 rispettato se la merce viene spedita prima della scadenza del periodo di quattordici giorni.<\/p>\n<p>I costi diretti della restituzione della merce sono a carico del cliente.<\/p>\n<p>Il cliente \u00e8 tenuto a pagare l'eventuale perdita di valore della merce solo se tale perdita di valore \u00e8 dovuta a una manipolazione della merce non necessaria per verificarne lo stato, le propriet\u00e0 e la funzionalit\u00e0.<\/p>\n<h2>Esempio di modulo di cancellazione<\/h2>\n<p>(Se si desidera annullare il contratto, si prega di compilare e restituire il presente modulo).<\/p>\n<p>- A<\/p>\n<p>Uttam's GbR, Sachsenhausener Str. 23a, OG \u2013 B\u00fcro 2006, 16515 Brandenburg \u2013 Oranienburg, Deutschland, Telefonnummer: +49 (0) 3301 2086393, E-Mail-Adresse: info@soanam.de<\/p>\n<p>- Con la presente io\/noi (*) revochiamo il contratto stipulato da me\/noi (*) per l'acquisto dei seguenti beni (*)\/la fornitura del seguente servizio (*)<\/p>\n<p>- Ordinato il (*)\/ricevuto il (*)<\/p>\n<p>- Nome del\/i consumatore\/i<\/p>\n<p>- Indirizzo del\/i consumatore\/i<\/p>\n<p>- Firma del\/i consumatore\/i (solo per la notifica su carta)<\/p>\n<p>- data<\/p>\n<p>___________<br \/>\n(*) Cancellare la dicitura appropriata.<\/p>","protected":false},"excerpt":{"rendered":"<p>Widerrufsrecht f\u00fcr Verbraucher (Verbraucher ist jede nat\u00fcrliche Person, die ein Rechtsgesch\u00e4ft zu Zwecken abschlie\u00dft, die \u00fcberwiegend weder ihrer gewerblichen noch ihrer selbstst\u00e4ndigen beruflichen T\u00e4tigkeit zugerechnet werden kann.) Widerrufsbelehrung Widerrufsrecht Sie haben das Recht, binnen vierzehn Tagen ohne Angabe von Gr\u00fcnden diesen Vertrag zu widerrufen. Die Widerrufsfrist betr\u00e4gt vierzehn Tage ab dem Tag, an dem Sie [&hellip;]<\/p>\n","protected":false},"author":1,"featured_media":0,"parent":0,"menu_order":0,"comment_status":"closed","ping_status":"closed","template":"","meta":{"_seopress_robots_primary_cat":"","_seopress_titles_title":"","_seopress_titles_desc":"","_seopress_robots_index":"","footnotes":""},"class_list":["post-6845","page","type-page","status-publish","hentry"],"_links":{"self":[{"href":"https:\/\/www.soanam.de\/it\/wp-json\/wp\/v2\/pages\/6845","targetHints":{"allow":["GET"]}}],"collection":[{"href":"https:\/\/www.soanam.de\/it\/wp-json\/wp\/v2\/pages"}],"about":[{"href":"https:\/\/www.soanam.de\/it\/wp-json\/wp\/v2\/types\/page"}],"author":[{"embeddable":true,"href":"https:\/\/www.soanam.de\/it\/wp-json\/wp\/v2\/users\/1"}],"replies":[{"embeddable":true,"href":"https:\/\/www.soanam.de\/it\/wp-json\/wp\/v2\/comments?post=6845"}],"version-history":[{"count":0,"href":"https:\/\/www.soanam.de\/it\/wp-json\/wp\/v2\/pages\/6845\/revisions"}],"wp:attachment":[{"href":"https:\/\/www.soanam.de\/it\/wp-json\/wp\/v2\/media?parent=6845"}],"curies":[{"name":"wp","href":"https:\/\/api.w.org\/{rel}","templated":true}]}}