{"id":11,"date":"2023-12-03T04:58:29","date_gmt":"2023-12-03T03:58:29","guid":{"rendered":"https:\/\/www.soanam.de\/?page_id=11"},"modified":"2023-12-03T17:52:27","modified_gmt":"2023-12-03T16:52:27","slug":"rueckerstattung_rueckgaben","status":"publish","type":"page","link":"https:\/\/www.soanam.de\/it\/rueckerstattung_rueckgaben\/","title":{"rendered":"Politica di rimborso e restituzione"},"content":{"rendered":"<h2>Condizioni di restituzione e rimborso:<\/h2>\n<p>Il cliente ha il diritto di annullare l'ordine entro 30 giorni senza fornire alcuna motivazione.<\/p>\n<p>Il termine per l'annullamento di un ordine \u00e8 di 30 giorni dalla data in cui avete ricevuto la merce o un terzo da voi indicato, che non sia il vettore, \u00e8 entrato in possesso della merce.<\/p>\n<p>Per esercitare il vostro diritto di recesso, dovete informarci della vostra decisione mediante una dichiarazione chiara.<\/p>\n<p>Potete informarci della vostra decisione inviando un'e-mail a info@soanam.de.<\/p>\n<p>Il rimborso sar\u00e0 effettuato entro 30 giorni dal giorno in cui riceveremo la merce restituita. Il rimborso verr\u00e0 effettuato utilizzando lo stesso metodo di pagamento selezionato al momento dell'ordine. Non sono previste spese per il rimborso.<\/p>\n<h2>Condizioni di restituzione:<\/h2>\n<p>Si prega di assicurarsi che la merce presenti le seguenti caratteristiche per poter essere restituita:<\/p>\n<ul>\n<li>La merce \u00e8 stata acquistata negli ultimi 30 giorni;<\/li>\n<li>La merce \u00e8 nella sua confezione originale.<\/li>\n<\/ul>\n<p>La restituzione della merce \u00e8 esclusa nei seguenti casi:<\/p>\n<ul>\n<li>Per la consegna di merci prodotte secondo le specifiche del cliente;<\/li>\n<li>In caso di consegna di merci che non si prestano a essere restituite, ad esempio merci deperibili o merci la cui data di scadenza \u00e8 scaduta;<\/li>\n<li>In caso di consegna di merci non idonee alla restituzione per motivi di tutela della salute o di igiene, se il loro sigillo \u00e8 stato rimosso dopo la consegna;<\/li>\n<li>In caso di consegna di beni che, per la loro natura, sono stati mescolati in modo indissolubile con altri beni dopo la consegna.<\/li>\n<\/ul>\n<p>Ci riserviamo il diritto di rifiutare la restituzione di merci che non soddisfano le condizioni di restituzione sopra elencate o per le quali la restituzione \u00e8 esclusa.<\/p>\n<h2>Restituzione della merce:<\/h2>\n<p>In caso di restituzione della merce, il cliente si assume i costi e i rischi della restituzione. Si prega di inviare la merce al seguente indirizzo:<\/p>\n<p>Sachsenhausener Stra\u00dfe 23a, 16515 Oranienburg<\/p>\n<p>Non ci assumiamo alcuna responsabilit\u00e0 per la merce danneggiata o persa durante il processo di restituzione. Si consiglia di utilizzare un servizio postale che offra un'assicurazione per il valore della merce e che rilasci una prova di spedizione. Non \u00e8 possibile effettuare alcun rimborso senza l'effettivo ricevimento della merce o la prova di spedizione.<\/p>\n<h2>Regali:<\/h2>\n<p>Se la merce \u00e8 stata etichettata come regalo al momento dell'acquisto e inviata direttamente a voi, riceverete un buono regalo per il valore della merce. Il buono regalo vi sar\u00e0 inviato non appena il prodotto restituito sar\u00e0 stato ricevuto.<\/p>\n<p>Se l'articolo non \u00e8 stato etichettato come regalo al momento dell'acquisto o se chi ha fatto il regalo ha inviato l'ordine a se stesso per consegnarlo a voi, invieremo il rimborso a chi ha fatto il regalo.<\/p>\n<h2>Mettetevi in contatto con noi<\/h2>\n<p>Per qualsiasi domanda sulla nostra politica di restituzione e rimborso, inviateci un'e-mail all'indirizzo info@soanam.de.<\/p>","protected":false},"excerpt":{"rendered":"<p>R\u00fcckgabe- und R\u00fcckerstattungsbedingungen: Sie haben das Recht, Ihre Bestellung innerhalb von 30 Tagen ohne Angabe von Gr\u00fcnden zu stornieren. Die Frist f\u00fcr die Stornierung einer Bestellung betr\u00e4gt 30 Tage ab dem Datum, an dem Sie die Ware erhalten haben oder ein von Ihnen benannter Dritter, der nicht der Bef\u00f6rderer ist, die Ware in Besitz genommen [&hellip;]<\/p>\n","protected":false},"author":1,"featured_media":0,"parent":0,"menu_order":0,"comment_status":"closed","ping_status":"closed","template":"","meta":{"_seopress_robots_primary_cat":"","_seopress_titles_title":"","_seopress_titles_desc":"","_seopress_robots_index":"","footnotes":""},"class_list":["post-11","page","type-page","status-publish","hentry"],"_links":{"self":[{"href":"https:\/\/www.soanam.de\/it\/wp-json\/wp\/v2\/pages\/11","targetHints":{"allow":["GET"]}}],"collection":[{"href":"https:\/\/www.soanam.de\/it\/wp-json\/wp\/v2\/pages"}],"about":[{"href":"https:\/\/www.soanam.de\/it\/wp-json\/wp\/v2\/types\/page"}],"author":[{"embeddable":true,"href":"https:\/\/www.soanam.de\/it\/wp-json\/wp\/v2\/users\/1"}],"replies":[{"embeddable":true,"href":"https:\/\/www.soanam.de\/it\/wp-json\/wp\/v2\/comments?post=11"}],"version-history":[{"count":0,"href":"https:\/\/www.soanam.de\/it\/wp-json\/wp\/v2\/pages\/11\/revisions"}],"wp:attachment":[{"href":"https:\/\/www.soanam.de\/it\/wp-json\/wp\/v2\/media?parent=11"}],"curies":[{"name":"wp","href":"https:\/\/api.w.org\/{rel}","templated":true}]}}