{"id":83835,"date":"2023-12-17T23:17:20","date_gmt":"2023-12-17T22:17:20","guid":{"rendered":"https:\/\/www.soanam.de\/?post_type=product&#038;p=83835"},"modified":"2023-12-17T23:19:45","modified_gmt":"2023-12-17T22:19:45","slug":"murimage-photo-papier-peint-bricks-mur-brique-3d-274-x-254-cm-6-pcs","status":"publish","type":"product","link":"https:\/\/www.soanam.de\/fr\/produkt\/murimage-fototapete-bricks-mauer-ziegel-3d-274-x-254-cm-6-tlg\/","title":{"rendered":"murimage Papier peint Bricks, mur de briques 3D, 274 x 254 cm, 6 pcs."},"content":{"rendered":"<div>Zum Verkauf steht hier eine wundersch\u00f6ne, zeitlose murimage Fototapete in der Gr\u00f6\u00dfe XXL - Model \"Mauer Ziegel 3D\".<\/div>\n<div>Qu'il s'agisse de portes, de murs ou d'\u00e9l\u00e9ments de meubles - cr\u00e9ez votre environnement de vie comme vous le souhaitez.<\/div>\n<div><\/div>\n<div>Ce papier peint photo murimage de haute qualit\u00e9 est fabriqu\u00e9 en Allemagne.<\/div>\n<div>Les couleurs sont brillantes, r\u00e9sistantes \u00e0 la lumi\u00e8re et inodores, et donc 100% adapt\u00e9es \u00e0 vos espaces de vie.<\/div>\n<div>Montage facile avec la colle fournie.<\/div>\n<div><\/div>\n<div>Vous recevrez ce papier peint photo de 274 x 254 cm en 6 pi\u00e8ces de 128 x 92 cm (largeur x hauteur), colle \u00e0 coller incluse, ainsi qu'une notice de montage expliquant la pose du papier peint \u00e9tape par \u00e9tape.<\/div>\n<div><\/div>\n<div>Les arcs sont coup\u00e9s de mani\u00e8re \u00e0 ce que deux parties se chevauchent toujours de 5 mm.<br \/>\nLors de l'encollage, les \u00e9l\u00e9ments gonflent de plusieurs millim\u00e8tres.<br \/>\nPour un r\u00e9sultat parfait, laissez tremper chaque feuille pendant 5 minutes.<br \/>\nAttention : trier les pi\u00e8ces avant de les fixer ! Les pi\u00e8ces d\u00e9tach\u00e9es sont num\u00e9rot\u00e9es sur la face avant en bas \u00e0 droite.<br \/>\nLors du collage, la num\u00e9rotation est recouverte par le chevauchement de 5 mm et n'est donc plus visible \u00e0 la fin.<br \/>\nLes accessoires suivants sont recommand\u00e9s pour le montage :<br \/>\nBrosse \u00e0 tapisser, rouleau \u00e0 tapisser, seau et eau pour m\u00e9langer la colle<br \/>\nM\u00e8tre pliant, crayon &amp; niveau \u00e0 bulle, cutter, protection de sol<\/div>","protected":false},"excerpt":{"rendered":"<div class=\"ux-layout-section-evo__row\">\n<div class=\"ux-layout-section-evo__col\">\n<div class=\"ux-labels-values__labels\">\n<div class=\"ux-labels-values__labels-content\">\n<div><span class=\"ux-textspans\">Produktart: <\/span>Fototapete<\/div>\n<\/div>\n<\/div>\n<\/div>\n<div class=\"ux-layout-section-evo__col\">\n<div class=\"ux-labels-values__labels\">\n<div class=\"ux-labels-values__labels-content\">\n<div><span class=\"ux-textspans\">mat\u00e9riel : <\/span>Papier<\/div>\n<\/div>\n<\/div>\n<\/div>\n<\/div>\n<div class=\"ux-layout-section-evo__row\">\n<div class=\"ux-layout-section-evo__col\">\n<div class=\"ux-labels-values__labels\">\n<div class=\"ux-labels-values__labels-content\">\n<div><span class=\"ux-textspans\">Particularit\u00e9s : <\/span>3D, XXL<\/div>\n<\/div>\n<\/div>\n<\/div>\n<div class=\"ux-layout-section-evo__col\">\n<div class=\"ux-labels-values__labels\">\n<div class=\"ux-labels-values__labels-content\">\n<div><span class=\"ux-textspans\">Zimmer: <\/span>Geeignet f\u00fcr alle Zimmer<\/div>\n<\/div>\n<\/div>\n<\/div>\n<\/div>\n<div class=\"ux-layout-section-evo__row\">\n<div class=\"ux-layout-section-evo__col\">\n<div class=\"ux-labels-values__labels\">\n<div class=\"ux-labels-values__labels-content\">\n<div><span class=\"ux-textspans\">Stil: Rustikal<\/span><\/div>\n<\/div>\n<\/div>\n<\/div>\n<div class=\"ux-layout-section-evo__col\">\n<div class=\"ux-labels-values__labels\">\n<div class=\"ux-labels-values__labels-content\">\n<div><span class=\"ux-textspans\">Finish: <\/span>Fototapete<\/div>\n<\/div>\n<\/div>\n<\/div>\n<\/div>\n<div class=\"ux-layout-section-evo__row\">\n<div class=\"ux-layout-section-evo__col\">\n<div class=\"ux-labels-values__labels\">\n<div class=\"ux-labels-values__labels-content\">\n<div><span class=\"ux-textspans\">Herstellungsland und -region: <\/span>Allemagne<\/div>\n<\/div>\n<\/div>\n<\/div>\n<\/div>\n<div class=\"ux-layout-section-evo__row\">\n<div class=\"ux-layout-section-evo__col\">\n<div class=\"ux-labels-values__labels\">\n<div class=\"ux-labels-values__labels-content\">\n<div><span class=\"ux-textspans\">Marke: <\/span>murimage\u00ae<\/div>\n<\/div>\n<\/div>\n<\/div>\n<\/div>","protected":false},"featured_media":83868,"comment_status":"open","ping_status":"closed","template":"","meta":{"_seopress_robots_primary_cat":"","_seopress_titles_title":"","_seopress_titles_desc":"","_seopress_robots_index":""},"product_brand":[],"product_cat":[1400,1420],"product_tag":[],"class_list":{"0":"post-83835","1":"product","2":"type-product","3":"status-publish","4":"has-post-thumbnail","6":"product_cat-wohnzubehoer","7":"product_cat-wohndekoration","8":"product_shipping_class-standard-versand","10":"first","11":"instock","12":"sale","13":"taxable","14":"shipping-taxable","15":"purchasable","16":"product-type-simple"},"_links":{"self":[{"href":"https:\/\/www.soanam.de\/fr\/wp-json\/wp\/v2\/product\/83835","targetHints":{"allow":["GET"]}}],"collection":[{"href":"https:\/\/www.soanam.de\/fr\/wp-json\/wp\/v2\/product"}],"about":[{"href":"https:\/\/www.soanam.de\/fr\/wp-json\/wp\/v2\/types\/product"}],"replies":[{"embeddable":true,"href":"https:\/\/www.soanam.de\/fr\/wp-json\/wp\/v2\/comments?post=83835"}],"wp:featuredmedia":[{"embeddable":true,"href":"https:\/\/www.soanam.de\/fr\/wp-json\/wp\/v2\/media\/83868"}],"wp:attachment":[{"href":"https:\/\/www.soanam.de\/fr\/wp-json\/wp\/v2\/media?parent=83835"}],"wp:term":[{"taxonomy":"product_brand","embeddable":true,"href":"https:\/\/www.soanam.de\/fr\/wp-json\/wp\/v2\/product_brand?post=83835"},{"taxonomy":"product_cat","embeddable":true,"href":"https:\/\/www.soanam.de\/fr\/wp-json\/wp\/v2\/product_cat?post=83835"},{"taxonomy":"product_tag","embeddable":true,"href":"https:\/\/www.soanam.de\/fr\/wp-json\/wp\/v2\/product_tag?post=83835"}],"curies":[{"name":"wp","href":"https:\/\/api.w.org\/{rel}","templated":true}]}}