{"id":83813,"date":"2023-12-17T02:50:19","date_gmt":"2023-12-17T01:50:19","guid":{"rendered":"https:\/\/www.soanam.de\/?post_type=product&#038;p=83813"},"modified":"2023-12-17T23:17:35","modified_gmt":"2023-12-17T22:17:35","slug":"mazaya-bunch-raisin-200-g-tabac-pour-pipe-a-eau","status":"publish","type":"product","link":"https:\/\/www.soanam.de\/fr\/produkt\/mazaya-bunch-traube-200-g-wasserpfeifentabak\/","title":{"rendered":"Mazaya Bunch (raisin) 200 g tabac pour pipe \u00e0 eau"},"content":{"rendered":"<div>\n<p>Le tabac \u00e0 shisha Mazaya Bunch (raisin) poss\u00e8de d'excellentes propri\u00e9t\u00e9s de fumage et un go\u00fbt intense de Bunch (raisin).<\/p>\n<p>Du tabac de Virginie fran\u00e7ais de haute qualit\u00e9 est produit en Jordanie. Combin\u00e9 \u00e0 des ar\u00f4mes classiques, cela donne des moments intenses de fum\u00e9e de shisha.<\/p>\n<p>Comme ce tabac pour pipe \u00e0 eau est imm\u00e9diatement pr\u00eat \u00e0 \u00eatre fum\u00e9, il n'est pas n\u00e9cessaire d'utiliser une molasse pour humidifier le tabac. Les bo\u00eetes de 200 g scell\u00e9es et refermables ne laissent passer ni la lumi\u00e8re ni l'air ext\u00e9rieur, ce qui emp\u00eache le tabac \u00e0 chicha Mazaya de se dess\u00e9cher rapidement.<\/p>\n<p>Un tabac \u00e0 chicha id\u00e9al, \u00e0 consommer parfaitement en <b>T\u00eate multi-trous <\/b>peut fumer.<\/p>\n<p>La coupe de tabac est\u00a0<strong>grossier\/moyen<\/strong> et la force est <strong>moyen\/fort<\/strong><\/p>\n<\/div>\n<div><\/div>\n<div>Attention : cette offre s'adresse exclusivement aux personnes majeures. La loi sur la protection de la jeunesse interdit l'offre et la vente de cet article aux enfants et aux adolescents. Un contrat de vente n'est conclu qu'apr\u00e8s une v\u00e9rification r\u00e9ussie de l'\u00e2ge. En outre, le facteur proc\u00e8de \u00e0 une v\u00e9rification lors de la remise du colis.<\/div>","protected":false},"excerpt":{"rendered":"<table class=\"table table-bordered\">\n<tbody>\n<tr class=\"attr-characteristic\">\n<td class=\"attr-label\">Geschmack:<\/td>\n<td class=\"attr-value\"><span class=\"value\"><a title=\"\" href=\"https:\/\/www.paradise-shisha.de\/tabak-geschmack-traube\" data-toggle=\"tooltip\" data-placement=\"top\" data-original-title=\"Traube\"><img decoding=\"async\" title=\"Traube\" src=\"https:\/\/www.paradise-shisha.de\/bilder\/merkmalwerte\/klein\/602.jpg\" alt=\"Traube\" \/><\/a><\/span><\/td>\n<\/tr>\n<tr class=\"attr-characteristic\">\n<td class=\"attr-label\">Kopfart:<\/td>\n<td class=\"attr-value\"><span class=\"value\"><a class=\"label label-primary\" href=\"https:\/\/www.paradise-shisha.de\/tabak-geschmack-mehrlochkopf\">T\u00eate multi-trous<\/a><\/span><\/td>\n<\/tr>\n<tr class=\"attr-characteristic\">\n<td class=\"attr-label\">Tabakart:<\/td>\n<td class=\"attr-value\"><span class=\"value\"><a class=\"label label-primary\" href=\"https:\/\/www.paradise-shisha.de\/tabakart-virginia\">Virginia<\/a><\/span><\/td>\n<\/tr>\n<tr class=\"attr-characteristic\">\n<td class=\"attr-label\">Tabakschnitt:<\/td>\n<td class=\"attr-value\"><span class=\"value\"><a class=\"label label-primary\" href=\"https:\/\/www.paradise-shisha.de\/tabakschnitt-grob-mittel\">grossier\/moyen<\/a><\/span><\/td>\n<\/tr>\n<tr class=\"attr-characteristic\">\n<td class=\"attr-label\">Geschmacksrichtung:<\/td>\n<td class=\"attr-value\"><span class=\"value\"><a title=\"\" href=\"https:\/\/www.paradise-shisha.de\/suesser-shisha-tabak\" data-toggle=\"tooltip\" data-placement=\"top\" data-original-title=\"s\u00fc\u00df\"><img decoding=\"async\" title=\"s\u00fc\u00df\" src=\"https:\/\/www.paradise-shisha.de\/bilder\/merkmalwerte\/klein\/860.jpg\" alt=\"s\u00fc\u00df\" \/><\/a><\/span><\/td>\n<\/tr>\n<tr class=\"attr-characteristic\">\n<td class=\"attr-label\">Tabakst\u00e4rke:<\/td>\n<td class=\"attr-value\"><span class=\"value\"><a class=\"label label-primary\" href=\"https:\/\/www.paradise-shisha.de\/tabak-staerke-mittel-stark\">moyen\/fort<\/a><\/span><\/td>\n<\/tr>\n<tr class=\"attr-weight\">\n<td class=\"attr-label\">Artikelgewicht:<\/td>\n<td class=\"attr-value weight-unit weight-unit-article\">0,20\u00a0Kg<\/td>\n<\/tr>\n<tr class=\"attr-contents\">\n<td class=\"attr-label\">Inhalt:<\/td>\n<td class=\"attr-value\">0,20 kg<\/td>\n<\/tr>\n<\/tbody>\n<\/table>\n<p align=\"LEFT\"><strong><span style=\"color: #000000;\"><span style=\"font-family: Market Sans, Arial, sans-serif;\"><span style=\"font-size: small;\">Gefahrenhinweis: macht abh\u00e4ngig<\/span><\/span><\/span><\/strong><\/p>","protected":false},"featured_media":83826,"comment_status":"open","ping_status":"closed","template":"","meta":{"_seopress_robots_primary_cat":"","_seopress_titles_title":"","_seopress_titles_desc":"","_seopress_robots_index":""},"product_brand":[],"product_cat":[1713,1727],"product_tag":[],"class_list":{"0":"post-83813","1":"product","2":"type-product","3":"status-publish","4":"has-post-thumbnail","6":"product_cat-genussmittel","7":"product_cat-shisha-tabak","8":"product_shipping_class-standard-versand","10":"first","11":"instock","12":"sale","13":"taxable","14":"shipping-taxable","15":"purchasable","16":"product-type-simple"},"_links":{"self":[{"href":"https:\/\/www.soanam.de\/fr\/wp-json\/wp\/v2\/product\/83813","targetHints":{"allow":["GET"]}}],"collection":[{"href":"https:\/\/www.soanam.de\/fr\/wp-json\/wp\/v2\/product"}],"about":[{"href":"https:\/\/www.soanam.de\/fr\/wp-json\/wp\/v2\/types\/product"}],"replies":[{"embeddable":true,"href":"https:\/\/www.soanam.de\/fr\/wp-json\/wp\/v2\/comments?post=83813"}],"wp:featuredmedia":[{"embeddable":true,"href":"https:\/\/www.soanam.de\/fr\/wp-json\/wp\/v2\/media\/83826"}],"wp:attachment":[{"href":"https:\/\/www.soanam.de\/fr\/wp-json\/wp\/v2\/media?parent=83813"}],"wp:term":[{"taxonomy":"product_brand","embeddable":true,"href":"https:\/\/www.soanam.de\/fr\/wp-json\/wp\/v2\/product_brand?post=83813"},{"taxonomy":"product_cat","embeddable":true,"href":"https:\/\/www.soanam.de\/fr\/wp-json\/wp\/v2\/product_cat?post=83813"},{"taxonomy":"product_tag","embeddable":true,"href":"https:\/\/www.soanam.de\/fr\/wp-json\/wp\/v2\/product_tag?post=83813"}],"curies":[{"name":"wp","href":"https:\/\/api.w.org\/{rel}","templated":true}]}}