{"id":83789,"date":"2023-12-17T02:47:56","date_gmt":"2023-12-17T01:47:56","guid":{"rendered":"https:\/\/www.soanam.de\/?post_type=product&#038;p=83789"},"modified":"2023-12-17T02:49:09","modified_gmt":"2023-12-17T01:49:09","slug":"elf-bar-600-jetable-e-cigarette-strawberry-ice-2ml-20mg-ml","status":"publish","type":"product","link":"https:\/\/www.soanam.de\/fr\/produkt\/elf-bar-600-einweg-e-zigarette-strawberry-ice-2ml-20mg-ml\/","title":{"rendered":"E-cigarette jetable Elf Bar 600, Strawberry Ice, 2ml, 20mg\/ml"},"content":{"rendered":"<div>\n<p><span style=\"color: #525252;\"><span style=\"font-family: Times New Roman, serif;\">Cet appareil est parfait pour tous ceux qui souhaitent passer de la cigarette traditionnelle au vapotage. Il a \u00e9t\u00e9 con\u00e7u pour rendre la transition aussi simple et agr\u00e9able que possible.<\/span><\/span><\/p>\n<p>Les ELFBAR 600 sont parfaits pour tous ceux qui ne veulent pas renoncer \u00e0 leur shisha, m\u00eame en d\u00e9placement. Gr\u00e2ce \u00e0 la r\u00e9gulation optimale de la chaleur, le liquide est parfaitement vaporis\u00e9 et on peut profiter pleinement de son go\u00fbt. L'e-cigarette ne n\u00e9cessite aucun entretien et est un syst\u00e8me de pod \u00e0 usage unique.<\/p>\n<p>Un r\u00e9servoir en coton ind\u00e9pendant avec un r\u00e9servoir d'huile qui conserve chaque goutte d'e-liquide en toute s\u00e9curit\u00e9. Une multitude de saveurs m\u00e9lang\u00e9es pour vous offrir une exp\u00e9rience gustative riche.<\/p>\n<p>La tension de sortie constante de 3,6 V fournit un go\u00fbt stable et riche jusqu'\u00e0 la derni\u00e8re bouff\u00e9e.<\/p>\n<p><b>Caract\u00e9ristiques<\/b><\/p>\n<h2 class=\"western\"><span style=\"font-family: Times New Roman, serif;\"><span style=\"font-size: medium;\">Kit compact \u00e0 usage unique<\/span><\/span><\/h2>\n<h2 class=\"western\"><span style=\"font-family: Times New Roman, serif;\"><span style=\"font-size: medium;\">Convient aux d\u00e9butants<\/span><\/span><\/h2>\n<h2 class=\"western\"><span style=\"font-family: Times New Roman, serif;\"><span style=\"font-size: medium;\">600 trains par barre<\/span><\/span><\/h2>\n<h2 class=\"western\"><span style=\"font-family: Times New Roman, serif;\"><span style=\"font-size: medium;\">Inhalation activ\u00e9e<\/span><\/span><\/h2>\n<h2 class=\"western\"><span style=\"font-family: Times New Roman, serif;\"><span style=\"font-size: medium;\">20mg de sel Nik<\/span><\/span><\/h2>\n<h2 class=\"western\"><span style=\"font-family: Times New Roman, serif;\"><span style=\"font-size: medium;\">Taux de nicotine : 20 mg\/ml<\/span><\/span><\/h2>\n<h2 class=\"western\"><span style=\"font-family: Times New Roman, serif;\"><span style=\"font-size: medium;\">volume de remplissage : 2.0 ml<\/span><\/span><\/h2>\n<div><\/div>\n<\/div>\n<div><\/div>\n<div>Attention : cette offre s'adresse exclusivement aux personnes majeures. La loi sur la protection de la jeunesse interdit l'offre et la vente de cet article aux enfants et aux adolescents. Un contrat de vente n'est conclu qu'apr\u00e8s une v\u00e9rification r\u00e9ussie de l'\u00e2ge. En outre, le facteur proc\u00e8de \u00e0 une v\u00e9rification lors de la remise du colis.<\/div>","protected":false},"excerpt":{"rendered":"<p><span style=\"color: #000000;\"><span style=\"font-family: Market Sans, Arial, sans-serif;\"><span style=\"font-size: small;\">Produktart: Einweg-Zigarette<\/span><\/span><\/span><\/p>\n<p align=\"LEFT\"><span style=\"color: #000000;\"><span style=\"font-family: Market Sans, Arial, sans-serif;\"><span style=\"font-size: small;\">Marke: ELF<\/span><\/span><\/span><\/p>\n<p align=\"LEFT\"><span style=\"color: #000000;\"><span style=\"font-family: Market Sans, Arial, sans-serif;\"><span style=\"font-size: small;\">EAN: 4255606703589<\/span><\/span><\/span><\/p>\n<p align=\"LEFT\"><span style=\"color: #000000;\"><span style=\"font-family: Market Sans, Arial, sans-serif;\"><span style=\"font-size: small;\">Modell: Elf Bar 600 Einweg E-Zigarette<\/span><\/span><\/span><\/p>\n<p align=\"LEFT\"><span style=\"color: #000000;\"><span style=\"font-family: Market Sans, Arial, sans-serif;\"><span style=\"font-size: small;\">Geschmacksrichtung: Strawberry Ice<\/span><\/span><\/span><\/p>\n<p align=\"LEFT\"><span style=\"color: #000000;\"><span style=\"font-family: Market Sans, Arial, sans-serif;\"><span style=\"font-size: small;\">Bedienung: Elektronisch<\/span><\/span><\/span><\/p>\n<p align=\"LEFT\"><span style=\"color: #000000;\"><span style=\"font-family: Market Sans, Arial, sans-serif;\"><span style=\"font-size: small;\">Akkukapazit\u00e4t: 360 mAh<\/span><\/span><\/span><\/p>\n<p align=\"LEFT\"><span style=\"color: #000000;\"><span style=\"font-family: Market Sans, Arial, sans-serif;\"><span style=\"font-size: small;\">Ablaufdatum: 2023<\/span><\/span><\/span><\/p>\n<p align=\"LEFT\"><span style=\"color: #000000;\"><span style=\"font-family: Market Sans, Arial, sans-serif;\"><span style=\"font-size: small;\">Nikotinst\u00e4rke: 20mg\/ml<\/span><\/span><\/span><\/p>\n<p align=\"LEFT\"><span style=\"color: #000000;\"><span style=\"font-family: Market Sans, Arial, sans-serif;\"><span style=\"font-size: small;\">Gefahrenhinweis: macht abh\u00e4ngig<\/span><\/span><\/span><\/p>","protected":false},"featured_media":83800,"comment_status":"open","ping_status":"closed","template":"","meta":{"_seopress_robots_primary_cat":"","_seopress_titles_title":"","_seopress_titles_desc":"","_seopress_robots_index":""},"product_brand":[],"product_cat":[1713,2626],"product_tag":[],"class_list":{"0":"post-83789","1":"product","2":"type-product","3":"status-publish","4":"has-post-thumbnail","6":"product_cat-genussmittel","7":"product_cat-e-zigaretten","8":"product_shipping_class-standard-versand","10":"first","11":"instock","12":"sale","13":"taxable","14":"shipping-taxable","15":"purchasable","16":"product-type-simple"},"_links":{"self":[{"href":"https:\/\/www.soanam.de\/fr\/wp-json\/wp\/v2\/product\/83789","targetHints":{"allow":["GET"]}}],"collection":[{"href":"https:\/\/www.soanam.de\/fr\/wp-json\/wp\/v2\/product"}],"about":[{"href":"https:\/\/www.soanam.de\/fr\/wp-json\/wp\/v2\/types\/product"}],"replies":[{"embeddable":true,"href":"https:\/\/www.soanam.de\/fr\/wp-json\/wp\/v2\/comments?post=83789"}],"wp:featuredmedia":[{"embeddable":true,"href":"https:\/\/www.soanam.de\/fr\/wp-json\/wp\/v2\/media\/83800"}],"wp:attachment":[{"href":"https:\/\/www.soanam.de\/fr\/wp-json\/wp\/v2\/media?parent=83789"}],"wp:term":[{"taxonomy":"product_brand","embeddable":true,"href":"https:\/\/www.soanam.de\/fr\/wp-json\/wp\/v2\/product_brand?post=83789"},{"taxonomy":"product_cat","embeddable":true,"href":"https:\/\/www.soanam.de\/fr\/wp-json\/wp\/v2\/product_cat?post=83789"},{"taxonomy":"product_tag","embeddable":true,"href":"https:\/\/www.soanam.de\/fr\/wp-json\/wp\/v2\/product_tag?post=83789"}],"curies":[{"name":"wp","href":"https:\/\/api.w.org\/{rel}","templated":true}]}}