{"id":83749,"date":"2023-12-17T02:45:10","date_gmt":"2023-12-17T01:45:10","guid":{"rendered":"https:\/\/www.soanam.de\/?post_type=product&#038;p=83749"},"modified":"2023-12-17T02:45:37","modified_gmt":"2023-12-17T01:45:37","slug":"esszimmerstuehle-im-scandinavian-design-aus-plastik-sitzschale-und-holzbeinen-4-stueck","status":"publish","type":"product","link":"https:\/\/www.soanam.de\/fr\/produkt\/esszimmerstuehle-im-scandinavian-design-aus-plastik-sitzschale-und-holzbeinen-4-stueck\/","title":{"rendered":"Chaises de salle \u00e0 manger au design scandinave, coque en plastique et pieds en bois - 4 pi\u00e8ces"},"content":{"rendered":"<p>Ein Design Klassiker, der nie aus der Mode kommt.<\/p>\n<p>Das M\u00f6belst\u00fcck hat einen anthrazit farbigen Schalensitz, der aus Polypropylen gefertigt ist. Es weist eine tiefe Sitzfl\u00e4che auf und sorgt so, mit seiner abgerundeten Sitzkante f\u00fcr einen angenehmen Sitzkomfort.\u00a0 Der Stuhl steht auf vier gewinkelt Holzbeinen mit Verstrebungen aus schwarzem Rundstahl. Der Metallrahmen, der die Beine des Stuhls verbindet gibt einen modernen Touch.<\/p>\n<p>Die Silhouette des modernen Esszimmer Stuhls wird vom ber\u00fchmten Scandinavian Design inspiriert.<\/p>\n<p>&nbsp;<\/p>\n<div class=\"rd-attribute-table__item\"><span class=\"rd-attribute-table__title\">Gewicht: <\/span>16 kg<\/div>\n<div class=\"rd-attribute-table__item\"><span class=\"rd-attribute-table__title\">Farbe: Anthrazit<\/span><\/div>\n<div class=\"rd-attribute-table__item\"><span class=\"rd-attribute-table__title\">L\u00e4nge: 46 cm<\/span><\/div>\n<div class=\"rd-attribute-table__item\"><span class=\"rd-attribute-table__title\">Breite: <\/span>51 cm<\/div>\n<div class=\"rd-attribute-table__item\"><span class=\"rd-attribute-table__title\">H\u00f6he: <\/span>82 cm<\/div>\n<div class=\"rd-attribute-table__item\"><span class=\"rd-attribute-table__title\">St\u00fcckzahl: <\/span>4<\/div>\n<div class=\"rd-attribute-table__item\"><span class=\"rd-attribute-table__title\">Materialzusammensetzung: <\/span>100% Kunststoff<\/div>","protected":false},"excerpt":{"rendered":"<table id=\"product-attribute-specs-table\" class=\"data table additional-attributes\" style=\"height: 631px;\" width=\"461\">\n<tbody class=\"table-prepend-body\">\n<tr>\n<th class=\"col label\" scope=\"row\"><\/th>\n<td class=\"col data\" data-th=\"Artikelnummer\"><\/td>\n<\/tr>\n<tr>\n<th class=\"col label\" scope=\"row\"><\/th>\n<td class=\"col data\" data-th=\"EAN\"><\/td>\n<\/tr>\n<tr>\n<th class=\"col label\" scope=\"row\"><\/th>\n<td class=\"col data\" data-th=\"Hersteller\"><\/td>\n<\/tr>\n<\/tbody>\n<tbody>\n<tr>\n<th class=\"col label\" scope=\"row\">Abmessungen<\/th>\n<td class=\"col data\" data-th=\"Abmessungen\">H x B x T:<br \/>\n82 cm x 46 cm x 51 cm<\/td>\n<\/tr>\n<tr>\n<th class=\"col label\" scope=\"row\">Armlehne<\/th>\n<td class=\"col data\" data-th=\"Armlehne\">Nein<\/td>\n<\/tr>\n<tr>\n<th class=\"col label\" scope=\"row\">Design Kollektion<\/th>\n<td class=\"col data\" data-th=\"Design Kollektion\">Scandinavian Design<\/td>\n<\/tr>\n<tr>\n<th class=\"col label\" scope=\"row\">Designer<\/th>\n<td class=\"col data\" data-th=\"Designer\">inconnu<\/td>\n<\/tr>\n<tr>\n<th class=\"col label\" scope=\"row\">Drehbar<\/th>\n<td class=\"col data\" data-th=\"Drehbar\">Nein<\/td>\n<\/tr>\n<tr>\n<th class=\"col label\" scope=\"row\">Couleur<\/th>\n<td class=\"col data\" data-th=\"Farbe (Herstellerangabe)\">anthrazit<\/td>\n<\/tr>\n<tr>\n<th class=\"col label\" scope=\"row\">Gestell<\/th>\n<td class=\"col data\" data-th=\"Gestell (Herstellerangabe)\">Ahorn natur<\/td>\n<\/tr>\n<tr>\n<th class=\"col label\" scope=\"row\">Hersteller-Artikelnummer<\/th>\n<td class=\"col data\" data-th=\"Hersteller-Artikelnummer\">G635-AMES-4BK-N-WO<\/td>\n<\/tr>\n<tr>\n<th class=\"col label\" scope=\"row\">H\u00f6henverstellbar<\/th>\n<td class=\"col data\" data-th=\"H\u00f6henverstellbar\">Nein<\/td>\n<\/tr>\n<tr>\n<th class=\"col label\" scope=\"row\">Klappbar<\/th>\n<td class=\"col data\" data-th=\"Klappbar\">Nein<\/td>\n<\/tr>\n<tr>\n<th class=\"col label\" scope=\"row\">Contenu de la livraison<\/th>\n<td class=\"col data\" data-th=\"Lieferumfang\">4 St\u00fchle zum Selbstaufbau<\/td>\n<\/tr>\n<tr>\n<th class=\"col label\" scope=\"row\">Mat\u00e9riau<\/th>\n<td class=\"col data\" data-th=\"Material (Herstellerangabe)\">Polypropylen<\/td>\n<\/tr>\n<tr>\n<th class=\"col label\" scope=\"row\">Montagestatus<\/th>\n<td class=\"col data\" data-th=\"Montagestatus\">Selbstmontage<\/td>\n<\/tr>\n<tr>\n<th class=\"col label\" scope=\"row\">Reihenverbindbar<\/th>\n<td class=\"col data\" data-th=\"Reihenverbindbar\">Nein<\/td>\n<\/tr>\n<tr>\n<th class=\"col label\" scope=\"row\">Sitzh\u00f6he<\/th>\n<td class=\"col data\" data-th=\"Sitzh\u00f6he\">43 cm<\/td>\n<\/tr>\n<tr>\n<th class=\"col label\" scope=\"row\">Stapelbar<\/th>\n<td class=\"col data\" data-th=\"Stapelbar\">Nein<\/td>\n<\/tr>\n<tr>\n<th class=\"col label\" scope=\"row\">Verwendbar im Aussenbereich<\/th>\n<td class=\"col data\" data-th=\"Verwendbar im Aussenbereich\">Nein<\/td>\n<\/tr>\n<\/tbody>\n<\/table>","protected":false},"featured_media":83755,"comment_status":"open","ping_status":"closed","template":"","meta":{"_seopress_robots_primary_cat":"","_seopress_titles_title":"","_seopress_titles_desc":"","_seopress_robots_index":""},"product_brand":[],"product_cat":[1400,1420],"product_tag":[],"class_list":{"0":"post-83749","1":"product","2":"type-product","3":"status-publish","4":"has-post-thumbnail","6":"product_cat-wohnzubehoer","7":"product_cat-wohndekoration","8":"product_shipping_class-standard-versand","10":"first","11":"instock","12":"sale","13":"taxable","14":"shipping-taxable","15":"purchasable","16":"product-type-simple"},"_links":{"self":[{"href":"https:\/\/www.soanam.de\/fr\/wp-json\/wp\/v2\/product\/83749","targetHints":{"allow":["GET"]}}],"collection":[{"href":"https:\/\/www.soanam.de\/fr\/wp-json\/wp\/v2\/product"}],"about":[{"href":"https:\/\/www.soanam.de\/fr\/wp-json\/wp\/v2\/types\/product"}],"replies":[{"embeddable":true,"href":"https:\/\/www.soanam.de\/fr\/wp-json\/wp\/v2\/comments?post=83749"}],"wp:featuredmedia":[{"embeddable":true,"href":"https:\/\/www.soanam.de\/fr\/wp-json\/wp\/v2\/media\/83755"}],"wp:attachment":[{"href":"https:\/\/www.soanam.de\/fr\/wp-json\/wp\/v2\/media?parent=83749"}],"wp:term":[{"taxonomy":"product_brand","embeddable":true,"href":"https:\/\/www.soanam.de\/fr\/wp-json\/wp\/v2\/product_brand?post=83749"},{"taxonomy":"product_cat","embeddable":true,"href":"https:\/\/www.soanam.de\/fr\/wp-json\/wp\/v2\/product_cat?post=83749"},{"taxonomy":"product_tag","embeddable":true,"href":"https:\/\/www.soanam.de\/fr\/wp-json\/wp\/v2\/product_tag?post=83749"}],"curies":[{"name":"wp","href":"https:\/\/api.w.org\/{rel}","templated":true}]}}