{"id":83668,"date":"2023-12-17T02:08:43","date_gmt":"2023-12-17T01:08:43","guid":{"rendered":"https:\/\/www.soanam.de\/?post_type=product&#038;p=83668"},"modified":"2023-12-17T02:43:00","modified_gmt":"2023-12-17T01:43:00","slug":"2021-jantipe-verdejo-sec-vin-blanc-075l","status":"publish","type":"product","link":"https:\/\/www.soanam.de\/fr\/produkt\/2021-jantipe-verdejo-trocken-weisswein-075l\/","title":{"rendered":"2021 Jantipe Verdejo sec - Vin blanc 0,75L"},"content":{"rendered":"<h3>Description du produit<\/h3>\n<p>Le J\u00e1ntipe Verdejo est un vin jaune dor\u00e9, on y voit les tons verts herbac\u00e9s typiques de cette vari\u00e9t\u00e9.<br \/>\nAu nez, c'est un vin tr\u00e8s aromatique et \u00e9l\u00e9gant qui se distingue par ses nuances d'herbe fra\u00eeche, de fruits tropicaux et de quelques fruits blancs.<br \/>\nEn bouche, il se distingue par sa constance, ce qui donne un vin long et riche en saveurs, qui laisse en fin de bouche l'arri\u00e8re-go\u00fbt amer typique de la vari\u00e9t\u00e9.<\/p>\n<p>C'est un vin parfait pour accompagner les plats de riz avec du poisson et des fruits de mer...<\/p>\n<p><strong>D\u00e9tails<\/strong><\/p>\n<p>Contenu : 0,75 L<br \/>\nType de vin : vin blanc<br \/>\nMill\u00e9sime : 2021<br \/>\nC\u00e9page : Verdejo<br \/>\nNiveau de qualit\u00e9 : vin de qualit\u00e9<br \/>\nGo\u00fbt : sec<br \/>\nTeneur en alcool (vol.%) : 12 %<br \/>\nAllerg\u00e8nes : Contient des sulfites<br \/>\nProducteur : Alcasor Weing\u00fcter<br \/>\nPays : Espagne, Toledo<br \/>\nR\u00e9gion : La Mancha<\/p>\n<p><strong>Remarque<\/strong><br \/>\nDistribution uniquement aux personnes \u00e2g\u00e9es de 18 ans r\u00e9volus<\/p>","protected":false},"excerpt":{"rendered":"<h3>Caract\u00e9ristiques de l'article<\/h3>\n<p>Artikelzustand: Neu - Neuer, unbenutzter und unbesch\u00e4digter Artikel in der unge\u00f6ffneten Verpackung<\/p>\n<table dir=\"ltr\" border=\"1\" cellspacing=\"0\" cellpadding=\"0\">\n<colgroup>\n<col width=\"203\" \/>\n<col width=\"259\" \/><\/colgroup>\n<tbody>\n<tr>\n<td data-sheets-value=\"{&quot;1&quot;:2,&quot;2&quot;:&quot;Alkoholgehalt:&quot;}\">Alkoholgehalt:<\/td>\n<td data-sheets-value=\"{&quot;1&quot;:2,&quot;2&quot;:&quot;10,1-15%&quot;}\">12%<\/td>\n<\/tr>\n<tr>\n<td data-sheets-value=\"{&quot;1&quot;:2,&quot;2&quot;:&quot;Allergene:&quot;}\">Allergene:<\/td>\n<td data-sheets-value=\"{&quot;1&quot;:2,&quot;2&quot;:&quot;Schwefeldioxid &amp; Sulfite&quot;}\">Sulfite<\/td>\n<\/tr>\n<tr>\n<td data-sheets-value=\"{&quot;1&quot;:2,&quot;2&quot;:&quot;Basis:&quot;}\">Basis:<\/td>\n<td data-sheets-value=\"{&quot;1&quot;:2,&quot;2&quot;:&quot;Lemberger&quot;}\">Verdejo<\/td>\n<\/tr>\n<tr>\n<td data-sheets-value=\"{&quot;1&quot;:2,&quot;2&quot;:&quot;EAN:&quot;}\">EAN:<\/td>\n<td data-sheets-value=\"{&quot;1&quot;:3,&quot;3&quot;:4010333030373}\">8437010569081<\/td>\n<\/tr>\n<tr>\n<td data-sheets-value=\"{&quot;1&quot;:2,&quot;2&quot;:&quot;Eigenschaften:&quot;}\">Caract\u00e9ristiques :<\/td>\n<td data-sheets-value=\"{&quot;1&quot;:2,&quot;2&quot;:&quot;dicht und harmonisch&quot;}\">elegant und aromatisch<\/td>\n<\/tr>\n<tr>\n<td data-sheets-value=\"{&quot;1&quot;:2,&quot;2&quot;:&quot;Farbe:&quot;}\">couleur :<\/td>\n<td data-sheets-value=\"{&quot;1&quot;:2,&quot;2&quot;:&quot;Rot&quot;}\">Blanc<\/td>\n<\/tr>\n<tr>\n<td data-sheets-value=\"{&quot;1&quot;:2,&quot;2&quot;:&quot;Jahrgang:&quot;}\">Jahrgang:<\/td>\n<td data-sheets-value=\"{&quot;1&quot;:3,&quot;3&quot;:2019}\">2021<\/td>\n<\/tr>\n<tr>\n<td data-sheets-value=\"{&quot;1&quot;:2,&quot;2&quot;:&quot;Lebensmittelspezifikationen:&quot;}\">Lebensmittelspezifikationen:<\/td>\n<td data-sheets-value=\"{&quot;1&quot;:2,&quot;2&quot;:&quot;Alkoholhaltig&quot;}\">Alkoholhaltig<\/td>\n<\/tr>\n<tr>\n<td data-sheets-value=\"{&quot;1&quot;:2,&quot;2&quot;:&quot;Marke:&quot;}\">Marke:<\/td>\n<td data-sheets-value=\"{&quot;1&quot;:2,&quot;2&quot;:&quot;Lemberger&quot;}\">Jantipe<\/td>\n<\/tr>\n<tr>\n<td data-sheets-value=\"{&quot;1&quot;:2,&quot;2&quot;:&quot;Region:&quot;}\">Region:<\/td>\n<td data-sheets-value=\"{&quot;1&quot;:2,&quot;2&quot;:&quot;W\u00fcrttemberg, Deutschland&quot;}\">La Mancha, Toledo, Spanien<\/td>\n<\/tr>\n<tr>\n<td data-sheets-value=\"{&quot;1&quot;:2,&quot;2&quot;:&quot;Signiert:&quot;}\">Signiert:<\/td>\n<td data-sheets-value=\"{&quot;1&quot;:2,&quot;2&quot;:&quot;Nein&quot;}\">Nein<\/td>\n<\/tr>\n<tr>\n<td data-sheets-value=\"{&quot;1&quot;:2,&quot;2&quot;:&quot;Stil:&quot;}\">Stil:<\/td>\n<td data-sheets-value=\"{&quot;1&quot;:2,&quot;2&quot;:&quot;Trocken&quot;}\">Trocken<\/td>\n<\/tr>\n<tr>\n<td data-sheets-value=\"{&quot;1&quot;:2,&quot;2&quot;:&quot;Verpackung:&quot;}\">Verpackung:<\/td>\n<td data-sheets-value=\"{&quot;1&quot;:2,&quot;2&quot;:&quot;Flasche (Drehverschluss)&quot;}\">Flasche<\/td>\n<\/tr>\n<tr>\n<td data-sheets-value=\"{&quot;1&quot;:2,&quot;2&quot;:&quot;Volumen:&quot;}\">Volumen:<\/td>\n<td data-sheets-value=\"{&quot;1&quot;:2,&quot;2&quot;:&quot;0,75 L&quot;}\">0,75 L<\/td>\n<\/tr>\n<\/tbody>\n<\/table>","protected":false},"featured_media":83719,"comment_status":"open","ping_status":"closed","template":"","meta":{"_seopress_robots_primary_cat":"","_seopress_titles_title":"","_seopress_titles_desc":"","_seopress_robots_index":""},"product_brand":[],"product_cat":[1499,1512],"product_tag":[],"class_list":{"0":"post-83668","1":"product","2":"type-product","3":"status-publish","4":"has-post-thumbnail","6":"product_cat-alkoholische-getraenke","7":"product_cat-weine","8":"product_shipping_class-standard-versand","10":"first","11":"instock","12":"sale","13":"taxable","14":"shipping-taxable","15":"purchasable","16":"product-type-simple"},"_links":{"self":[{"href":"https:\/\/www.soanam.de\/fr\/wp-json\/wp\/v2\/product\/83668","targetHints":{"allow":["GET"]}}],"collection":[{"href":"https:\/\/www.soanam.de\/fr\/wp-json\/wp\/v2\/product"}],"about":[{"href":"https:\/\/www.soanam.de\/fr\/wp-json\/wp\/v2\/types\/product"}],"replies":[{"embeddable":true,"href":"https:\/\/www.soanam.de\/fr\/wp-json\/wp\/v2\/comments?post=83668"}],"wp:featuredmedia":[{"embeddable":true,"href":"https:\/\/www.soanam.de\/fr\/wp-json\/wp\/v2\/media\/83719"}],"wp:attachment":[{"href":"https:\/\/www.soanam.de\/fr\/wp-json\/wp\/v2\/media?parent=83668"}],"wp:term":[{"taxonomy":"product_brand","embeddable":true,"href":"https:\/\/www.soanam.de\/fr\/wp-json\/wp\/v2\/product_brand?post=83668"},{"taxonomy":"product_cat","embeddable":true,"href":"https:\/\/www.soanam.de\/fr\/wp-json\/wp\/v2\/product_cat?post=83668"},{"taxonomy":"product_tag","embeddable":true,"href":"https:\/\/www.soanam.de\/fr\/wp-json\/wp\/v2\/product_tag?post=83668"}],"curies":[{"name":"wp","href":"https:\/\/api.w.org\/{rel}","templated":true}]}}