{"id":83643,"date":"2023-12-17T02:04:02","date_gmt":"2023-12-17T01:04:02","guid":{"rendered":"https:\/\/www.soanam.de\/?post_type=product&#038;p=83643"},"modified":"2023-12-17T02:41:15","modified_gmt":"2023-12-17T01:41:15","slug":"petite-fleur-soutien-gorge-classique-a-armatures-avec-dentelle-en-blanc-gr-85d","status":"publish","type":"product","link":"https:\/\/www.soanam.de\/fr\/produkt\/petite-fleur-klassischer-buegel-bh-mit-spitze-in-weiss-gr-85d\/","title":{"rendered":"petite fleur soutien-gorge classique \u00e0 armatures avec dentelle, en blanc, taille 85D"},"content":{"rendered":"<p>Soutien-gorge en dentelle de Petite Fleur<br \/>\nDentelle jacquard \u00e9lastique sur le haut du bonnet<br \/>\nArceaux moul\u00e9s int\u00e9gr\u00e9s pour un maintien s\u00fbr<br \/>\ndos en mat\u00e9riau Microtouch doux<\/p>\n<p>Un soutien-gorge classique \u00e0 armatures de Petite Fleur.<br \/>\nSon design \u00e9l\u00e9gant, associ\u00e9 \u00e0 un maintien fiable et \u00e0 une coupe confortable, font de ce soutien-gorge en dentelle un h\u00e9ros du quotidien.<br \/>\nLes armatures int\u00e9gr\u00e9es soutiennent la poitrine en douceur et sculptent un d\u00e9collet\u00e9 naturellement beau, mis en valeur par une dentelle jacquard \u00e9lastique sur le haut du bonnet.<br \/>\nLa moiti\u00e9 inf\u00e9rieure du bonnet est en jacquard opaque et orn\u00e9e de broderies discr\u00e8tes.<br \/>\nLe dos en mati\u00e8re micro-touch douce contribue au confort, tout comme les bretelles r\u00e9glables et la fermeture dans le dos permettent un ajustement parfait.<\/p>\n<p>Mati\u00e8re : 90% polyamide, 10% \u00e9lasthanne<br \/>\nConseils d'entretien : Lavage \u00e0 la main<\/p>\n<p>couleur : blanc<br \/>\nmotif : fleurs<br \/>\nTaille : 85<br \/>\nCoupe : D<\/p>","protected":false},"excerpt":{"rendered":"<table class=\"dv_characteristicsTable\">\n<tbody>\n<tr>\n<td class=\"left\">Taille<\/td>\n<td>85<\/td>\n<\/tr>\n<\/tbody>\n<\/table>\n<table class=\"dv_characteristicsTable\">\n<tbody>\n<tr>\n<td class=\"left\">Couleur<\/td>\n<td>wei\u00df<\/td>\n<\/tr>\n<\/tbody>\n<\/table>\n<table class=\"dv_characteristicsTable\">\n<tbody>\n<tr>\n<td class=\"left\">Composition du mat\u00e9riau<\/td>\n<td>90% Polyamid, 10% Elasthan<\/td>\n<\/tr>\n<tr>\n<td class=\"left\">Materialart<\/td>\n<td>Spitze<\/td>\n<\/tr>\n<tr>\n<td class=\"left\">Conseils d'entretien<\/td>\n<td>Lavage \u00e0 la main<\/td>\n<\/tr>\n<\/tbody>\n<\/table>\n<table class=\"dv_characteristicsTable\">\n<tbody>\n<tr>\n<td class=\"left\">Stil<\/td>\n<td>klassisch<\/td>\n<\/tr>\n<\/tbody>\n<\/table>\n<table class=\"dv_characteristicsTable\">\n<tbody>\n<tr>\n<td class=\"left\">Cupdetails<\/td>\n<td>Mittelnaht<\/td>\n<\/tr>\n<tr>\n<td class=\"left\">B\u00fcgel<\/td>\n<td>mit B\u00fcgel<\/td>\n<\/tr>\n<\/tbody>\n<\/table>\n<table class=\"dv_characteristicsTable\">\n<tbody>\n<tr>\n<td class=\"left\">Porteur<\/td>\n<td>mit Tr\u00e4ger<\/td>\n<\/tr>\n<tr>\n<td class=\"left\">Tr\u00e4gerdetails<\/td>\n<td>verstellbar<\/td>\n<\/tr>\n<\/tbody>\n<\/table>\n<table class=\"dv_characteristicsTable\">\n<tbody>\n<tr>\n<td class=\"left\">Verschluss<\/td>\n<td>Haken &amp; \u00d6sen<\/td>\n<\/tr>\n<\/tbody>\n<\/table>\n<p>&nbsp;<\/p>\n<p>&nbsp;<\/p>","protected":false},"featured_media":83701,"comment_status":"open","ping_status":"closed","template":"","meta":{"_seopress_robots_primary_cat":"","_seopress_titles_title":"","_seopress_titles_desc":"","_seopress_robots_index":""},"product_brand":[],"product_cat":[1348,1444,1516],"product_tag":[],"class_list":{"0":"post-83643","1":"product","2":"type-product","3":"status-publish","4":"has-post-thumbnail","6":"product_cat-damen-mode","7":"product_cat-unterwaesche","8":"product_cat-bhs","9":"product_shipping_class-standard-versand","11":"first","12":"instock","13":"sale","14":"taxable","15":"shipping-taxable","16":"purchasable","17":"product-type-simple"},"_links":{"self":[{"href":"https:\/\/www.soanam.de\/fr\/wp-json\/wp\/v2\/product\/83643","targetHints":{"allow":["GET"]}}],"collection":[{"href":"https:\/\/www.soanam.de\/fr\/wp-json\/wp\/v2\/product"}],"about":[{"href":"https:\/\/www.soanam.de\/fr\/wp-json\/wp\/v2\/types\/product"}],"replies":[{"embeddable":true,"href":"https:\/\/www.soanam.de\/fr\/wp-json\/wp\/v2\/comments?post=83643"}],"wp:featuredmedia":[{"embeddable":true,"href":"https:\/\/www.soanam.de\/fr\/wp-json\/wp\/v2\/media\/83701"}],"wp:attachment":[{"href":"https:\/\/www.soanam.de\/fr\/wp-json\/wp\/v2\/media?parent=83643"}],"wp:term":[{"taxonomy":"product_brand","embeddable":true,"href":"https:\/\/www.soanam.de\/fr\/wp-json\/wp\/v2\/product_brand?post=83643"},{"taxonomy":"product_cat","embeddable":true,"href":"https:\/\/www.soanam.de\/fr\/wp-json\/wp\/v2\/product_cat?post=83643"},{"taxonomy":"product_tag","embeddable":true,"href":"https:\/\/www.soanam.de\/fr\/wp-json\/wp\/v2\/product_tag?post=83643"}],"curies":[{"name":"wp","href":"https:\/\/api.w.org\/{rel}","templated":true}]}}