{"id":83630,"date":"2023-12-17T02:02:46","date_gmt":"2023-12-17T01:02:46","guid":{"rendered":"https:\/\/www.soanam.de\/?post_type=product&#038;p=83630"},"modified":"2023-12-17T02:40:20","modified_gmt":"2023-12-17T01:40:20","slug":"petite-fleur-gold-buegel-bh-in-chetaah-optik-schwarz-gr-95e","status":"publish","type":"product","link":"https:\/\/www.soanam.de\/fr\/produkt\/petite-fleur-gold-buegel-bh-in-chetaah-optik-schwarz-gr-95e\/","title":{"rendered":"Petite Fleur gold B\u00fcgel-BH in Chetaah Optik, Schwarz, Gr. 95E"},"content":{"rendered":"<p>B\u00fcgel-BH von petite Fleur gold<br \/>\nBreite verstellbare Tr\u00e4ger<br \/>\nMit B\u00fcgel und Unterbrustband<br \/>\nBreiter Verschluss mit 4 H\u00e4kchen und \u00d6sen<br \/>\nGef\u00fcttert, mit Chetaah-Print<\/p>\n<p>Dieser BH mit B\u00fcgel von Petite Fleur vereint bequemen Tragekomfort mit dezent femininer Optik.<br \/>\nUm eine perfekte Passform f\u00fcr alle Gr\u00f6\u00dfen zu garantieren, werden in gr\u00f6\u00dferen Unterbrustgr\u00f6\u00dfen und Cups die Tr\u00e4ger breiter, so dass sie nicht unangenehm auf den Schultern einschneiden.<br \/>\nF\u00fcr einen zuverl\u00e4ssigen Halt und optimalen Sitz werden auch die R\u00fccken und Hakenverschl\u00fcsse breiter. F\u00fcr hohen Tragekomfort sorgen breitere Elastikb\u00e4nder entlang der Kanten, die dank hochelastischer N\u00e4hte nicht einschn\u00fcren.<br \/>\nIm R\u00fccken wird dieser Komfort durch einen Hakenverschluss mit 3 Verstellm\u00f6glichkeiten optimiert.<\/p>\n<p>Mati\u00e8re : 88% polyamide, 12% \u00e9lasthanne<br \/>\nConseils d'entretien : Lavage \u00e0 la main<\/p>\n<p>couleur : noir<br \/>\nMuster: Chetaah<br \/>\nGr\u00f6\u00dfe: 95<br \/>\nCup: E<\/p>","protected":false},"excerpt":{"rendered":"<table class=\"dv_characteristicsTable\">\n<tbody>\n<tr>\n<td class=\"left\">Taille<\/td>\n<td>95<\/td>\n<\/tr>\n<\/tbody>\n<\/table>\n<table class=\"dv_characteristicsTable\">\n<tbody>\n<tr>\n<td class=\"left\">K\u00f6rbchengr\u00f6\u00dfe<\/td>\n<td>Cup E<\/td>\n<\/tr>\n<\/tbody>\n<\/table>\n<table class=\"dv_characteristicsTable\">\n<tbody>\n<tr>\n<td class=\"left\">Couleur<\/td>\n<td>schwarz<\/td>\n<\/tr>\n<\/tbody>\n<\/table>\n<table class=\"dv_characteristicsTable\">\n<tbody>\n<tr>\n<td class=\"left\">Composition du mat\u00e9riau<\/td>\n<td>88% Polyamid, 12% Elasthan<\/td>\n<\/tr>\n<tr>\n<td class=\"left\">Materialart<\/td>\n<td>Mesh<\/td>\n<\/tr>\n<\/tbody>\n<\/table>\n<table class=\"dv_characteristicsTable\">\n<tbody>\n<tr>\n<td class=\"left\">Optik<\/td>\n<td>gemustert<\/td>\n<\/tr>\n<tr>\n<td class=\"left\">Porteur<\/td>\n<td>verstellbar<\/td>\n<\/tr>\n<\/tbody>\n<\/table>\n<p>&nbsp;<\/p>","protected":false},"featured_media":83693,"comment_status":"open","ping_status":"closed","template":"","meta":{"_seopress_robots_primary_cat":"","_seopress_titles_title":"","_seopress_titles_desc":"","_seopress_robots_index":""},"product_brand":[],"product_cat":[1348,1444,1516],"product_tag":[],"class_list":{"0":"post-83630","1":"product","2":"type-product","3":"status-publish","4":"has-post-thumbnail","6":"product_cat-damen-mode","7":"product_cat-unterwaesche","8":"product_cat-bhs","9":"product_shipping_class-standard-versand","11":"first","12":"instock","13":"sale","14":"taxable","15":"shipping-taxable","16":"purchasable","17":"product-type-simple"},"_links":{"self":[{"href":"https:\/\/www.soanam.de\/fr\/wp-json\/wp\/v2\/product\/83630","targetHints":{"allow":["GET"]}}],"collection":[{"href":"https:\/\/www.soanam.de\/fr\/wp-json\/wp\/v2\/product"}],"about":[{"href":"https:\/\/www.soanam.de\/fr\/wp-json\/wp\/v2\/types\/product"}],"replies":[{"embeddable":true,"href":"https:\/\/www.soanam.de\/fr\/wp-json\/wp\/v2\/comments?post=83630"}],"wp:featuredmedia":[{"embeddable":true,"href":"https:\/\/www.soanam.de\/fr\/wp-json\/wp\/v2\/media\/83693"}],"wp:attachment":[{"href":"https:\/\/www.soanam.de\/fr\/wp-json\/wp\/v2\/media?parent=83630"}],"wp:term":[{"taxonomy":"product_brand","embeddable":true,"href":"https:\/\/www.soanam.de\/fr\/wp-json\/wp\/v2\/product_brand?post=83630"},{"taxonomy":"product_cat","embeddable":true,"href":"https:\/\/www.soanam.de\/fr\/wp-json\/wp\/v2\/product_cat?post=83630"},{"taxonomy":"product_tag","embeddable":true,"href":"https:\/\/www.soanam.de\/fr\/wp-json\/wp\/v2\/product_tag?post=83630"}],"curies":[{"name":"wp","href":"https:\/\/api.w.org\/{rel}","templated":true}]}}