{"id":83618,"date":"2023-12-17T02:01:31","date_gmt":"2023-12-17T01:01:31","guid":{"rendered":"https:\/\/www.soanam.de\/?post_type=product&#038;p=83618"},"modified":"2023-12-17T02:39:20","modified_gmt":"2023-12-17T01:39:20","slug":"sunseeker-pantalon-de-bikini-avec-imprime-moderne-multicolore-gr-38","status":"publish","type":"product","link":"https:\/\/www.soanam.de\/fr\/produkt\/sunseeker-bikini-hose-mit-modernem-print-mehrfarbig-gr-38\/","title":{"rendered":"Sunseeker Pantalon de bikini avec imprim\u00e9 moderne, multicolore, taille 38"},"content":{"rendered":"<p>Mixkini de Sunseeker : mixer au gr\u00e9 de ses envies<br \/>\nDesign fantaisiste<br \/>\nAvec le label de la marque sur le devant<br \/>\nMicrofibre douce<\/p>\n<p>Commence la saison des baignades avec cette culotte de bikini Sunseeker !<br \/>\nLa fine culotte de bikini fait sensation avec un imprim\u00e9 de motifs abstraits aussi vari\u00e9s que les coquillages sur la plage.<br \/>\nGr\u00e2ce \u00e0 la conception multicolore des couleurs, tu as un grand choix de possibilit\u00e9s pour mixer ton haut pr\u00e9f\u00e9r\u00e9 avec.<br \/>\nGr\u00e2ce \u00e0 l'entrejambe doubl\u00e9 en douceur, ce maillot de bain \u00e9lastique est agr\u00e9able \u00e0 porter et ne serre pas gr\u00e2ce \u00e0 sa taille stretch.<\/p>\n<p>Mati\u00e8re : 84% polyamide, 16% \u00e9lasthanne<br \/>\nConseils d'entretien : Lavage en machine<\/p>\n<p>couleur : multicolore<br \/>\nmotif : moderne<br \/>\nTaille : 38<\/p>\n<p>&nbsp;<\/p>\n<p>Attention : il ne s'agit ici que d'un pantalon de bikini, PAS d'un bikini complet !<\/p>","protected":false},"excerpt":{"rendered":"<table class=\"dv_characteristicsTable\">\n<tbody>\n<tr>\n<td class=\"left\">Taille<\/td>\n<td>38<\/td>\n<\/tr>\n<tr>\n<td class=\"left\">Gr\u00f6\u00dfentyp<\/td>\n<td>Normalgr\u00f6\u00dfen<\/td>\n<\/tr>\n<\/tbody>\n<\/table>\n<table class=\"dv_characteristicsTable\">\n<tbody>\n<tr>\n<td class=\"left\">Couleur<\/td>\n<td>mehrfarbig-bedruckt<\/td>\n<\/tr>\n<\/tbody>\n<\/table>\n<table class=\"dv_characteristicsTable\">\n<tbody>\n<tr>\n<td class=\"left\">Conseils d'entretien<\/td>\n<td>Lavage en machine<\/td>\n<\/tr>\n<\/tbody>\n<\/table>\n<table class=\"dv_characteristicsTable\">\n<tbody>\n<tr>\n<td class=\"left\">Dessus<\/td>\n<td>84% Polyamid, 16% Elasthan<\/td>\n<\/tr>\n<tr>\n<td class=\"left\">Alimentation<\/td>\n<td>100% Polyamide<\/td>\n<\/tr>\n<tr>\n<td class=\"left\">Materialart<\/td>\n<td>Microfaser<\/td>\n<\/tr>\n<\/tbody>\n<\/table>\n<table class=\"dv_characteristicsTable\">\n<tbody>\n<tr>\n<td class=\"left\">Optik<\/td>\n<td>gemustert<\/td>\n<\/tr>\n<\/tbody>\n<\/table>","protected":false},"featured_media":83684,"comment_status":"open","ping_status":"closed","template":"","meta":{"_seopress_robots_primary_cat":"","_seopress_titles_title":"","_seopress_titles_desc":"","_seopress_robots_index":""},"product_brand":[],"product_cat":[1348,1562,1563],"product_tag":[],"class_list":{"0":"post-83618","1":"product","2":"type-product","3":"status-publish","4":"has-post-thumbnail","6":"product_cat-damen-mode","7":"product_cat-bademode","8":"product_cat-einzelteile-bademode","9":"product_shipping_class-standard-versand","11":"first","12":"instock","13":"sale","14":"taxable","15":"shipping-taxable","16":"purchasable","17":"product-type-simple"},"_links":{"self":[{"href":"https:\/\/www.soanam.de\/fr\/wp-json\/wp\/v2\/product\/83618","targetHints":{"allow":["GET"]}}],"collection":[{"href":"https:\/\/www.soanam.de\/fr\/wp-json\/wp\/v2\/product"}],"about":[{"href":"https:\/\/www.soanam.de\/fr\/wp-json\/wp\/v2\/types\/product"}],"replies":[{"embeddable":true,"href":"https:\/\/www.soanam.de\/fr\/wp-json\/wp\/v2\/comments?post=83618"}],"wp:featuredmedia":[{"embeddable":true,"href":"https:\/\/www.soanam.de\/fr\/wp-json\/wp\/v2\/media\/83684"}],"wp:attachment":[{"href":"https:\/\/www.soanam.de\/fr\/wp-json\/wp\/v2\/media?parent=83618"}],"wp:term":[{"taxonomy":"product_brand","embeddable":true,"href":"https:\/\/www.soanam.de\/fr\/wp-json\/wp\/v2\/product_brand?post=83618"},{"taxonomy":"product_cat","embeddable":true,"href":"https:\/\/www.soanam.de\/fr\/wp-json\/wp\/v2\/product_cat?post=83618"},{"taxonomy":"product_tag","embeddable":true,"href":"https:\/\/www.soanam.de\/fr\/wp-json\/wp\/v2\/product_tag?post=83618"}],"curies":[{"name":"wp","href":"https:\/\/api.w.org\/{rel}","templated":true}]}}