{"id":83588,"date":"2023-12-17T01:58:30","date_gmt":"2023-12-17T00:58:30","guid":{"rendered":"https:\/\/www.soanam.de\/?post_type=product&#038;p=83588"},"modified":"2023-12-17T02:07:58","modified_gmt":"2023-12-17T01:07:58","slug":"lascana-tankini-dos-nu-a-armatures-marine-gr-36a","status":"publish","type":"product","link":"https:\/\/www.soanam.de\/fr\/produkt\/lascana-buegel-tankini-neckholder-in-marine-gr-36a\/","title":{"rendered":"Lascana Tankini dos nu \u00e0 armatures, en marine, taille 36A"},"content":{"rendered":"<p>Forme en A adapt\u00e9e \u00e0 la silhouette<br \/>\nCouvre le ventre<br \/>\nNe colle pas \u00e0 la peau<br \/>\nArceau incorpor\u00e9<br \/>\nBretelles amovibles<\/p>\n<p>Le tankini de Lascana a des armatures int\u00e9gr\u00e9es et une bande sous la poitrine avec une barrette dor\u00e9e d\u00e9corative \u00e0 l'avant.<br \/>\nLe top est travaill\u00e9 dans une forme A l\u00e9g\u00e8rement \u00e9vas\u00e9e qui cache le ventre et pardonne avec charme les petites zones probl\u00e9matiques au niveau du ventre et des hanches.<br \/>\nTu peux enlever les bretelles ou les porter en tour de cou.<br \/>\nLe pantalon est de couleur unie et de coupe normale et agr\u00e9able.<\/p>\n<p>Mati\u00e8re : polyamide 86%, \u00e9lasthanne 14%, doublure : polyamide 100%.<br \/>\nConseils d'entretien : Lavage \u00e0 la main<\/p>\n<p>couleur : marine<br \/>\n\u00c9chantillon : sans<br \/>\nTaille : 36 Taille de bonnet A<\/p>","protected":false},"excerpt":{"rendered":"<table class=\"dv_characteristicsTable\">\n<tbody>\n<tr>\n<td class=\"left\">Taille<\/td>\n<td>36<\/td>\n<\/tr>\n<tr>\n<td class=\"left\">K\u00f6rbchengr\u00f6\u00dfe<\/td>\n<td>Cup A<\/td>\n<\/tr>\n<tr>\n<td class=\"left\">Couleur<\/td>\n<td>marine<\/td>\n<\/tr>\n<tr>\n<td class=\"left\">Conseils d'entretien<\/td>\n<td>Lavage \u00e0 la main<\/td>\n<\/tr>\n<tr>\n<td class=\"left\">B\u00fcgel<\/td>\n<td>mit B\u00fcgel<\/td>\n<\/tr>\n<tr>\n<td class=\"left\">Details Tr\u00e4ger<\/td>\n<td>abnehmbar<\/td>\n<\/tr>\n<tr>\n<td class=\"left\">Fonctions<\/td>\n<td>Top mit Unterbrustband und B\u00fcgel<\/td>\n<\/tr>\n<tr>\n<td class=\"left\">Mat\u00e9riau<\/td>\n<td>Polyamide<\/td>\n<\/tr>\n<tr>\n<td class=\"left\">Composition du mat\u00e9riau<\/td>\n<td>Obermaterial: 86% Polyamid, 14% Elasthan. Futter: 100% Polyamid<\/td>\n<\/tr>\n<\/tbody>\n<\/table>","protected":false},"featured_media":83656,"comment_status":"open","ping_status":"closed","template":"","meta":{"_seopress_robots_primary_cat":"","_seopress_titles_title":"","_seopress_titles_desc":"","_seopress_robots_index":""},"product_brand":[],"product_cat":[1348,1562,1614],"product_tag":[],"class_list":{"0":"post-83588","1":"product","2":"type-product","3":"status-publish","4":"has-post-thumbnail","6":"product_cat-damen-mode","7":"product_cat-bademode","8":"product_cat-tankini","9":"product_shipping_class-standard-versand","11":"first","12":"instock","13":"sale","14":"taxable","15":"shipping-taxable","16":"purchasable","17":"product-type-simple"},"_links":{"self":[{"href":"https:\/\/www.soanam.de\/fr\/wp-json\/wp\/v2\/product\/83588","targetHints":{"allow":["GET"]}}],"collection":[{"href":"https:\/\/www.soanam.de\/fr\/wp-json\/wp\/v2\/product"}],"about":[{"href":"https:\/\/www.soanam.de\/fr\/wp-json\/wp\/v2\/types\/product"}],"replies":[{"embeddable":true,"href":"https:\/\/www.soanam.de\/fr\/wp-json\/wp\/v2\/comments?post=83588"}],"wp:featuredmedia":[{"embeddable":true,"href":"https:\/\/www.soanam.de\/fr\/wp-json\/wp\/v2\/media\/83656"}],"wp:attachment":[{"href":"https:\/\/www.soanam.de\/fr\/wp-json\/wp\/v2\/media?parent=83588"}],"wp:term":[{"taxonomy":"product_brand","embeddable":true,"href":"https:\/\/www.soanam.de\/fr\/wp-json\/wp\/v2\/product_brand?post=83588"},{"taxonomy":"product_cat","embeddable":true,"href":"https:\/\/www.soanam.de\/fr\/wp-json\/wp\/v2\/product_cat?post=83588"},{"taxonomy":"product_tag","embeddable":true,"href":"https:\/\/www.soanam.de\/fr\/wp-json\/wp\/v2\/product_tag?post=83588"}],"curies":[{"name":"wp","href":"https:\/\/api.w.org\/{rel}","templated":true}]}}