{"id":83577,"date":"2023-12-17T01:57:10","date_gmt":"2023-12-17T00:57:10","guid":{"rendered":"https:\/\/www.soanam.de\/?post_type=product&#038;p=83577"},"modified":"2023-12-17T02:04:32","modified_gmt":"2023-12-17T01:04:32","slug":"sheego-cardigan-in-kurzform-mit-taschen-in-schwarz-gr-40-42","status":"publish","type":"product","link":"https:\/\/www.soanam.de\/fr\/produkt\/sheego-cardigan-in-kurzform-mit-taschen-in-schwarz-gr-40-42\/","title":{"rendered":"Sheego Cardigan in Kurzform, mit Taschen, in Schwarz, Gr. 40\/42"},"content":{"rendered":"<p>Cardigan von Sheego<br \/>\nRundhals-Ausschnitt mit durchgehender Knopfleiste<br \/>\nRippbund an Ausschnitt, \u00c4rmelabschluss und Saum<br \/>\nPerlenstrick<\/p>\n<p>Die kurze Strickjacke von Sheego ist im Perlenstrick gearbeitet und zeigt sich mit gro\u00dfen aufgesetzten Taschen.<br \/>\nDer klassische, figurumspielende Schnitt besitzt markante Rippb\u00fcndchen am Rundhals-Ausschnitt sowie an der Knopfleiste, am \u00c4rmelabschluss und Saum.<br \/>\nDer Cadigan ,l\u00e4sst sich mit gro\u00dfen Kn\u00f6pfen verschlie\u00dfen.<\/p>\n<p>Mati\u00e8re : 50% coton, 50% polyacrylique<br \/>\nConseils d'entretien : Lavage en machine<\/p>\n<p>couleur : noir<br \/>\nmotif : tricot perl\u00e9<br \/>\nTaille : 40\/42<\/p>\n<p>Largeur des \u00e9paules : 43cm<br \/>\nTour de poitrine : 112cm<br \/>\nLongueur des manches : 62cm<br \/>\nlongueur totale : 64cm<\/p>","protected":false},"excerpt":{"rendered":"<table class=\"dv_characteristicsTable\">\n<tbody>\n<tr>\n<td class=\"left\"><\/td>\n<td><\/td>\n<\/tr>\n<tr>\n<td class=\"left\"><\/td>\n<td><\/td>\n<\/tr>\n<tr>\n<td class=\"left\"><\/td>\n<td><\/td>\n<\/tr>\n<tr>\n<td class=\"left\"><\/td>\n<td><\/td>\n<\/tr>\n<tr>\n<td class=\"left\"><\/td>\n<td><\/td>\n<\/tr>\n<tr>\n<td class=\"left\"><\/td>\n<td><\/td>\n<\/tr>\n<tr>\n<td class=\"left\"><\/td>\n<td><\/td>\n<\/tr>\n<tr>\n<td class=\"left\">\n<table class=\"dv_characteristicsTable\">\n<tbody>\n<tr>\n<td class=\"left\">Taille<\/td>\n<td>40\/42<\/td>\n<\/tr>\n<tr>\n<td class=\"left\">Composition du mat\u00e9riau<\/td>\n<td>50% Baumwolle, 50% Polyacryl<\/td>\n<\/tr>\n<tr>\n<td class=\"left\">Conseils d'entretien<\/td>\n<td>Schonw\u00e4sche<\/td>\n<\/tr>\n<tr>\n<td class=\"left\">Optik<\/td>\n<td>unifarben<\/td>\n<\/tr>\n<tr>\n<td class=\"left\">Stil<\/td>\n<td>klassisch<\/td>\n<\/tr>\n<tr>\n<td class=\"left\">Couleur<\/td>\n<td>schwarz<\/td>\n<\/tr>\n<tr>\n<td class=\"left\">Kragen<\/td>\n<td>ohne Kragen<\/td>\n<\/tr>\n<tr>\n<td class=\"left\">\u00c4rmel<\/td>\n<td>Manches longues<\/td>\n<\/tr>\n<tr>\n<td class=\"left\">Coupe<\/td>\n<td>figurumspielend<\/td>\n<\/tr>\n<tr>\n<td class=\"left\">Schnittform L\u00e4nge<\/td>\n<td>kurz<\/td>\n<\/tr>\n<tr>\n<td class=\"left\">Capuche<\/td>\n<td>ohne Kapuze<\/td>\n<\/tr>\n<tr>\n<td class=\"left\">Applikationen<\/td>\n<td>Kn\u00f6pfe<\/td>\n<\/tr>\n<tr>\n<td class=\"left\">Verschluss<\/td>\n<td>Patte de boutonnage<\/td>\n<\/tr>\n<tr>\n<td class=\"left\">Besondere Merkmale<\/td>\n<td>in Kurzform mit gro\u00dfen Taschen\u03a9<\/td>\n<\/tr>\n<\/tbody>\n<\/table>\n<\/td>\n<td><\/td>\n<\/tr>\n<\/tbody>\n<\/table>","protected":false},"featured_media":83644,"comment_status":"open","ping_status":"closed","template":"","meta":{"_seopress_robots_primary_cat":"","_seopress_titles_title":"","_seopress_titles_desc":"","_seopress_robots_index":""},"product_brand":[],"product_cat":[1348,1354,1603],"product_tag":[],"class_list":{"0":"post-83577","1":"product","2":"type-product","3":"status-publish","4":"has-post-thumbnail","6":"product_cat-damen-mode","7":"product_cat-jacken-maentel","8":"product_cat-cardigan","9":"product_shipping_class-standard-versand","11":"first","12":"instock","13":"sale","14":"taxable","15":"shipping-taxable","16":"purchasable","17":"product-type-simple"},"_links":{"self":[{"href":"https:\/\/www.soanam.de\/fr\/wp-json\/wp\/v2\/product\/83577","targetHints":{"allow":["GET"]}}],"collection":[{"href":"https:\/\/www.soanam.de\/fr\/wp-json\/wp\/v2\/product"}],"about":[{"href":"https:\/\/www.soanam.de\/fr\/wp-json\/wp\/v2\/types\/product"}],"replies":[{"embeddable":true,"href":"https:\/\/www.soanam.de\/fr\/wp-json\/wp\/v2\/comments?post=83577"}],"wp:featuredmedia":[{"embeddable":true,"href":"https:\/\/www.soanam.de\/fr\/wp-json\/wp\/v2\/media\/83644"}],"wp:attachment":[{"href":"https:\/\/www.soanam.de\/fr\/wp-json\/wp\/v2\/media?parent=83577"}],"wp:term":[{"taxonomy":"product_brand","embeddable":true,"href":"https:\/\/www.soanam.de\/fr\/wp-json\/wp\/v2\/product_brand?post=83577"},{"taxonomy":"product_cat","embeddable":true,"href":"https:\/\/www.soanam.de\/fr\/wp-json\/wp\/v2\/product_cat?post=83577"},{"taxonomy":"product_tag","embeddable":true,"href":"https:\/\/www.soanam.de\/fr\/wp-json\/wp\/v2\/product_tag?post=83577"}],"curies":[{"name":"wp","href":"https:\/\/api.w.org\/{rel}","templated":true}]}}