{"id":83565,"date":"2023-12-17T01:55:55","date_gmt":"2023-12-17T00:55:55","guid":{"rendered":"https:\/\/www.soanam.de\/?post_type=product&#038;p=83565"},"modified":"2023-12-17T02:03:23","modified_gmt":"2023-12-17T01:03:23","slug":"robe-tricotee-boysens-avec-capuche-et-motif-en-marine-gr-42","status":"publish","type":"product","link":"https:\/\/www.soanam.de\/fr\/produkt\/boysens-strickkleid-mit-kapuze-und-muster-in-marine-gr-42\/","title":{"rendered":"Boysen's robe tricot\u00e9e avec capuche et motif, en marine, taille 42"},"content":{"rendered":"<p>Robe \u00e0 manches longues avec capuche de Boysen's<br \/>\nQualit\u00e9 de tricot fin de haute qualit\u00e9 et agr\u00e9able en m\u00e9lange de coton<br \/>\nDesign qui souligne la silhouette<br \/>\nTricot contrast\u00e9 dans un style hivernal<\/p>\n<p>Un vrai coup de c\u0153ur : la robe en tricot de Boysen's dans un superbe style hivernal.<br \/>\nVari\u00e9e, cette robe \u00e0 manches longues charme par son m\u00e9lange de motifs d'\u00e9toiles et de diamants.<br \/>\nLa coupe ajust\u00e9e de la robe pour femmes flatte la silhouette.<br \/>\nUne grande capuche compl\u00e8te le look sportif de la robe.<br \/>\nLa maille fine de qualit\u00e9 sup\u00e9rieure est l\u00e9g\u00e8re et agr\u00e9able \u00e0 porter sur la peau.<\/p>\n<p>Mati\u00e8re : 50% coton, 50% polyacrylique<br \/>\nConseils d'entretien : Lavage en machine<\/p>\n<p>couleur : marine<br \/>\nmotif : hiver<br \/>\nTaille : 42<\/p>\n<p>Largeur des \u00e9paules : 41cm<br \/>\nTour de poitrine : 97cm<br \/>\nLongueur des manches : 64cm<br \/>\nlongueur totale : 96cm<\/p>\n<p>&nbsp;<\/p>\n<p>Il s'agit d'un retour client sans \u00e9tiquette.<\/p>","protected":false},"excerpt":{"rendered":"<table class=\"dv_characteristicsTable\">\n<tbody>\n<tr>\n<td class=\"left\">Taille<\/td>\n<td>42<\/td>\n<\/tr>\n<tr>\n<td class=\"left\">Composition du mat\u00e9riau<\/td>\n<td>50% Baumwolle, 50% Polyacryl<\/td>\n<\/tr>\n<tr>\n<td class=\"left\">Materialart<\/td>\n<td>Strick<\/td>\n<\/tr>\n<tr>\n<td class=\"left\">Conseils d'entretien<\/td>\n<td>Lavage en machine<\/td>\n<\/tr>\n<tr>\n<td class=\"left\">Optik<\/td>\n<td>Wintermuster<\/td>\n<\/tr>\n<tr>\n<td class=\"left\">Stil<\/td>\n<td>casual<\/td>\n<\/tr>\n<tr>\n<td class=\"left\">Ausschnitt<\/td>\n<td>Capuche<\/td>\n<\/tr>\n<tr>\n<td class=\"left\">Ausschnittdetails<\/td>\n<td>Poignets c\u00f4tel\u00e9s<\/td>\n<\/tr>\n<tr>\n<td class=\"left\">\u00c4rmel<\/td>\n<td>Manches longues<\/td>\n<\/tr>\n<tr>\n<td class=\"left\">\u00c4rmelabschluss<\/td>\n<td>Poignets c\u00f4tel\u00e9s<\/td>\n<\/tr>\n<tr>\n<td class=\"left\">Kleidersaum<\/td>\n<td>Poignets c\u00f4tel\u00e9s<\/td>\n<\/tr>\n<tr>\n<td class=\"left\">Coupe<\/td>\n<td>figurbetont<\/td>\n<\/tr>\n<tr>\n<td class=\"left\">Schnittform L\u00e4nge<\/td>\n<td>knielang<\/td>\n<\/tr>\n<tr>\n<td class=\"left\">Couleur<\/td>\n<td>marineblau<\/td>\n<\/tr>\n<tr>\n<td class=\"left\">Besondere Merkmale<\/td>\n<td>metallisierende Fasern<\/td>\n<\/tr>\n<\/tbody>\n<\/table>","protected":false},"featured_media":83631,"comment_status":"open","ping_status":"closed","template":"","meta":{"_seopress_robots_primary_cat":"","_seopress_titles_title":"","_seopress_titles_desc":"","_seopress_robots_index":""},"product_brand":[],"product_cat":[1348,1379,1618],"product_tag":[],"class_list":{"0":"post-83565","1":"product","2":"type-product","3":"status-publish","4":"has-post-thumbnail","6":"product_cat-damen-mode","7":"product_cat-kleider","8":"product_cat-strickkleider","9":"product_shipping_class-standard-versand","11":"first","12":"instock","13":"sale","14":"taxable","15":"shipping-taxable","16":"purchasable","17":"product-type-simple"},"_links":{"self":[{"href":"https:\/\/www.soanam.de\/fr\/wp-json\/wp\/v2\/product\/83565","targetHints":{"allow":["GET"]}}],"collection":[{"href":"https:\/\/www.soanam.de\/fr\/wp-json\/wp\/v2\/product"}],"about":[{"href":"https:\/\/www.soanam.de\/fr\/wp-json\/wp\/v2\/types\/product"}],"replies":[{"embeddable":true,"href":"https:\/\/www.soanam.de\/fr\/wp-json\/wp\/v2\/comments?post=83565"}],"wp:featuredmedia":[{"embeddable":true,"href":"https:\/\/www.soanam.de\/fr\/wp-json\/wp\/v2\/media\/83631"}],"wp:attachment":[{"href":"https:\/\/www.soanam.de\/fr\/wp-json\/wp\/v2\/media?parent=83565"}],"wp:term":[{"taxonomy":"product_brand","embeddable":true,"href":"https:\/\/www.soanam.de\/fr\/wp-json\/wp\/v2\/product_brand?post=83565"},{"taxonomy":"product_cat","embeddable":true,"href":"https:\/\/www.soanam.de\/fr\/wp-json\/wp\/v2\/product_cat?post=83565"},{"taxonomy":"product_tag","embeddable":true,"href":"https:\/\/www.soanam.de\/fr\/wp-json\/wp\/v2\/product_tag?post=83565"}],"curies":[{"name":"wp","href":"https:\/\/api.w.org\/{rel}","templated":true}]}}