{"id":83540,"date":"2023-12-17T01:53:27","date_gmt":"2023-12-17T00:53:27","guid":{"rendered":"https:\/\/www.soanam.de\/?post_type=product&#038;p=83540"},"modified":"2023-12-17T02:00:25","modified_gmt":"2023-12-17T01:00:25","slug":"aniston-casual-pull-ras-du-cou-en-maille-perlee-rouge-gr-34","status":"publish","type":"product","link":"https:\/\/www.soanam.de\/fr\/produkt\/aniston-casual-rundhalspullover-im-perlstrick-in-rot-gr-34\/","title":{"rendered":"Aniston CASUAL Pull ras du cou en maille perl\u00e9e, en rouge, taille 34"},"content":{"rendered":"<p>Pull-over pour femme de Aniston CASUAL<br \/>\nDans un doux motif en tricot perl\u00e9<br \/>\nOurlet arrondi avec fente<br \/>\nLe clou : le tricot c\u00f4tel\u00e9 sur les coutures lat\u00e9rales<br \/>\nPull en maille fine avec manches longues raglan<br \/>\nCoupe ajust\u00e9e<\/p>\n<p>Ce pull-over pour femme d'Aniston Casual charme au premier coup d'\u0153il avec son joli motif en tricot perl\u00e9.<br \/>\nSa coupe moderne avec un ourlet arrondi et fendu sur le c\u00f4t\u00e9 \u00e9pouse ta silhouette de mani\u00e8re d\u00e9contract\u00e9e.<br \/>\nLe pull \u00e0 encolure ronde et manches longues raglan a des bordures c\u00f4tel\u00e9es pratiques qui assurent un maintien optimal.<br \/>\nLes bordures en tricot c\u00f4tel\u00e9 sur les coutures lat\u00e9rales constituent une touche originale dans le design.<\/p>\n<p>Mati\u00e8re : 100% polyacrylique<br \/>\nConseils d'entretien : Lavage en machine<\/p>\n<p>couleur : rouge<br \/>\nmotif : tricot perl\u00e9<br \/>\nTaille : 34<\/p>\n<p>Largeur des \u00e9paules : 42cm<br \/>\nTour de poitrine : 100cm<br \/>\nLongueur des manches : 66cm<br \/>\nlongueur totale : 67cm<\/p>","protected":false},"excerpt":{"rendered":"<table class=\"dv_characteristicsTable\">\n<tbody>\n<tr>\n<td class=\"left\">Taille<\/td>\n<td>34<\/td>\n<\/tr>\n<tr>\n<td class=\"left\">Composition du mat\u00e9riau<\/td>\n<td>100% Polyacrylique<\/td>\n<\/tr>\n<tr>\n<td class=\"left\">Materialart<\/td>\n<td>Feinstrick<\/td>\n<\/tr>\n<tr>\n<td class=\"left\">Conseils d'entretien<\/td>\n<td>Lavage en machine<\/td>\n<\/tr>\n<tr>\n<td class=\"left\">Optik<\/td>\n<td>Strukturmuster, unifarben<\/td>\n<\/tr>\n<tr>\n<td class=\"left\">Stil<\/td>\n<td>modisch<\/td>\n<\/tr>\n<tr>\n<td class=\"left\">Couleur<\/td>\n<td>rot<\/td>\n<\/tr>\n<tr>\n<td class=\"left\">Ausschnitt<\/td>\n<td>Rundhals<\/td>\n<\/tr>\n<tr>\n<td class=\"left\">Ausschnittdetails<\/td>\n<td>Strickb\u00fcndchen<\/td>\n<\/tr>\n<tr>\n<td class=\"left\">\u00c4rmel<\/td>\n<td>Manches longues<\/td>\n<\/tr>\n<tr>\n<td class=\"left\">\u00c4rmeldetails<\/td>\n<td>Raglan\u00e4rmel<\/td>\n<\/tr>\n<tr>\n<td class=\"left\">\u00c4rmelabschluss<\/td>\n<td>Rippstrickb\u00fcndchen<\/td>\n<\/tr>\n<tr>\n<td class=\"left\">Rumpfabschluss<\/td>\n<td>abgerundeter Saum<\/td>\n<\/tr>\n<tr>\n<td class=\"left\">Rumpfabschlussdetails<\/td>\n<td>mit Schlitz<\/td>\n<\/tr>\n<tr>\n<td class=\"left\">Coupe<\/td>\n<td>figurumspielend<\/td>\n<\/tr>\n<tr>\n<td class=\"left\">Schnittform L\u00e4nge<\/td>\n<td>Po-bedeckend<\/td>\n<\/tr>\n<tr>\n<td class=\"left\">Besondere Merkmale<\/td>\n<td>mit Rippstrick an den Seitenn\u00e4hten<\/td>\n<\/tr>\n<\/tbody>\n<\/table>","protected":false},"featured_media":83602,"comment_status":"open","ping_status":"closed","template":"","meta":{"_seopress_robots_primary_cat":"","_seopress_titles_title":"","_seopress_titles_desc":"","_seopress_robots_index":""},"product_brand":[],"product_cat":[1348,1456,1465],"product_tag":[],"class_list":{"0":"post-83540","1":"product","2":"type-product","3":"status-publish","4":"has-post-thumbnail","6":"product_cat-damen-mode","7":"product_cat-pullover-sweater","8":"product_cat-strickpullover","9":"product_shipping_class-standard-versand","11":"first","12":"instock","13":"sale","14":"taxable","15":"shipping-taxable","16":"purchasable","17":"product-type-simple"},"_links":{"self":[{"href":"https:\/\/www.soanam.de\/fr\/wp-json\/wp\/v2\/product\/83540","targetHints":{"allow":["GET"]}}],"collection":[{"href":"https:\/\/www.soanam.de\/fr\/wp-json\/wp\/v2\/product"}],"about":[{"href":"https:\/\/www.soanam.de\/fr\/wp-json\/wp\/v2\/types\/product"}],"replies":[{"embeddable":true,"href":"https:\/\/www.soanam.de\/fr\/wp-json\/wp\/v2\/comments?post=83540"}],"wp:featuredmedia":[{"embeddable":true,"href":"https:\/\/www.soanam.de\/fr\/wp-json\/wp\/v2\/media\/83602"}],"wp:attachment":[{"href":"https:\/\/www.soanam.de\/fr\/wp-json\/wp\/v2\/media?parent=83540"}],"wp:term":[{"taxonomy":"product_brand","embeddable":true,"href":"https:\/\/www.soanam.de\/fr\/wp-json\/wp\/v2\/product_brand?post=83540"},{"taxonomy":"product_cat","embeddable":true,"href":"https:\/\/www.soanam.de\/fr\/wp-json\/wp\/v2\/product_cat?post=83540"},{"taxonomy":"product_tag","embeddable":true,"href":"https:\/\/www.soanam.de\/fr\/wp-json\/wp\/v2\/product_tag?post=83540"}],"curies":[{"name":"wp","href":"https:\/\/api.w.org\/{rel}","templated":true}]}}