{"id":83509,"date":"2023-12-17T01:50:50","date_gmt":"2023-12-17T00:50:50","guid":{"rendered":"https:\/\/www.soanam.de\/?post_type=product&#038;p=83509"},"modified":"2023-12-17T01:56:28","modified_gmt":"2023-12-17T00:56:28","slug":"rhode-island-pull-en-tricot-jacquard-gris-marine-taille-xl","status":"publish","type":"product","link":"https:\/\/www.soanam.de\/fr\/produkt\/rhode-island-strickpullover-im-jacquardmuster-in-marine-grau-gr-xl\/","title":{"rendered":"Rhode Island pull en maille jacquard, gris marine, taille XL"},"content":{"rendered":"<p>Pull-over en tricot de Rhode Island<br \/>\nEncolure ronde<br \/>\nMotif jacquard<br \/>\nCasual, Classique moderne<br \/>\nPoignets c\u00f4tel\u00e9s<\/p>\n<p>Le pull en maille de Rhode Island t'accompagnera tout au long de la saison froide. Gr\u00e2ce \u00e0 sa texture agr\u00e9able et \u00e0 ses finitions de qualit\u00e9, il deviendra un favori indispensable de ta garde-robe.<br \/>\nLa maille c\u00f4tel\u00e9e de l'encolure en O se retrouve sur les poignets et souligne l'attention port\u00e9e aux d\u00e9tails.<br \/>\nLe design branch\u00e9 mais intemporel se combine de multiples fa\u00e7ons et conf\u00e8re \u00e0 ta tenue un look d\u00e9contract\u00e9.<\/p>\n<p>Mati\u00e8re : 50% coton, 50% polyacrylique<br \/>\nConseils d'entretien : Lavage en machine<\/p>\n<p>couleur : gris marine<br \/>\nmotif : jacquard<br \/>\nTaille : XL<\/p>\n<p>Largeur des \u00e9paules : 53cm<br \/>\nTour de poitrine : 126cm<br \/>\nLongueur des manches : 64cm<br \/>\nlongueur totale : 76cm<\/p>","protected":false},"excerpt":{"rendered":"<table class=\"dv_characteristicsTable\">\n<tbody>\n<tr>\n<td class=\"left\">Taille<\/td>\n<td>XL<\/td>\n<\/tr>\n<tr>\n<td class=\"left\">Composition du mat\u00e9riau<\/td>\n<td>50% Baumwolle, 50% Polyacryl<\/td>\n<\/tr>\n<tr>\n<td class=\"left\">Materialart<\/td>\n<td>Strick<\/td>\n<\/tr>\n<tr>\n<td class=\"left\">Conseils d'entretien<\/td>\n<td>Lavage en machine<\/td>\n<\/tr>\n<tr>\n<td class=\"left\">Optik<\/td>\n<td>casual<\/td>\n<\/tr>\n<tr>\n<td class=\"left\">Stil<\/td>\n<td>modisch<\/td>\n<\/tr>\n<tr>\n<td class=\"left\">Couleur<\/td>\n<td>grau, marine<\/td>\n<\/tr>\n<tr>\n<td class=\"left\">Applikationen<\/td>\n<td>Lederpatch<\/td>\n<\/tr>\n<tr>\n<td class=\"left\">Ausschnitt<\/td>\n<td>Rundhals<\/td>\n<\/tr>\n<tr>\n<td class=\"left\">\u00c4rmel<\/td>\n<td>Manches longues<\/td>\n<\/tr>\n<tr>\n<td class=\"left\">\u00c4rmelabschluss<\/td>\n<td>Poignets c\u00f4tel\u00e9s<\/td>\n<\/tr>\n<tr>\n<td class=\"left\">Rumpfabschluss<\/td>\n<td>Poignets c\u00f4tel\u00e9s<\/td>\n<\/tr>\n<\/tbody>\n<\/table>","protected":false},"featured_media":83566,"comment_status":"open","ping_status":"closed","template":"","meta":{"_seopress_robots_primary_cat":"","_seopress_titles_title":"","_seopress_titles_desc":"","_seopress_robots_index":""},"product_brand":[],"product_cat":[1345,1485,1644],"product_tag":[],"class_list":{"0":"post-83509","1":"product","2":"type-product","3":"status-publish","4":"has-post-thumbnail","6":"product_cat-herrenmode","7":"product_cat-pullover-sweater-herrenmode","8":"product_cat-strickpullover-pullover-sweater-herrenmode","9":"product_shipping_class-standard-versand","11":"first","12":"instock","13":"sale","14":"taxable","15":"shipping-taxable","16":"purchasable","17":"product-type-simple"},"_links":{"self":[{"href":"https:\/\/www.soanam.de\/fr\/wp-json\/wp\/v2\/product\/83509","targetHints":{"allow":["GET"]}}],"collection":[{"href":"https:\/\/www.soanam.de\/fr\/wp-json\/wp\/v2\/product"}],"about":[{"href":"https:\/\/www.soanam.de\/fr\/wp-json\/wp\/v2\/types\/product"}],"replies":[{"embeddable":true,"href":"https:\/\/www.soanam.de\/fr\/wp-json\/wp\/v2\/comments?post=83509"}],"wp:featuredmedia":[{"embeddable":true,"href":"https:\/\/www.soanam.de\/fr\/wp-json\/wp\/v2\/media\/83566"}],"wp:attachment":[{"href":"https:\/\/www.soanam.de\/fr\/wp-json\/wp\/v2\/media?parent=83509"}],"wp:term":[{"taxonomy":"product_brand","embeddable":true,"href":"https:\/\/www.soanam.de\/fr\/wp-json\/wp\/v2\/product_brand?post=83509"},{"taxonomy":"product_cat","embeddable":true,"href":"https:\/\/www.soanam.de\/fr\/wp-json\/wp\/v2\/product_cat?post=83509"},{"taxonomy":"product_tag","embeddable":true,"href":"https:\/\/www.soanam.de\/fr\/wp-json\/wp\/v2\/product_tag?post=83509"}],"curies":[{"name":"wp","href":"https:\/\/api.w.org\/{rel}","templated":true}]}}