{"id":83503,"date":"2023-12-17T01:50:11","date_gmt":"2023-12-17T00:50:11","guid":{"rendered":"https:\/\/www.soanam.de\/?post_type=product&#038;p=83503"},"modified":"2023-12-17T01:55:52","modified_gmt":"2023-12-17T00:55:52","slug":"only-strickpullover-onlnicoya-in-night-sky-gr-m","status":"publish","type":"product","link":"https:\/\/www.soanam.de\/fr\/produkt\/only-strickpullover-onlnicoya-in-night-sky-gr-m\/","title":{"rendered":"Only Strickpullover ONLNICOYA, in Night Sky , Gr. M"},"content":{"rendered":"<p>Pull en tricot de Only<br \/>\nEncolure ronde confortable<br \/>\nCoupe d\u00e9contract\u00e9e, ourlet arrondi<br \/>\nQualit\u00e9 de tricot douce<\/p>\n<p>Ce pull en tricot \u00e0 manches longues et \u00e0 la coupe d\u00e9contract\u00e9e deviendra ton pull pr\u00e9f\u00e9r\u00e9, car il est tout simplement superbe et tout aussi confortable.<br \/>\nVerst\u00e4rkt wird die l\u00e4ssige Note noch durch den abgerundeten Saum.<br \/>\nLa qualit\u00e9 douce du tricot assure un confort maximal.<\/p>\n<p>Schlicht, einfach, chic und bequem, so soll Alltagsmode sein.<\/p>\n<p>Mati\u00e8re : 100% polyacrylique<br \/>\nConseils d'entretien : Lavage en machine<\/p>\n<p>couleur : bleu fonc\u00e9<br \/>\n\u00c9chantillon : sans<br \/>\nTaille : M<\/p>\n<p>Largeur des \u00e9paules : 38cm<br \/>\nTour de poitrine : 104cm<br \/>\nLongueur des manches : 58cm<br \/>\nlongueur totale : 63cm<\/p>","protected":false},"excerpt":{"rendered":"<table class=\"dv_characteristicsTable\">\n<tbody>\n<tr>\n<td class=\"left\">Taille<\/td>\n<td>M<\/td>\n<\/tr>\n<tr>\n<td class=\"left\">Composition du mat\u00e9riau<\/td>\n<td>100% Polyacrylique<\/td>\n<\/tr>\n<tr>\n<td class=\"left\">Materialart<\/td>\n<td>Strick<\/td>\n<\/tr>\n<tr>\n<td class=\"left\">Conseils d'entretien<\/td>\n<td>Lavage en machine<\/td>\n<\/tr>\n<tr>\n<td class=\"left\">Optik<\/td>\n<td>uni<\/td>\n<\/tr>\n<tr>\n<td class=\"left\">Stil<\/td>\n<td>schlicht<\/td>\n<\/tr>\n<tr>\n<td class=\"left\">Couleur<\/td>\n<td>nachtblau<\/td>\n<\/tr>\n<tr>\n<td class=\"left\">Ausschnitt<\/td>\n<td>Rundhals<\/td>\n<\/tr>\n<tr>\n<td class=\"left\">\u00c4rmel<\/td>\n<td>Manches longues<\/td>\n<\/tr>\n<tr>\n<td class=\"left\">\u00c4rmelabschluss<\/td>\n<td>B\u00fcndchen<\/td>\n<\/tr>\n<tr>\n<td class=\"left\">Rumpfabschluss<\/td>\n<td>abgerundeter Abschluss<\/td>\n<\/tr>\n<tr>\n<td class=\"left\">Coupe<\/td>\n<td>locker<\/td>\n<\/tr>\n<tr>\n<td class=\"left\">Schnittform L\u00e4nge<\/td>\n<td>h\u00fcftlang<\/td>\n<\/tr>\n<tr>\n<td class=\"left\"><\/td>\n<td><\/td>\n<\/tr>\n<\/tbody>\n<\/table>","protected":false},"featured_media":83560,"comment_status":"open","ping_status":"closed","template":"","meta":{"_seopress_robots_primary_cat":"","_seopress_titles_title":"","_seopress_titles_desc":"","_seopress_robots_index":""},"product_brand":[],"product_cat":[1348,1456,1465],"product_tag":[],"class_list":{"0":"post-83503","1":"product","2":"type-product","3":"status-publish","4":"has-post-thumbnail","6":"product_cat-damen-mode","7":"product_cat-pullover-sweater","8":"product_cat-strickpullover","9":"product_shipping_class-standard-versand","11":"first","12":"instock","13":"taxable","14":"shipping-taxable","15":"purchasable","16":"product-type-simple"},"_links":{"self":[{"href":"https:\/\/www.soanam.de\/fr\/wp-json\/wp\/v2\/product\/83503","targetHints":{"allow":["GET"]}}],"collection":[{"href":"https:\/\/www.soanam.de\/fr\/wp-json\/wp\/v2\/product"}],"about":[{"href":"https:\/\/www.soanam.de\/fr\/wp-json\/wp\/v2\/types\/product"}],"replies":[{"embeddable":true,"href":"https:\/\/www.soanam.de\/fr\/wp-json\/wp\/v2\/comments?post=83503"}],"wp:featuredmedia":[{"embeddable":true,"href":"https:\/\/www.soanam.de\/fr\/wp-json\/wp\/v2\/media\/83560"}],"wp:attachment":[{"href":"https:\/\/www.soanam.de\/fr\/wp-json\/wp\/v2\/media?parent=83503"}],"wp:term":[{"taxonomy":"product_brand","embeddable":true,"href":"https:\/\/www.soanam.de\/fr\/wp-json\/wp\/v2\/product_brand?post=83503"},{"taxonomy":"product_cat","embeddable":true,"href":"https:\/\/www.soanam.de\/fr\/wp-json\/wp\/v2\/product_cat?post=83503"},{"taxonomy":"product_tag","embeddable":true,"href":"https:\/\/www.soanam.de\/fr\/wp-json\/wp\/v2\/product_tag?post=83503"}],"curies":[{"name":"wp","href":"https:\/\/api.w.org\/{rel}","templated":true}]}}