{"id":83491,"date":"2023-12-17T01:48:55","date_gmt":"2023-12-17T00:48:55","guid":{"rendered":"https:\/\/www.soanam.de\/?post_type=product&#038;p=83491"},"modified":"2023-12-17T01:54:35","modified_gmt":"2023-12-17T00:54:35","slug":"hailys-col-roule-nina-en-noir-gr-m","status":"publish","type":"product","link":"https:\/\/www.soanam.de\/fr\/produkt\/hailys-rollkragenshirt-nina-in-schwarz-gr-m\/","title":{"rendered":"Hailys col roul\u00e9 Nina, en noir, taille M"},"content":{"rendered":"<p>Pull en maille c\u00f4tel\u00e9e de Hailys<br \/>\nDesign basique intemporel et minimaliste<br \/>\nCoupe ajust\u00e9e<br \/>\nBoutons argent\u00e9s accentu\u00e9s sur le col roul\u00e9<br \/>\nEn agr\u00e9able m\u00e9lange de viscose<\/p>\n<p>Ce t-shirt fin \u00e0 manches longues de HAILYS est une extension de base id\u00e9ale pour tes styles quotidiens !<br \/>\nAvec ce style monochrome, ce classique incontournable peut se porter tous les jours en tant que basic everyday, en look \u00e9l\u00e9gant pour les f\u00eates ou les affaires !<br \/>\nLes gros boutons de couleur argent\u00e9e sur le col roul\u00e9 attirent le regard.<\/p>\n<p>Mati\u00e8re : 95% viscose, 5% \u00e9lasthanne<br \/>\nConseils d'entretien : Lavage en machine<\/p>\n<p>couleur : noir<br \/>\nmotif : tricot c\u00f4tel\u00e9<br \/>\nTaille : M<\/p>\n<p>Largeur des \u00e9paules : 32cm<br \/>\nTour de poitrine : 66cm<br \/>\nLongueur des manches : 61cm<br \/>\nlongueur totale : 63cm<\/p>","protected":false},"excerpt":{"rendered":"<table class=\"dv_characteristicsTable\">\n<tbody>\n<tr>\n<td class=\"left\">Taille<\/td>\n<td>M<\/td>\n<\/tr>\n<tr>\n<td class=\"left\">Composition du mat\u00e9riau<\/td>\n<td>95% Viskose, 5% Elasthan<\/td>\n<\/tr>\n<tr>\n<td class=\"left\">Materialart<\/td>\n<td>Rippstrick<\/td>\n<\/tr>\n<tr>\n<td class=\"left\">Conseils d'entretien<\/td>\n<td>Lavage en machine<\/td>\n<\/tr>\n<tr>\n<td class=\"left\">Optik<\/td>\n<td>unifarben<\/td>\n<\/tr>\n<tr>\n<td class=\"left\">Stil<\/td>\n<td>modisch<\/td>\n<\/tr>\n<tr>\n<td class=\"left\">Couleur<\/td>\n<td>schwarz<\/td>\n<\/tr>\n<tr>\n<td class=\"left\">Ausschnitt<\/td>\n<td>Col roul\u00e9<\/td>\n<\/tr>\n<tr>\n<td class=\"left\">\u00c4rmel<\/td>\n<td>Manches longues<\/td>\n<\/tr>\n<tr>\n<td class=\"left\">\u00c4rmelabschluss<\/td>\n<td>gerade<\/td>\n<\/tr>\n<tr>\n<td class=\"left\">Rumpfabschluss<\/td>\n<td>gerade<\/td>\n<\/tr>\n<tr>\n<td class=\"left\">Coupe<\/td>\n<td>figurnah<\/td>\n<\/tr>\n<tr>\n<td class=\"left\">Schnittform L\u00e4nge<\/td>\n<td>h\u00fcftlang<\/td>\n<\/tr>\n<tr>\n<td class=\"left\">Besondere Merkmale<\/td>\n<td>gro\u00dfe Kn\u00f6pfe<\/td>\n<\/tr>\n<\/tbody>\n<\/table>","protected":false},"featured_media":83548,"comment_status":"open","ping_status":"closed","template":"","meta":{"_seopress_robots_primary_cat":"","_seopress_titles_title":"","_seopress_titles_desc":"","_seopress_robots_index":""},"product_brand":[],"product_cat":[1348,1456,1457],"product_tag":[],"class_list":{"0":"post-83491","1":"product","2":"type-product","3":"status-publish","4":"has-post-thumbnail","6":"product_cat-damen-mode","7":"product_cat-pullover-sweater","8":"product_cat-rollkragenpullover","9":"product_shipping_class-standard-versand","11":"first","12":"instock","13":"taxable","14":"shipping-taxable","15":"purchasable","16":"product-type-simple"},"_links":{"self":[{"href":"https:\/\/www.soanam.de\/fr\/wp-json\/wp\/v2\/product\/83491","targetHints":{"allow":["GET"]}}],"collection":[{"href":"https:\/\/www.soanam.de\/fr\/wp-json\/wp\/v2\/product"}],"about":[{"href":"https:\/\/www.soanam.de\/fr\/wp-json\/wp\/v2\/types\/product"}],"replies":[{"embeddable":true,"href":"https:\/\/www.soanam.de\/fr\/wp-json\/wp\/v2\/comments?post=83491"}],"wp:featuredmedia":[{"embeddable":true,"href":"https:\/\/www.soanam.de\/fr\/wp-json\/wp\/v2\/media\/83548"}],"wp:attachment":[{"href":"https:\/\/www.soanam.de\/fr\/wp-json\/wp\/v2\/media?parent=83491"}],"wp:term":[{"taxonomy":"product_brand","embeddable":true,"href":"https:\/\/www.soanam.de\/fr\/wp-json\/wp\/v2\/product_brand?post=83491"},{"taxonomy":"product_cat","embeddable":true,"href":"https:\/\/www.soanam.de\/fr\/wp-json\/wp\/v2\/product_cat?post=83491"},{"taxonomy":"product_tag","embeddable":true,"href":"https:\/\/www.soanam.de\/fr\/wp-json\/wp\/v2\/product_tag?post=83491"}],"curies":[{"name":"wp","href":"https:\/\/api.w.org\/{rel}","templated":true}]}}