{"id":83431,"date":"2023-12-17T01:42:07","date_gmt":"2023-12-17T00:42:07","guid":{"rendered":"https:\/\/www.soanam.de\/?post_type=product&#038;p=83431"},"modified":"2023-12-17T01:50:08","modified_gmt":"2023-12-17T00:50:08","slug":"buffalo-sweatshirt-court-avec-logo-brode-en-blanc-gr-36-38","status":"publish","type":"product","link":"https:\/\/www.soanam.de\/fr\/produkt\/buffalo-sweatshirt-in-kurzer-form-mit-logostickerei-in-weiss-gr-36-38\/","title":{"rendered":"Sweatshirt court Buffalo avec logo brod\u00e9, blanc, taille 36\/38"},"content":{"rendered":"<p>Sweat-shirt avec logo brod\u00e9 sur la poitrine<br \/>\nCouture de s\u00e9paration sur la manche dans la couleur de la broderie<br \/>\nCoupe courte<br \/>\nbord-c\u00f4te \u00e0 l'ourlet des manches<br \/>\nQualit\u00e9 sweat douce<\/p>\n<p>Le sweat-shirt de Buffalo t'accompagne avec son design uni pendant les heures de confort.<br \/>\nLa broderie de l'\u00e9tiquette sur la poitrine rehausse le look tendance.<br \/>\nLes poignets c\u00f4tel\u00e9s et la coupe courte et d\u00e9contract\u00e9e avec des \u00e9paules recoup\u00e9es et des coutures de s\u00e9paration sur les manches te garantissent le confort que tu souhaites.<br \/>\nLa qualit\u00e9 sweat douce du t-shirt compl\u00e8te le facteur de bien-\u00eatre.<\/p>\n<p>Mati\u00e8re : 65% coton, 35% polyester<br \/>\nConseils d'entretien : Lavage en machine<\/p>\n<p>couleur : blanc, argent<br \/>\n\u00c9chantillon : sans<br \/>\nTaille : 36\/38<\/p>\n<p>Largeur des \u00e9paules : 44cm<br \/>\nTour de poitrine : 102cm<br \/>\nLongueur des manches : 67cm<br \/>\nlongueur totale : 62cm<\/p>","protected":false},"excerpt":{"rendered":"<table class=\"dv_characteristicsTable\">\n<tbody>\n<tr>\n<td class=\"left\">Taille<\/td>\n<td>36\/38<\/td>\n<\/tr>\n<tr>\n<td class=\"left\">Composition du mat\u00e9riau<\/td>\n<td>65% coton, 35% polyester<\/td>\n<\/tr>\n<tr>\n<td class=\"left\">Materialart<\/td>\n<td>Sweatware<\/td>\n<\/tr>\n<tr>\n<td class=\"left\">Conseils d'entretien<\/td>\n<td>Lavage en machine<\/td>\n<\/tr>\n<tr>\n<td class=\"left\">Optik<\/td>\n<td>bestickt, unifarben<\/td>\n<\/tr>\n<tr>\n<td class=\"left\">Stil<\/td>\n<td>casual<\/td>\n<\/tr>\n<tr>\n<td class=\"left\">Couleur<\/td>\n<td>wei\u00df<\/td>\n<\/tr>\n<tr>\n<td class=\"left\">Applikationen<\/td>\n<td>Logo brod\u00e9<\/td>\n<\/tr>\n<tr>\n<td class=\"left\">Besondere Merkmale<\/td>\n<td>Teilungsnaht in Stickereifarbe<\/td>\n<\/tr>\n<tr>\n<td class=\"left\">Ausschnitt<\/td>\n<td>Rundhals<\/td>\n<\/tr>\n<tr>\n<td class=\"left\">\u00c4rmel<\/td>\n<td>Manches longues<\/td>\n<\/tr>\n<tr>\n<td class=\"left\">\u00c4rmelabschluss<\/td>\n<td>Poignets c\u00f4tel\u00e9s<\/td>\n<\/tr>\n<tr>\n<td class=\"left\">Coupe<\/td>\n<td>bequem<\/td>\n<\/tr>\n<tr>\n<td class=\"left\">Schnittform L\u00e4nge<\/td>\n<td>kurz<\/td>\n<\/tr>\n<\/tbody>\n<\/table>","protected":false},"featured_media":83498,"comment_status":"open","ping_status":"closed","template":"","meta":{"_seopress_robots_primary_cat":"","_seopress_titles_title":"","_seopress_titles_desc":"","_seopress_robots_index":""},"product_brand":[],"product_cat":[1348,1456,1577],"product_tag":[],"class_list":{"0":"post-83431","1":"product","2":"type-product","3":"status-publish","4":"has-post-thumbnail","6":"product_cat-damen-mode","7":"product_cat-pullover-sweater","8":"product_cat-sweatshirts","9":"product_shipping_class-standard-versand","11":"first","12":"instock","13":"taxable","14":"shipping-taxable","15":"purchasable","16":"product-type-simple"},"_links":{"self":[{"href":"https:\/\/www.soanam.de\/fr\/wp-json\/wp\/v2\/product\/83431","targetHints":{"allow":["GET"]}}],"collection":[{"href":"https:\/\/www.soanam.de\/fr\/wp-json\/wp\/v2\/product"}],"about":[{"href":"https:\/\/www.soanam.de\/fr\/wp-json\/wp\/v2\/types\/product"}],"replies":[{"embeddable":true,"href":"https:\/\/www.soanam.de\/fr\/wp-json\/wp\/v2\/comments?post=83431"}],"wp:featuredmedia":[{"embeddable":true,"href":"https:\/\/www.soanam.de\/fr\/wp-json\/wp\/v2\/media\/83498"}],"wp:attachment":[{"href":"https:\/\/www.soanam.de\/fr\/wp-json\/wp\/v2\/media?parent=83431"}],"wp:term":[{"taxonomy":"product_brand","embeddable":true,"href":"https:\/\/www.soanam.de\/fr\/wp-json\/wp\/v2\/product_brand?post=83431"},{"taxonomy":"product_cat","embeddable":true,"href":"https:\/\/www.soanam.de\/fr\/wp-json\/wp\/v2\/product_cat?post=83431"},{"taxonomy":"product_tag","embeddable":true,"href":"https:\/\/www.soanam.de\/fr\/wp-json\/wp\/v2\/product_tag?post=83431"}],"curies":[{"name":"wp","href":"https:\/\/api.w.org\/{rel}","templated":true}]}}