{"id":83404,"date":"2023-12-17T01:39:18","date_gmt":"2023-12-17T00:39:18","guid":{"rendered":"https:\/\/www.soanam.de\/?post_type=product&#038;p=83404"},"modified":"2023-12-17T01:46:49","modified_gmt":"2023-12-17T00:46:49","slug":"bench-sweat-a-capuche-basic-avec-grand-logo-imprime-gris-chine-gr-152-158","status":"publish","type":"product","link":"https:\/\/www.soanam.de\/fr\/produkt\/bench-kapuzensweatshirt-basic-mit-grossem-logo-druck-in-grau-meliert-gr-152-158\/","title":{"rendered":"Bench . Sweat-shirt \u00e0 capuche Basic avec grand logo imprim\u00e9 , gris chin\u00e9, taille 152\/158"},"content":{"rendered":"<p>Sweat \u00e0 capuche de Bench pour gar\u00e7ons et filles<br \/>\nGrande impression sur le devant<br \/>\nBel aspect m\u00e9lang\u00e9, int\u00e9rieur gratt\u00e9 doux<br \/>\nAvec poche kangourou<\/p>\n<p>Le sweat \u00e0 capuche douillet de Bench se pr\u00e9sente avec un remarquable logo imprim\u00e9 contrast\u00e9 sur le devant du sweat au design chin\u00e9.<br \/>\nLa capuche confortable prot\u00e8ge du vent et des intemp\u00e9ries, tout en garantissant un style fiable.<br \/>\nGr\u00e2ce \u00e0 sa poche kangourou pratique et \u00e0 sa qualit\u00e9 de sweat gratt\u00e9e \u00e0 l'int\u00e9rieur et facile d'entretien, ce sweat \u00e0 capuche est un compagnon tendance au quotidien pour les gar\u00e7ons et les filles.<\/p>\n<p>Mati\u00e8re : 85% coton, 15% polyester<br \/>\nConseils d'entretien : Lavage en machine<\/p>\n<p>couleur : gris chin\u00e9<br \/>\nmotif : logo imprim\u00e9<br \/>\nTaille : 152\/158<\/p>\n<p>Largeur des \u00e9paules : 38cm<br \/>\nTour de poitrine : 94cm<br \/>\nLongueur des manches : 58cm<br \/>\nlongueur totale : 66cm<\/p>\n<p>&nbsp;<\/p>\n<p>Il s'agit d'un retour client sans \u00e9tiquette.<\/p>","protected":false},"excerpt":{"rendered":"<table class=\"dv_characteristicsTable\">\n<tbody>\n<tr>\n<td class=\"left\">Taille<\/td>\n<td>152\/158<\/td>\n<\/tr>\n<tr>\n<td class=\"left\">Composition du mat\u00e9riau<\/td>\n<td>85% Baumwolle, 15% Polyester<\/td>\n<\/tr>\n<tr>\n<td class=\"left\">Materialart<\/td>\n<td>angeraute Sweatware<\/td>\n<\/tr>\n<tr>\n<td class=\"left\">Conseils d'entretien<\/td>\n<td>Lavage en machine<\/td>\n<\/tr>\n<tr>\n<td class=\"left\">Stil<\/td>\n<td>sportlich<\/td>\n<\/tr>\n<tr>\n<td class=\"left\">Couleur<\/td>\n<td>grau<\/td>\n<\/tr>\n<tr>\n<td class=\"left\">Capuche<\/td>\n<td>mit Kapuze<\/td>\n<\/tr>\n<tr>\n<td class=\"left\">Kapuzenf\u00fctterung<\/td>\n<td>gef\u00fcttert<\/td>\n<\/tr>\n<tr>\n<td class=\"left\">Sacs<\/td>\n<td>Poche kangourou<\/td>\n<\/tr>\n<tr>\n<td class=\"left\">Besondere Merkmale<\/td>\n<td>mit gro\u00dfem Logo-Druck vorn<\/td>\n<\/tr>\n<tr>\n<td class=\"left\">\u00c4rmel<\/td>\n<td>Manches longues<\/td>\n<\/tr>\n<tr>\n<td class=\"left\">\u00c4rmelabschluss<\/td>\n<td>Poignets c\u00f4tel\u00e9s<\/td>\n<\/tr>\n<tr>\n<td class=\"left\">Rumpfabschluss<\/td>\n<td>Poignets c\u00f4tel\u00e9s<\/td>\n<\/tr>\n<tr>\n<td class=\"left\">Coupe<\/td>\n<td>Basic<\/td>\n<\/tr>\n<tr>\n<td class=\"left\">Schnittform L\u00e4nge<\/td>\n<td>normal<\/td>\n<\/tr>\n<\/tbody>\n<\/table>","protected":false},"featured_media":83468,"comment_status":"open","ping_status":"closed","template":"","meta":{"_seopress_robots_primary_cat":"","_seopress_titles_title":"","_seopress_titles_desc":"","_seopress_robots_index":""},"product_brand":[],"product_cat":[1351,1487,1595],"product_tag":[],"class_list":{"0":"post-83404","1":"product","2":"type-product","3":"status-publish","4":"has-post-thumbnail","6":"product_cat-kindermode","7":"product_cat-pullover-sweater-kindermode","8":"product_cat-hoodies-pullover-sweater-kindermode","9":"product_shipping_class-standard-versand","11":"first","12":"instock","13":"sale","14":"taxable","15":"shipping-taxable","16":"purchasable","17":"product-type-simple"},"_links":{"self":[{"href":"https:\/\/www.soanam.de\/fr\/wp-json\/wp\/v2\/product\/83404","targetHints":{"allow":["GET"]}}],"collection":[{"href":"https:\/\/www.soanam.de\/fr\/wp-json\/wp\/v2\/product"}],"about":[{"href":"https:\/\/www.soanam.de\/fr\/wp-json\/wp\/v2\/types\/product"}],"replies":[{"embeddable":true,"href":"https:\/\/www.soanam.de\/fr\/wp-json\/wp\/v2\/comments?post=83404"}],"wp:featuredmedia":[{"embeddable":true,"href":"https:\/\/www.soanam.de\/fr\/wp-json\/wp\/v2\/media\/83468"}],"wp:attachment":[{"href":"https:\/\/www.soanam.de\/fr\/wp-json\/wp\/v2\/media?parent=83404"}],"wp:term":[{"taxonomy":"product_brand","embeddable":true,"href":"https:\/\/www.soanam.de\/fr\/wp-json\/wp\/v2\/product_brand?post=83404"},{"taxonomy":"product_cat","embeddable":true,"href":"https:\/\/www.soanam.de\/fr\/wp-json\/wp\/v2\/product_cat?post=83404"},{"taxonomy":"product_tag","embeddable":true,"href":"https:\/\/www.soanam.de\/fr\/wp-json\/wp\/v2\/product_tag?post=83404"}],"curies":[{"name":"wp","href":"https:\/\/api.w.org\/{rel}","templated":true}]}}