{"id":83387,"date":"2023-12-17T01:37:35","date_gmt":"2023-12-17T00:37:35","guid":{"rendered":"https:\/\/www.soanam.de\/?post_type=product&#038;p=83387"},"modified":"2023-12-17T01:44:55","modified_gmt":"2023-12-17T00:44:55","slug":"tamaras-bottes-chelsea-classiques-legerement-doublees-en-noir-gr-41","status":"publish","type":"product","link":"https:\/\/www.soanam.de\/fr\/produkt\/tamaras-klassische-chelseaboots-leicht-gefuettert-in-schwarz-gr-41\/","title":{"rendered":"Tamaras chaussures \u00e0 talon classiques, l\u00e9g\u00e8rement doubl\u00e9es, en noir, taille 41"},"content":{"rendered":"<p>Boots d'hiver en version classique et \u00e9l\u00e9gante<br \/>\nAvec une fermeture \u00e9clair pratique<br \/>\nMat\u00e9riau sup\u00e9rieur : cuir<br \/>\nSemelle de propret\u00e9 : textile<br \/>\nSemelle ext\u00e9rieure : Synth\u00e9tique<br \/>\nDoublure : Synth\u00e9tique<\/p>\n<p>Les Chelsea Boots tr\u00e8s tendance de la maison Tamaris mettent en valeur toutes les tenues.<br \/>\nLe dessus se distingue par son cuir v\u00e9ritable de qualit\u00e9, la semelle de propret\u00e9 est en textile, la semelle ext\u00e9rieure et la doublure sont en synth\u00e9tique.<br \/>\nElles sont dot\u00e9es d'une fermeture \u00e0 glissi\u00e8re pour un enfilage et un retrait pratiques, ainsi que d'une fermeture \u00e0 glissi\u00e8re d\u00e9corative sur le c\u00f4t\u00e9 oppos\u00e9.<\/p>\n<p>Mati\u00e8re : cuir 100%<\/p>\n<p>couleur : noir<br \/>\nmotif : fermeture \u00e0 glissi\u00e8re d\u00e9corative<br \/>\nTaille : 41<\/p>","protected":false},"excerpt":{"rendered":"<table class=\"dv_characteristicsTable\">\n<tbody>\n<tr>\n<td class=\"left\">Taille<\/td>\n<td>41<\/td>\n<\/tr>\n<tr>\n<td class=\"left\">Couleur<\/td>\n<td>schwarz<\/td>\n<\/tr>\n<tr>\n<td class=\"left\">Dessus<\/td>\n<td>Cuir<\/td>\n<\/tr>\n<tr>\n<td class=\"left\">Innenmaterial<\/td>\n<td>Warmfutter<\/td>\n<\/tr>\n<tr>\n<td class=\"left\">Stil<\/td>\n<td>klassisch<\/td>\n<\/tr>\n<tr>\n<td class=\"left\">Besondere Merkmale<\/td>\n<td>Dekorei\u00dfverschluss<\/td>\n<\/tr>\n<tr>\n<td class=\"left\">Verschluss<\/td>\n<td>Fermeture \u00e0 glissi\u00e8re<\/td>\n<\/tr>\n<tr>\n<td class=\"left\">Absatzart<\/td>\n<td>Blockabsatz<\/td>\n<\/tr>\n<tr>\n<td class=\"left\">Schuhspitze<\/td>\n<td>rund<\/td>\n<\/tr>\n<tr>\n<td class=\"left\">Innensohlenmaterial<\/td>\n<td>Textil<\/td>\n<\/tr>\n<tr>\n<td class=\"left\">Innensohleneigenschaften<\/td>\n<td>nicht herausnehmbar<\/td>\n<\/tr>\n<tr>\n<td class=\"left\">Laufsohlenmaterial<\/td>\n<td>Synthetik<\/td>\n<\/tr>\n<tr>\n<td class=\"left\">Laufsohlenprofil<\/td>\n<td>profiliert<\/td>\n<\/tr>\n<tr>\n<td class=\"left\">Schuhweite<\/td>\n<td>normal<\/td>\n<\/tr>\n<\/tbody>\n<\/table>\n<div class=\"pl_text-expander pl_copy100 pdp_details__text-expander js_pdp_details__text-expander pl_text-expander--has-more pl_text-expander--expanded\" lang=\"de\"><\/div>","protected":false},"featured_media":83449,"comment_status":"open","ping_status":"closed","template":"","meta":{"_seopress_robots_primary_cat":"","_seopress_titles_title":"","_seopress_titles_desc":"","_seopress_robots_index":""},"product_brand":[],"product_cat":[1348,1360,1385,1482],"product_tag":[],"class_list":{"0":"post-83387","1":"product","2":"type-product","3":"status-publish","4":"has-post-thumbnail","6":"product_cat-damen-mode","7":"product_cat-schuhe","8":"product_cat-stiefel","9":"product_cat-chelsea-boots","10":"product_shipping_class-standard-versand","12":"first","13":"instock","14":"sale","15":"taxable","16":"shipping-taxable","17":"purchasable","18":"product-type-simple"},"_links":{"self":[{"href":"https:\/\/www.soanam.de\/fr\/wp-json\/wp\/v2\/product\/83387","targetHints":{"allow":["GET"]}}],"collection":[{"href":"https:\/\/www.soanam.de\/fr\/wp-json\/wp\/v2\/product"}],"about":[{"href":"https:\/\/www.soanam.de\/fr\/wp-json\/wp\/v2\/types\/product"}],"replies":[{"embeddable":true,"href":"https:\/\/www.soanam.de\/fr\/wp-json\/wp\/v2\/comments?post=83387"}],"wp:featuredmedia":[{"embeddable":true,"href":"https:\/\/www.soanam.de\/fr\/wp-json\/wp\/v2\/media\/83449"}],"wp:attachment":[{"href":"https:\/\/www.soanam.de\/fr\/wp-json\/wp\/v2\/media?parent=83387"}],"wp:term":[{"taxonomy":"product_brand","embeddable":true,"href":"https:\/\/www.soanam.de\/fr\/wp-json\/wp\/v2\/product_brand?post=83387"},{"taxonomy":"product_cat","embeddable":true,"href":"https:\/\/www.soanam.de\/fr\/wp-json\/wp\/v2\/product_cat?post=83387"},{"taxonomy":"product_tag","embeddable":true,"href":"https:\/\/www.soanam.de\/fr\/wp-json\/wp\/v2\/product_tag?post=83387"}],"curies":[{"name":"wp","href":"https:\/\/api.w.org\/{rel}","templated":true}]}}