{"id":83273,"date":"2023-12-16T05:05:48","date_gmt":"2023-12-16T04:05:48","guid":{"rendered":"https:\/\/www.soanam.de\/?post_type=product&#038;p=83273"},"modified":"2023-12-17T01:42:05","modified_gmt":"2023-12-17T00:42:05","slug":"adidas-x-disney-t-shirt-minnie-mouse-en-blanc-gr-128","status":"publish","type":"product","link":"https:\/\/www.soanam.de\/fr\/produkt\/adidas-x-disney-t-shirt-minnie-mouse-in-weiss-gr-128\/","title":{"rendered":"Adidas x Disney T-shirt Minnie Mouse, en blanc, taille 128"},"content":{"rendered":"<p>T-shirt Adidas Performance<br \/>\nCon\u00e7u en collaboration avec Disney<br \/>\nAvec d\u00e9collet\u00e9 en V<br \/>\nManches courtes<br \/>\nCoupe pr\u00e8s du corps<br \/>\nImpression Minnie Mouse et logo de la marque<br \/>\n3 bandes<\/p>\n<p>Un t-shirt de marque fort pour les enfants d'Adidas en collaboration avec Disney.<br \/>\nIl a un d\u00e9collet\u00e9 en V et des manches courtes, et il est pr\u00e8s du corps.<br \/>\nLes trois bandes distinctives et le logo de la marque le rendent unique et le grand imprim\u00e9 Minnie Mouse indique clairement la collaboration de Disney.<br \/>\nLe sport est ainsi encore plus agr\u00e9able.<\/p>\n<p>Mati\u00e8re : 100% coton<br \/>\nConseils d'entretien : Lavage en machine<\/p>\n<p>couleur : blanc<br \/>\nMotif : Minnie Mouse<br \/>\nTaille : 128<\/p>\n<p>Largeur des \u00e9paules : 37cm<br \/>\nTour de poitrine : 78cm<br \/>\nLongueur des manches : 15cm<br \/>\nlongueur totale : 62cm<\/p>\n<p>&nbsp;<\/p>\n<p>Il s'agit d'un retour client sans \u00e9tiquette.<\/p>","protected":false},"excerpt":{"rendered":"<table class=\"dv_characteristicsTable\">\n<tbody>\n<tr>\n<td class=\"left\">Taille<\/td>\n<td>128<\/td>\n<\/tr>\n<tr>\n<td class=\"left\">Composition du mat\u00e9riau<\/td>\n<td>100% Coton<\/td>\n<\/tr>\n<tr>\n<td class=\"left\">Materialart<\/td>\n<td>Jersey<\/td>\n<\/tr>\n<tr>\n<td class=\"left\">Materialeigenschaften<\/td>\n<td>elastisch<\/td>\n<\/tr>\n<tr>\n<td class=\"left\">Conseils d'entretien<\/td>\n<td>Lavage en machine<\/td>\n<\/tr>\n<tr>\n<td class=\"left\">Optik<\/td>\n<td>mit Druck<\/td>\n<\/tr>\n<tr>\n<td class=\"left\">Couleur<\/td>\n<td>wei\u00df<\/td>\n<\/tr>\n<tr>\n<td class=\"left\">\u00c4rmel<\/td>\n<td>Manches courtes<\/td>\n<\/tr>\n<tr>\n<td class=\"left\">Merkmal<\/td>\n<td>Minnie Mouse<\/td>\n<\/tr>\n<\/tbody>\n<\/table>","protected":false},"featured_media":83426,"comment_status":"open","ping_status":"closed","template":"","meta":{"_seopress_robots_primary_cat":"","_seopress_titles_title":"","_seopress_titles_desc":"","_seopress_robots_index":""},"product_brand":[],"product_cat":[1351,1425,1426],"product_tag":[],"class_list":{"0":"post-83273","1":"product","2":"type-product","3":"status-publish","4":"has-post-thumbnail","6":"product_cat-kindermode","7":"product_cat-shirts-kindermode","8":"product_cat-t-shirts","9":"product_shipping_class-standard-versand","11":"first","12":"instock","13":"sale","14":"taxable","15":"shipping-taxable","16":"purchasable","17":"product-type-simple"},"_links":{"self":[{"href":"https:\/\/www.soanam.de\/fr\/wp-json\/wp\/v2\/product\/83273","targetHints":{"allow":["GET"]}}],"collection":[{"href":"https:\/\/www.soanam.de\/fr\/wp-json\/wp\/v2\/product"}],"about":[{"href":"https:\/\/www.soanam.de\/fr\/wp-json\/wp\/v2\/types\/product"}],"replies":[{"embeddable":true,"href":"https:\/\/www.soanam.de\/fr\/wp-json\/wp\/v2\/comments?post=83273"}],"wp:featuredmedia":[{"embeddable":true,"href":"https:\/\/www.soanam.de\/fr\/wp-json\/wp\/v2\/media\/83426"}],"wp:attachment":[{"href":"https:\/\/www.soanam.de\/fr\/wp-json\/wp\/v2\/media?parent=83273"}],"wp:term":[{"taxonomy":"product_brand","embeddable":true,"href":"https:\/\/www.soanam.de\/fr\/wp-json\/wp\/v2\/product_brand?post=83273"},{"taxonomy":"product_cat","embeddable":true,"href":"https:\/\/www.soanam.de\/fr\/wp-json\/wp\/v2\/product_cat?post=83273"},{"taxonomy":"product_tag","embeddable":true,"href":"https:\/\/www.soanam.de\/fr\/wp-json\/wp\/v2\/product_tag?post=83273"}],"curies":[{"name":"wp","href":"https:\/\/api.w.org\/{rel}","templated":true}]}}