{"id":83259,"date":"2023-12-16T05:04:31","date_gmt":"2023-12-16T04:04:31","guid":{"rendered":"https:\/\/www.soanam.de\/?post_type=product&#038;p=83259"},"modified":"2023-12-17T01:40:44","modified_gmt":"2023-12-17T00:40:44","slug":"lascana-basic-t-shirt-ras-du-cou-noir-gr-48-50","status":"publish","type":"product","link":"https:\/\/www.soanam.de\/fr\/produkt\/lascana-basic-rundhalsshirt-in-schwarz-gr-48-50\/","title":{"rendered":"Lascana Basic t-shirt col rond, en noir, taille 48\/50"},"content":{"rendered":"<p>T-shirt basique de Lascana<br \/>\nEncolure ronde<br \/>\nManches courtes<br \/>\nCoupe pr\u00e8s du corps<br \/>\nCombinaison polyvalente<br \/>\nQualit\u00e9 de coton doux<\/p>\n<p>Un partenaire facile \u00e0 combiner pour les tenues les plus diverses - c'est ainsi que l'on pourrait d\u00e9crire ce t-shirt de Lascana.<br \/>\nIl a une encolure ronde et des manches courtes et il est pr\u00e8s du corps.<br \/>\nEt ne t'inqui\u00e8te pas, gr\u00e2ce au pourcentage \u00e9lev\u00e9 de stretch, la qualit\u00e9 douce du coton garde sa forme m\u00eame apr\u00e8s avoir \u00e9t\u00e9 port\u00e9e longtemps.<\/p>\n<p>Mati\u00e8re : 95% coton, 5% \u00e9lasthanne<br \/>\nConseils d'entretien : Lavage en machine<\/p>\n<p>couleur : noir<br \/>\n\u00c9chantillon : sans<br \/>\nTaille : 48\/50<\/p>\n<p>Largeur des \u00e9paules : 40cm<br \/>\nTour de poitrine : 102cm<br \/>\nLongueur des manches : 17cm<br \/>\nlongueur totale : 69cm<\/p>\n<p>&nbsp;<\/p>\n<p>Il s'agit d'un retour client sans \u00e9tiquette.<\/p>","protected":false},"excerpt":{"rendered":"<table class=\"dv_characteristicsTable\">\n<tbody>\n<tr>\n<td class=\"left\">Taille<\/td>\n<td>48\/50<\/td>\n<\/tr>\n<tr>\n<td class=\"left\">Composition du mat\u00e9riau<\/td>\n<td>95% Baumwolle, 5% Elasthan<\/td>\n<\/tr>\n<tr>\n<td class=\"left\">Materialart<\/td>\n<td>Jersey<\/td>\n<\/tr>\n<tr>\n<td class=\"left\">Materialeigenschaften<\/td>\n<td>elastisch<\/td>\n<\/tr>\n<tr>\n<td class=\"left\">Conseils d'entretien<\/td>\n<td>Lavage en machine<\/td>\n<\/tr>\n<tr>\n<td class=\"left\">Optik<\/td>\n<td>einfarbig<\/td>\n<\/tr>\n<tr>\n<td class=\"left\">Couleur<\/td>\n<td>schwarz<\/td>\n<\/tr>\n<tr>\n<td class=\"left\">\u00c4rmel<\/td>\n<td>Manches courtes<\/td>\n<\/tr>\n<tr>\n<td class=\"left\"><\/td>\n<td><\/td>\n<\/tr>\n<\/tbody>\n<\/table>","protected":false},"featured_media":83415,"comment_status":"open","ping_status":"closed","template":"","meta":{"_seopress_robots_primary_cat":"","_seopress_titles_title":"","_seopress_titles_desc":"","_seopress_robots_index":""},"product_brand":[],"product_cat":[1348,1458,1477],"product_tag":[],"class_list":{"0":"post-83259","1":"product","2":"type-product","3":"status-publish","4":"has-post-thumbnail","6":"product_cat-damen-mode","7":"product_cat-shirts-damen-mode","8":"product_cat-t-shirts-shirts-damen-mode","9":"product_shipping_class-standard-versand","11":"first","12":"instock","13":"sale","14":"taxable","15":"shipping-taxable","16":"purchasable","17":"product-type-simple"},"_links":{"self":[{"href":"https:\/\/www.soanam.de\/fr\/wp-json\/wp\/v2\/product\/83259","targetHints":{"allow":["GET"]}}],"collection":[{"href":"https:\/\/www.soanam.de\/fr\/wp-json\/wp\/v2\/product"}],"about":[{"href":"https:\/\/www.soanam.de\/fr\/wp-json\/wp\/v2\/types\/product"}],"replies":[{"embeddable":true,"href":"https:\/\/www.soanam.de\/fr\/wp-json\/wp\/v2\/comments?post=83259"}],"wp:featuredmedia":[{"embeddable":true,"href":"https:\/\/www.soanam.de\/fr\/wp-json\/wp\/v2\/media\/83415"}],"wp:attachment":[{"href":"https:\/\/www.soanam.de\/fr\/wp-json\/wp\/v2\/media?parent=83259"}],"wp:term":[{"taxonomy":"product_brand","embeddable":true,"href":"https:\/\/www.soanam.de\/fr\/wp-json\/wp\/v2\/product_brand?post=83259"},{"taxonomy":"product_cat","embeddable":true,"href":"https:\/\/www.soanam.de\/fr\/wp-json\/wp\/v2\/product_cat?post=83259"},{"taxonomy":"product_tag","embeddable":true,"href":"https:\/\/www.soanam.de\/fr\/wp-json\/wp\/v2\/product_tag?post=83259"}],"curies":[{"name":"wp","href":"https:\/\/api.w.org\/{rel}","templated":true}]}}