{"id":83252,"date":"2023-12-16T05:03:52","date_gmt":"2023-12-16T04:03:52","guid":{"rendered":"https:\/\/www.soanam.de\/?post_type=product&#038;p=83252"},"modified":"2023-12-17T01:40:15","modified_gmt":"2023-12-17T00:40:15","slug":"timberland-millers-river-poloshirt-in-weiss-gr-xxl","status":"publish","type":"product","link":"https:\/\/www.soanam.de\/fr\/produkt\/timberland-millers-river-poloshirt-in-weiss-gr-xxl\/","title":{"rendered":"Timberland Millers River Poloshirt, in Wei\u00df, Gr. XXL"},"content":{"rendered":"<p>Poloshirt mit Randstreifen von Timberland<br \/>\nEinfassung an Kragen und \u00c4rmelb\u00fcndchen<br \/>\nAufgesticktes Timberland\u00ae Baum-Logo auf der Brust<br \/>\nKontrastierendes Nackenband<\/p>\n<p>Das Millers River Pikee-Poloshirt f\u00fcr Herren ist l\u00e4ssig und dennoch elegant - das perfekte Shirt, um auch bei w\u00e4rmerem Wetter gut auszusehen.<br \/>\nEs besticht es durch ein aufgesticktes Timberland\u00ae Baum-Logo auf der Brust.<br \/>\nUnd weil sich Timberland einer umweltfreundlichen Beschaffung verschrieben hat, besteht dieses Polohemd aus 100 % Bio-Baumwolle.<\/p>\n<p>Material: 100 % Bio-Baumwolle<br \/>\nConseils d'entretien : Lavage en machine<\/p>\n<p>couleur : blanc<br \/>\nMuster: Randstreifen<br \/>\nTaille : XXL<\/p>\n<p>Largeur des \u00e9paules : 49cm<br \/>\nTour de poitrine : 124cm<br \/>\nLongueur des manches : 24cm<br \/>\nlongueur totale : 76cm<\/p>","protected":false},"excerpt":{"rendered":"<table class=\"dv_characteristicsTable\">\n<tbody>\n<tr>\n<td class=\"left\">Taille<\/td>\n<td>XXL<\/td>\n<\/tr>\n<tr>\n<td class=\"left\">Composition du mat\u00e9riau<\/td>\n<td>Obermaterial: 100% Baumwolle<\/td>\n<\/tr>\n<tr>\n<td class=\"left\">Conseils d'entretien<\/td>\n<td>Lavage en machine<\/td>\n<\/tr>\n<tr>\n<td class=\"left\">Stil<\/td>\n<td>sportlich<\/td>\n<\/tr>\n<tr>\n<td class=\"left\">Couleur<\/td>\n<td>wei\u00df<\/td>\n<\/tr>\n<tr>\n<td class=\"left\">Kragen<\/td>\n<td>Polokragen<\/td>\n<\/tr>\n<tr>\n<td class=\"left\">Ausschnittdetails<\/td>\n<td>mit Knopfleiste<\/td>\n<\/tr>\n<tr>\n<td class=\"left\">\u00c4rmel<\/td>\n<td>Manches courtes<\/td>\n<\/tr>\n<tr>\n<td class=\"left\">Applikationen<\/td>\n<td>Logo brod\u00e9<\/td>\n<\/tr>\n<\/tbody>\n<\/table>\n<p>&nbsp;<\/p>","protected":false},"featured_media":83409,"comment_status":"open","ping_status":"closed","template":"","meta":{"_seopress_robots_primary_cat":"","_seopress_titles_title":"","_seopress_titles_desc":"","_seopress_robots_index":""},"product_brand":[],"product_cat":[1345,1475,1476],"product_tag":[],"class_list":{"0":"post-83252","1":"product","2":"type-product","3":"status-publish","4":"has-post-thumbnail","6":"product_cat-herrenmode","7":"product_cat-shirts-herrenmode","8":"product_cat-poloshirts","9":"product_shipping_class-standard-versand","11":"first","12":"instock","13":"sale","14":"taxable","15":"shipping-taxable","16":"purchasable","17":"product-type-simple"},"_links":{"self":[{"href":"https:\/\/www.soanam.de\/fr\/wp-json\/wp\/v2\/product\/83252","targetHints":{"allow":["GET"]}}],"collection":[{"href":"https:\/\/www.soanam.de\/fr\/wp-json\/wp\/v2\/product"}],"about":[{"href":"https:\/\/www.soanam.de\/fr\/wp-json\/wp\/v2\/types\/product"}],"replies":[{"embeddable":true,"href":"https:\/\/www.soanam.de\/fr\/wp-json\/wp\/v2\/comments?post=83252"}],"wp:featuredmedia":[{"embeddable":true,"href":"https:\/\/www.soanam.de\/fr\/wp-json\/wp\/v2\/media\/83409"}],"wp:attachment":[{"href":"https:\/\/www.soanam.de\/fr\/wp-json\/wp\/v2\/media?parent=83252"}],"wp:term":[{"taxonomy":"product_brand","embeddable":true,"href":"https:\/\/www.soanam.de\/fr\/wp-json\/wp\/v2\/product_brand?post=83252"},{"taxonomy":"product_cat","embeddable":true,"href":"https:\/\/www.soanam.de\/fr\/wp-json\/wp\/v2\/product_cat?post=83252"},{"taxonomy":"product_tag","embeddable":true,"href":"https:\/\/www.soanam.de\/fr\/wp-json\/wp\/v2\/product_tag?post=83252"}],"curies":[{"name":"wp","href":"https:\/\/api.w.org\/{rel}","templated":true}]}}