{"id":83229,"date":"2023-12-16T05:01:42","date_gmt":"2023-12-16T04:01:42","guid":{"rendered":"https:\/\/www.soanam.de\/?post_type=product&#038;p=83229"},"modified":"2023-12-17T01:38:09","modified_gmt":"2023-12-17T00:38:09","slug":"polo-ajc-zippe-en-laine-blanche-taille-36-38","status":"publish","type":"product","link":"https:\/\/www.soanam.de\/fr\/produkt\/ajc-poloshirt-mit-zipper-in-wollweiss-gr-36-38\/","title":{"rendered":"AJC Polo avec zip, en blanc laine, taille 36\/38"},"content":{"rendered":"<p>Polo de AJC<br \/>\nqualit\u00e9 jersey douce<br \/>\nCoupe l\u00e9g\u00e8rement cintr\u00e9e<br \/>\nFinition l\u00e9g\u00e8rement arrondie<br \/>\nAvec fermeture \u00e9clair<\/p>\n<p>Le t-shirt \u00e0 manches courtes d'AJC est une r\u00e9ponse simple \u00e0 la question pressante \"Qu'est-ce que je vais bien pouvoir porter ?<br \/>\nCe t-shirt a un col polo, un basculeur et une coupe l\u00e9g\u00e8rement cintr\u00e9e.<br \/>\nLa qualit\u00e9 douce du coton le rend tr\u00e8s agr\u00e9able \u00e0 porter.<\/p>\n<p>Mati\u00e8re : 100% coton<br \/>\nConseils d'entretien : Lavage en machine<\/p>\n<p>Couleur : blanc laineux<br \/>\n\u00c9chantillon : sans<br \/>\nTaille : 36\/38<\/p>\n<p>largeur des \u00e9paules : 35cm<br \/>\nTour de poitrine : 87cm<br \/>\nLongueur des manches : 15cm<br \/>\nlongueur totale : 64cm<\/p>\n<p>&nbsp;<\/p>\n<p>Il s'agit pour ce nouvel article d'un retour client sans \u00e9tiquette.<\/p>","protected":false},"excerpt":{"rendered":"<table class=\"dv_characteristicsTable\">\n<tbody>\n<tr>\n<td class=\"left\">Taille<\/td>\n<td>36\/38<\/td>\n<\/tr>\n<tr>\n<td class=\"left\">Composition du mat\u00e9riau<\/td>\n<td>100% Coton<\/td>\n<\/tr>\n<tr>\n<td class=\"left\">Materialart<\/td>\n<td>Jersey<\/td>\n<\/tr>\n<tr>\n<td class=\"left\">Materialeigenschaften<\/td>\n<td>elastisch<\/td>\n<\/tr>\n<tr>\n<td class=\"left\">Conseils d'entretien<\/td>\n<td>Lavage en machine<\/td>\n<\/tr>\n<tr>\n<td class=\"left\">Optik<\/td>\n<td>beinfarbig<\/td>\n<\/tr>\n<tr>\n<td class=\"left\">Couleur<\/td>\n<td>wollwei\u00df<\/td>\n<\/tr>\n<tr>\n<td class=\"left\">\u00c4rmel<\/td>\n<td>Manches courtes<\/td>\n<\/tr>\n<tr>\n<td class=\"left\">Besondere Merkmale<\/td>\n<td>Polo mit Zipper<\/td>\n<\/tr>\n<\/tbody>\n<\/table>","protected":false},"featured_media":83388,"comment_status":"open","ping_status":"closed","template":"","meta":{"_seopress_robots_primary_cat":"","_seopress_titles_title":"","_seopress_titles_desc":"","_seopress_robots_index":""},"product_brand":[],"product_cat":[1348,1458,1481],"product_tag":[],"class_list":{"0":"post-83229","1":"product","2":"type-product","3":"status-publish","4":"has-post-thumbnail","6":"product_cat-damen-mode","7":"product_cat-shirts-damen-mode","8":"product_cat-poloshirts-shirts-damen-mode","9":"product_shipping_class-standard-versand","11":"first","12":"instock","13":"sale","14":"taxable","15":"shipping-taxable","16":"purchasable","17":"product-type-simple"},"_links":{"self":[{"href":"https:\/\/www.soanam.de\/fr\/wp-json\/wp\/v2\/product\/83229","targetHints":{"allow":["GET"]}}],"collection":[{"href":"https:\/\/www.soanam.de\/fr\/wp-json\/wp\/v2\/product"}],"about":[{"href":"https:\/\/www.soanam.de\/fr\/wp-json\/wp\/v2\/types\/product"}],"replies":[{"embeddable":true,"href":"https:\/\/www.soanam.de\/fr\/wp-json\/wp\/v2\/comments?post=83229"}],"wp:featuredmedia":[{"embeddable":true,"href":"https:\/\/www.soanam.de\/fr\/wp-json\/wp\/v2\/media\/83388"}],"wp:attachment":[{"href":"https:\/\/www.soanam.de\/fr\/wp-json\/wp\/v2\/media?parent=83229"}],"wp:term":[{"taxonomy":"product_brand","embeddable":true,"href":"https:\/\/www.soanam.de\/fr\/wp-json\/wp\/v2\/product_brand?post=83229"},{"taxonomy":"product_cat","embeddable":true,"href":"https:\/\/www.soanam.de\/fr\/wp-json\/wp\/v2\/product_cat?post=83229"},{"taxonomy":"product_tag","embeddable":true,"href":"https:\/\/www.soanam.de\/fr\/wp-json\/wp\/v2\/product_tag?post=83229"}],"curies":[{"name":"wp","href":"https:\/\/api.w.org\/{rel}","templated":true}]}}