{"id":83192,"date":"2023-12-16T04:58:13","date_gmt":"2023-12-16T03:58:13","guid":{"rendered":"https:\/\/www.soanam.de\/?post_type=product&#038;p=83192"},"modified":"2023-12-17T01:34:21","modified_gmt":"2023-12-17T00:34:21","slug":"ajc-t-shirt-manches-longues-cool-avec-imprime-vert-olive-gr-36-38","status":"publish","type":"product","link":"https:\/\/www.soanam.de\/fr\/produkt\/ajc-langarmshirt-cool-mit-print-in-olivgruen-gr-36-38\/","title":{"rendered":"AJC T-shirt manches longues Cool avec imprim\u00e9, en vert olive, taille 36\/38"},"content":{"rendered":"<p>Cool t-shirt \u00e0 manches longues de AJC<br \/>\nTissu c\u00f4tel\u00e9 \u00e9lastique en pur coton au look us\u00e9<br \/>\nCoupe ajust\u00e9e avec col rond<br \/>\nSuperbe imprim\u00e9 frontal<br \/>\nAvec le logo de la marque<\/p>\n<p>Le t-shirt \u00e0 manches longues d'AJC se pr\u00e9sente avec un superbe imprim\u00e9 sur le devant qui brille d'un \u00e9clat m\u00e9tallique.<br \/>\nL'encolure ronde et les manches longues renforcent le look d\u00e9contract\u00e9 de ce t-shirt long et le lavage used apporte une touche suppl\u00e9mentaire.<\/p>\n<p>Mati\u00e8re : 100% coton<br \/>\nConseils d'entretien : Lavage en machine<\/p>\n<p>couleur : vert olive<br \/>\nmotif : imprim\u00e9 frontal<br \/>\nTaille : 36\/38<\/p>\n<p>Largeur des \u00e9paules : 38cm<br \/>\nTour de poitrine : 91cm<br \/>\nLongueur des manches : 63cm<br \/>\nlongueur totale : 64cm<\/p>","protected":false},"excerpt":{"rendered":"<table class=\"dv_characteristicsTable\">\n<tbody>\n<tr>\n<td class=\"left\">Taille<\/td>\n<td>36\/38<\/td>\n<\/tr>\n<tr>\n<td class=\"left\">Composition du mat\u00e9riau<\/td>\n<td>100% Coton<\/td>\n<\/tr>\n<tr>\n<td class=\"left\">Materialart<\/td>\n<td>Single Jersey<\/td>\n<\/tr>\n<tr>\n<td class=\"left\">Conseils d'entretien<\/td>\n<td>Lavage en machine<\/td>\n<\/tr>\n<tr>\n<td class=\"left\">Optik<\/td>\n<td>bedruckt, unifarben, used wash<\/td>\n<\/tr>\n<tr>\n<td class=\"left\">Stil<\/td>\n<td>casual<\/td>\n<\/tr>\n<tr>\n<td class=\"left\">Couleur<\/td>\n<td>olivgr\u00fcn<\/td>\n<\/tr>\n<tr>\n<td class=\"left\">\u00c4rmel<\/td>\n<td>Manches longues<\/td>\n<\/tr>\n<tr>\n<td class=\"left\">Ausschnitt<\/td>\n<td>Rundhals<\/td>\n<\/tr>\n<tr>\n<td class=\"left\">Coupe<\/td>\n<td>figurbetont<\/td>\n<\/tr>\n<tr>\n<td class=\"left\">Applikationen<\/td>\n<td>Markenlabel<\/td>\n<\/tr>\n<tr>\n<td class=\"left\">Besondere Merkmale<\/td>\n<td>mit auff\u00e4lligem Frontdruck<\/td>\n<\/tr>\n<tr>\n<td class=\"left\"><\/td>\n<td><\/td>\n<\/tr>\n<tr>\n<td class=\"left\"><\/td>\n<td><\/td>\n<\/tr>\n<\/tbody>\n<\/table>","protected":false},"featured_media":83358,"comment_status":"open","ping_status":"closed","template":"","meta":{"_seopress_robots_primary_cat":"","_seopress_titles_title":"","_seopress_titles_desc":"","_seopress_robots_index":""},"product_brand":[],"product_cat":[1348,1456,1479],"product_tag":[],"class_list":{"0":"post-83192","1":"product","2":"type-product","3":"status-publish","4":"has-post-thumbnail","6":"product_cat-damen-mode","7":"product_cat-pullover-sweater","8":"product_cat-langarmshirts","9":"product_shipping_class-standard-versand","11":"first","12":"instock","13":"sale","14":"taxable","15":"shipping-taxable","16":"purchasable","17":"product-type-simple"},"_links":{"self":[{"href":"https:\/\/www.soanam.de\/fr\/wp-json\/wp\/v2\/product\/83192","targetHints":{"allow":["GET"]}}],"collection":[{"href":"https:\/\/www.soanam.de\/fr\/wp-json\/wp\/v2\/product"}],"about":[{"href":"https:\/\/www.soanam.de\/fr\/wp-json\/wp\/v2\/types\/product"}],"replies":[{"embeddable":true,"href":"https:\/\/www.soanam.de\/fr\/wp-json\/wp\/v2\/comments?post=83192"}],"wp:featuredmedia":[{"embeddable":true,"href":"https:\/\/www.soanam.de\/fr\/wp-json\/wp\/v2\/media\/83358"}],"wp:attachment":[{"href":"https:\/\/www.soanam.de\/fr\/wp-json\/wp\/v2\/media?parent=83192"}],"wp:term":[{"taxonomy":"product_brand","embeddable":true,"href":"https:\/\/www.soanam.de\/fr\/wp-json\/wp\/v2\/product_brand?post=83192"},{"taxonomy":"product_cat","embeddable":true,"href":"https:\/\/www.soanam.de\/fr\/wp-json\/wp\/v2\/product_cat?post=83192"},{"taxonomy":"product_tag","embeddable":true,"href":"https:\/\/www.soanam.de\/fr\/wp-json\/wp\/v2\/product_tag?post=83192"}],"curies":[{"name":"wp","href":"https:\/\/api.w.org\/{rel}","templated":true}]}}