{"id":83185,"date":"2023-12-16T04:58:11","date_gmt":"2023-12-16T03:58:11","guid":{"rendered":"https:\/\/www.soanam.de\/?post_type=product&#038;p=83185"},"modified":"2023-12-17T01:30:16","modified_gmt":"2023-12-17T00:30:16","slug":"levis-straight-jeans-514-in-stonewash-stretch-gr-w40xl34","status":"publish","type":"product","link":"https:\/\/www.soanam.de\/fr\/produkt\/levis-straight-jeans-514-in-stonewash-stretch-gr-w40xl34\/","title":{"rendered":"Levi's\u00ae Jeans droit 514\u2122, en stonewash stretch, taille W40xL34"},"content":{"rendered":"<p>Jeans Levi's\u00ae 514<br \/>\nConfortable \u00e0 porter gr\u00e2ce au stretch<br \/>\nCoupe droite<br \/>\nJambe droite, taille basse<\/p>\n<p>Le jeans Levi's\u00ae \"514\" pour hommes en d\u00e9lavage classique.<br \/>\nL'authentique jean cinq poches convainc par sa forme straight-fit confortable, c'est-\u00e0-dire avec une jambe droite et une hauteur de taille l\u00e9g\u00e8rement plus basse.<br \/>\nLevi's\u00ae est la marque culte de denimwear et est connue pour ses styles d\u00e9contract\u00e9s et masculins.<\/p>\n<p>Mati\u00e8re : 98% coton, 2% \u00e9lasthanne<br \/>\nConseils d'entretien : Lavage en machine<\/p>\n<p>Couleur : stonewash<br \/>\n\u00c9chantillon : sans<br \/>\nTaille : W40 x L34<\/p>\n<p>Tour de taille : 102cm<br \/>\nTour de hanches : 123cm<br \/>\nLongueur d'entrejambe : 84cm<br \/>\nlongueur totale : 114cm<\/p>\n<p>&nbsp;<\/p>\n<p>Il s'agit pour ce nouvel article d'un retour client sans \u00e9tiquette.<\/p>","protected":false},"excerpt":{"rendered":"<table class=\"dv_characteristicsTable\">\n<tbody>\n<tr>\n<td class=\"left\">Taille<\/td>\n<td>40<\/td>\n<\/tr>\n<tr>\n<td class=\"left\">Hosenl\u00e4nge<\/td>\n<td>34<\/td>\n<\/tr>\n<tr>\n<td class=\"left\">Composition du mat\u00e9riau<\/td>\n<td>Obermaterial: 98% Baumwolle, 2% Elasthan<\/td>\n<\/tr>\n<tr>\n<td class=\"left\">Materialart<\/td>\n<td>Denim<\/td>\n<\/tr>\n<tr>\n<td class=\"left\">Materialeigenschaften<\/td>\n<td>elastisch<\/td>\n<\/tr>\n<tr>\n<td class=\"left\">Conseils d'entretien<\/td>\n<td>Lavage en machine<\/td>\n<\/tr>\n<tr>\n<td class=\"left\">Stil<\/td>\n<td>casual<\/td>\n<\/tr>\n<tr>\n<td class=\"left\">Couleur<\/td>\n<td>Stonewash Stretch<\/td>\n<\/tr>\n<tr>\n<td class=\"left\">Leibh\u00f6he<\/td>\n<td>niedriger<\/td>\n<\/tr>\n<tr>\n<td class=\"left\">Beinform<\/td>\n<td>gerade<\/td>\n<\/tr>\n<tr>\n<td class=\"left\">Coupe<\/td>\n<td>normal<\/td>\n<\/tr>\n<tr>\n<td class=\"left\">Schnittform L\u00e4nge<\/td>\n<td>lang<\/td>\n<\/tr>\n<tr>\n<td class=\"left\">Passants de ceinture<\/td>\n<td>ja<\/td>\n<\/tr>\n<tr>\n<td class=\"left\">Applikationen<\/td>\n<td>Markenlabel<\/td>\n<\/tr>\n<tr>\n<td class=\"left\">Sacs<\/td>\n<td>Eingrifftaschen, Coinpocket, aufgesetzte Taschen<\/td>\n<\/tr>\n<tr>\n<td class=\"left\">Verschluss<\/td>\n<td>Fermeture \u00e0 glissi\u00e8re<\/td>\n<\/tr>\n<\/tbody>\n<\/table>","protected":false},"featured_media":83320,"comment_status":"open","ping_status":"closed","template":"","meta":{"_seopress_robots_primary_cat":"","_seopress_titles_title":"","_seopress_titles_desc":"","_seopress_robots_index":""},"product_brand":[],"product_cat":[1345,1346,1347],"product_tag":[],"class_list":{"0":"post-83185","1":"product","2":"type-product","3":"status-publish","4":"has-post-thumbnail","6":"product_cat-herrenmode","7":"product_cat-hosen","8":"product_cat-jeans","9":"product_shipping_class-standard-versand","11":"first","12":"instock","13":"sale","14":"taxable","15":"shipping-taxable","16":"purchasable","17":"product-type-simple"},"_links":{"self":[{"href":"https:\/\/www.soanam.de\/fr\/wp-json\/wp\/v2\/product\/83185","targetHints":{"allow":["GET"]}}],"collection":[{"href":"https:\/\/www.soanam.de\/fr\/wp-json\/wp\/v2\/product"}],"about":[{"href":"https:\/\/www.soanam.de\/fr\/wp-json\/wp\/v2\/types\/product"}],"replies":[{"embeddable":true,"href":"https:\/\/www.soanam.de\/fr\/wp-json\/wp\/v2\/comments?post=83185"}],"wp:featuredmedia":[{"embeddable":true,"href":"https:\/\/www.soanam.de\/fr\/wp-json\/wp\/v2\/media\/83320"}],"wp:attachment":[{"href":"https:\/\/www.soanam.de\/fr\/wp-json\/wp\/v2\/media?parent=83185"}],"wp:term":[{"taxonomy":"product_brand","embeddable":true,"href":"https:\/\/www.soanam.de\/fr\/wp-json\/wp\/v2\/product_brand?post=83185"},{"taxonomy":"product_cat","embeddable":true,"href":"https:\/\/www.soanam.de\/fr\/wp-json\/wp\/v2\/product_cat?post=83185"},{"taxonomy":"product_tag","embeddable":true,"href":"https:\/\/www.soanam.de\/fr\/wp-json\/wp\/v2\/product_tag?post=83185"}],"curies":[{"name":"wp","href":"https:\/\/api.w.org\/{rel}","templated":true}]}}