{"id":83182,"date":"2023-12-16T04:58:09","date_gmt":"2023-12-16T03:58:09","guid":{"rendered":"https:\/\/www.soanam.de\/?post_type=product&#038;p=83182"},"modified":"2023-12-17T01:28:20","modified_gmt":"2023-12-17T00:28:20","slug":"northern-country-arbeitshose-mit-corduraverstaerkungen-in-schwarz-gr-60","status":"publish","type":"product","link":"https:\/\/www.soanam.de\/fr\/produkt\/northern-country-arbeitshose-mit-corduraverstaerkungen-in-schwarz-gr-60\/","title":{"rendered":"Pantalon de travail Northern Country avec renforts en Cordura\u00ae, noir, taille 60"},"content":{"rendered":"<p>Arbeitshose von Northern Country<br \/>\nCordura\u00ae Verst\u00e4rkungen an den Knien<br \/>\nCordura\u00ae an den Ges\u00e4\u00df- und Seitentaschen, insgesamt 9 Taschen<br \/>\n3-fache Innenbeinnaht zur h\u00f6heren Langlebigkeit<br \/>\nMit praktischer Rei\u00dfverschlussbel\u00fcftung<br \/>\nViele Verriegelungspunkte an Belastungspunkten<\/p>\n<p>Strapazierf\u00e4hige Materialien und ein durchdachtes Design - das ist die NORTHERN COUNTRY Bundhose.<br \/>\nSie \u00fcberzeugt mit Cordura\u00ae-Verst\u00e4rkungen im Kniebereich, an den Ges\u00e4\u00dftaschen, an der Cargo- und Zollstocktasche sowie am Beinabschluss.<br \/>\nDie 3-fache Innenbeinnaht und viele Verriegelungspunkte an Belastungspunkten sorgen f\u00fcr eine h\u00f6here Langlebigkeit, der dehnbare Bund auch beim B\u00fccken f\u00fcr einen guten Sitz.<br \/>\nMit der praktischen Rei\u00dfverschlussbel\u00fcftung kannst du selbst bestimmen, wann es etwas luftiger wird.<\/p>\n<p>Material: 65% Polyester und 35% Baumwolle<br \/>\nConseils d'entretien : Lavage en machine<\/p>\n<p>couleur : noir<br \/>\n\u00c9chantillon : sans<br \/>\nGr\u00f6\u00dfe: 60<\/p>\n<p>Bundweite: 113cm<br \/>\nH\u00fcftweite: 1324cm<br \/>\nLongueur d'entrejambe : 82cm<br \/>\nGesamtl\u00e4nge: 119cm<\/p>","protected":false},"excerpt":{"rendered":"<table class=\"dv_characteristicsTable\">\n<tbody>\n<tr>\n<td class=\"left\">Taille<\/td>\n<td>60<\/td>\n<\/tr>\n<tr>\n<td class=\"left\">Gr\u00f6\u00dfentyp<\/td>\n<td>Normalgr\u00f6\u00dfen<\/td>\n<\/tr>\n<tr>\n<td class=\"left\">Composition du mat\u00e9riau<\/td>\n<td>Obermaterial: 65% Polyester, 35% Baumwolle<\/td>\n<\/tr>\n<tr>\n<td class=\"left\">Herstellertechnologien<\/td>\n<td>Cordura<\/td>\n<\/tr>\n<tr>\n<td class=\"left\">Conseils d'entretien<\/td>\n<td>Lavage en machine<\/td>\n<\/tr>\n<tr>\n<td class=\"left\">Couleur<\/td>\n<td>schwarz-hellgrau<\/td>\n<\/tr>\n<tr>\n<td class=\"left\">Bundabschluss<\/td>\n<td>elastischer Bund<\/td>\n<\/tr>\n<tr>\n<td class=\"left\">Sacs<\/td>\n<td>Ges\u00e4\u00dftaschen, Handytasche, Zollstocktasche<\/td>\n<\/tr>\n<tr>\n<td class=\"left\">Verschluss<\/td>\n<td>Knopf, Rei\u00dfverschluss<\/td>\n<\/tr>\n<tr>\n<td class=\"left\">Besondere Merkmale<\/td>\n<td>mit Cordura\u00aeVerst\u00e4rkungen und Rei\u00dfverschlussbel\u00fcftung mit 9 Taschen<\/td>\n<\/tr>\n<\/tbody>\n<\/table>","protected":false},"featured_media":83302,"comment_status":"open","ping_status":"closed","template":"","meta":{"_seopress_robots_primary_cat":"","_seopress_titles_title":"","_seopress_titles_desc":"","_seopress_robots_index":""},"product_brand":[],"product_cat":[1345,1346,1723],"product_tag":[],"class_list":{"0":"post-83182","1":"product","2":"type-product","3":"status-publish","4":"has-post-thumbnail","6":"product_cat-herrenmode","7":"product_cat-hosen","8":"product_cat-arbeitshosen","9":"product_shipping_class-standard-versand","11":"first","12":"instock","13":"taxable","14":"shipping-taxable","15":"purchasable","16":"product-type-simple"},"_links":{"self":[{"href":"https:\/\/www.soanam.de\/fr\/wp-json\/wp\/v2\/product\/83182","targetHints":{"allow":["GET"]}}],"collection":[{"href":"https:\/\/www.soanam.de\/fr\/wp-json\/wp\/v2\/product"}],"about":[{"href":"https:\/\/www.soanam.de\/fr\/wp-json\/wp\/v2\/types\/product"}],"replies":[{"embeddable":true,"href":"https:\/\/www.soanam.de\/fr\/wp-json\/wp\/v2\/comments?post=83182"}],"wp:featuredmedia":[{"embeddable":true,"href":"https:\/\/www.soanam.de\/fr\/wp-json\/wp\/v2\/media\/83302"}],"wp:attachment":[{"href":"https:\/\/www.soanam.de\/fr\/wp-json\/wp\/v2\/media?parent=83182"}],"wp:term":[{"taxonomy":"product_brand","embeddable":true,"href":"https:\/\/www.soanam.de\/fr\/wp-json\/wp\/v2\/product_brand?post=83182"},{"taxonomy":"product_cat","embeddable":true,"href":"https:\/\/www.soanam.de\/fr\/wp-json\/wp\/v2\/product_cat?post=83182"},{"taxonomy":"product_tag","embeddable":true,"href":"https:\/\/www.soanam.de\/fr\/wp-json\/wp\/v2\/product_tag?post=83182"}],"curies":[{"name":"wp","href":"https:\/\/api.w.org\/{rel}","templated":true}]}}