{"id":83172,"date":"2023-12-16T04:58:05","date_gmt":"2023-12-16T03:58:05","guid":{"rendered":"https:\/\/www.soanam.de\/?post_type=product&#038;p=83172"},"modified":"2023-12-16T05:02:28","modified_gmt":"2023-12-16T04:02:28","slug":"calvin-klein-ckj-010-cheville-haute-skinny-en-bleu-gr-w27","status":"publish","type":"product","link":"https:\/\/www.soanam.de\/fr\/produkt\/calvin-klein-ckj-010-high-rise-skinny-ankle-in-blue-gr-w27\/","title":{"rendered":"Calvin Klein CKJ 010 HIGH RISE SKINNY ANKLE, en bleu, taille W27"},"content":{"rendered":"<p>Jeans skinny-fit CKJ 010 de Calvin Kein Jeans<br \/>\nDenim en coton stretch pour une coupe parfaite<br \/>\nForme de jambe \u00e9troite avec hauteur de taille \u00e9lev\u00e9e<br \/>\nForme Five-Pocket<br \/>\nFente \u00e0 la cheville<br \/>\nAvec broderie du monogramme CK &amp; badge<\/p>\n<p>Le jeans skinny CKJ 010 de Calvin Klein Jeans offre tout ce que l'on attend d'un vrai denim.<br \/>\nCeinture \u00e0 passants, poches, d\u00e9tails de la marque - rien ne manque \u00e0 ce jeans classique.<br \/>\nNi l'agr\u00e9able denim stretch en coton qui rend ce pantalon moulant si confortable.<br \/>\nCe jean a \u00e9t\u00e9 fabriqu\u00e9 en utilisant des techniques qui consomment moins d'eau et d'\u00e9nergie que le denim traditionnel.<\/p>\n<p>Mati\u00e8re : 94% coton,4% \u00e9lastomultiester, 2% \u00e9lasthanne<br \/>\nConseils d'entretien : Lavage en machine<\/p>\n<p>couleur : blue<br \/>\n\u00c9chantillon : sans<br \/>\nTaille : W27<\/p>\n<p>Tour de taille : 57cm<br \/>\nTour de hanches : 78cm<br \/>\nLongueur d'entrejambe : 69cm<br \/>\nlongueur totale : 97cm<\/p>","protected":false},"excerpt":{"rendered":"<table class=\"dv_characteristicsTable\">\n<tbody>\n<tr>\n<td class=\"left\">Taille<\/td>\n<td>W27<\/td>\n<\/tr>\n<tr>\n<td class=\"left\">Gr\u00f6\u00dfentyp<\/td>\n<td>Normalgr\u00f6\u00dfen<\/td>\n<\/tr>\n<tr>\n<td class=\"left\">Composition du mat\u00e9riau<\/td>\n<td>94% Baumwolle, 4% Elastomultiester, 2% Elasthan<\/td>\n<\/tr>\n<tr>\n<td class=\"left\">Materialart<\/td>\n<td>Demim<\/td>\n<\/tr>\n<tr>\n<td class=\"left\">Materialeigenschaften<\/td>\n<td>pflegeleicht<\/td>\n<\/tr>\n<tr>\n<td class=\"left\">Conseils d'entretien<\/td>\n<td>Lavage en machine<\/td>\n<\/tr>\n<tr>\n<td class=\"left\">Optik<\/td>\n<td>unifarben<\/td>\n<\/tr>\n<tr>\n<td class=\"left\">Stil<\/td>\n<td>modisch<\/td>\n<\/tr>\n<tr>\n<td class=\"left\">Couleur<\/td>\n<td>Blue<\/td>\n<\/tr>\n<tr>\n<td class=\"left\">Leibh\u00f6he<\/td>\n<td>hoch<\/td>\n<\/tr>\n<tr>\n<td class=\"left\">Coupe<\/td>\n<td>skinny fit<\/td>\n<\/tr>\n<tr>\n<td class=\"left\">Passants de ceinture<\/td>\n<td>ja<\/td>\n<\/tr>\n<tr>\n<td class=\"left\">Sacs<\/td>\n<td>5-Pocket-Style<\/td>\n<\/tr>\n<tr>\n<td class=\"left\">Verschluss<\/td>\n<td>1-Knopf-Form, Rei\u00dfverschluss<\/td>\n<\/tr>\n<\/tbody>\n<\/table>","protected":false},"featured_media":83230,"comment_status":"open","ping_status":"closed","template":"","meta":{"_seopress_robots_primary_cat":"","_seopress_titles_title":"","_seopress_titles_desc":"","_seopress_robots_index":""},"product_brand":[],"product_cat":[1348,1349,1350,1397],"product_tag":[],"class_list":{"0":"post-83172","1":"product","2":"type-product","3":"status-publish","4":"has-post-thumbnail","6":"product_cat-damen-mode","7":"product_cat-hosen-damen-mode","8":"product_cat-jeans-hosen-damen-mode","9":"product_cat-andere-hosen","10":"product_shipping_class-standard-versand","12":"first","13":"instock","14":"taxable","15":"shipping-taxable","16":"purchasable","17":"product-type-simple"},"_links":{"self":[{"href":"https:\/\/www.soanam.de\/fr\/wp-json\/wp\/v2\/product\/83172","targetHints":{"allow":["GET"]}}],"collection":[{"href":"https:\/\/www.soanam.de\/fr\/wp-json\/wp\/v2\/product"}],"about":[{"href":"https:\/\/www.soanam.de\/fr\/wp-json\/wp\/v2\/types\/product"}],"replies":[{"embeddable":true,"href":"https:\/\/www.soanam.de\/fr\/wp-json\/wp\/v2\/comments?post=83172"}],"wp:featuredmedia":[{"embeddable":true,"href":"https:\/\/www.soanam.de\/fr\/wp-json\/wp\/v2\/media\/83230"}],"wp:attachment":[{"href":"https:\/\/www.soanam.de\/fr\/wp-json\/wp\/v2\/media?parent=83172"}],"wp:term":[{"taxonomy":"product_brand","embeddable":true,"href":"https:\/\/www.soanam.de\/fr\/wp-json\/wp\/v2\/product_brand?post=83172"},{"taxonomy":"product_cat","embeddable":true,"href":"https:\/\/www.soanam.de\/fr\/wp-json\/wp\/v2\/product_cat?post=83172"},{"taxonomy":"product_tag","embeddable":true,"href":"https:\/\/www.soanam.de\/fr\/wp-json\/wp\/v2\/product_tag?post=83172"}],"curies":[{"name":"wp","href":"https:\/\/api.w.org\/{rel}","templated":true}]}}