{"id":83170,"date":"2023-12-16T04:58:04","date_gmt":"2023-12-16T03:58:04","guid":{"rendered":"https:\/\/www.soanam.de\/?post_type=product&#038;p=83170"},"modified":"2023-12-16T05:01:38","modified_gmt":"2023-12-16T04:01:38","slug":"herrlicher-jeans-jayden-straight-in-dark-blue-used-gr-w30xl34","status":"publish","type":"product","link":"https:\/\/www.soanam.de\/fr\/produkt\/herrlicher-jeans-jayden-straight-in-dark-blue-used-gr-w30xl34\/","title":{"rendered":"Herrlicher Jeans Jayden Straight, in Dark Blue Used, taille W30xL34"},"content":{"rendered":"<p>Marque : Herrlicher<br \/>\nMod\u00e8le : Jayden Straight<br \/>\nHauteur de taille : normale<br \/>\nCoupe : Straight Fit (coupe droite)<br \/>\nLongueur de la coupe : longue<br \/>\nFermeture : bouton, fermeture \u00e9clair<\/p>\n<p>Le jeans straight cut Jayden de Herrlicher est le jeans id\u00e9al dont tu ne pourras plus te passer.<br \/>\nLa qualit\u00e9 stretch agr\u00e9able garantit un grand confort de port<br \/>\nIl a une coupe \u00e9troite et une hauteur de taille normale.<br \/>\nUn effet sculptant maximal est produit par la forme particuli\u00e8re de la coupe avec un empi\u00e8cement en forme de coin.<br \/>\nLes fausses poches arri\u00e8re cr\u00e9ent un l\u00e9ger effet push up.<\/p>\n<p>Mati\u00e8re : 98% coton, 2% \u00e9lasthanne<br \/>\nConseils d'entretien : Lavage en machine<\/p>\n<p>couleur : dark blue used<br \/>\n\u00c9chantillon : sans<br \/>\nTaille : W30 L34<\/p>\n<p>Tour de taille : 82cm<br \/>\nH\u00fcftweite: 100cm<br \/>\nSchrittl\u00e4nge: 86cm<br \/>\nlongueur totale : 112cm<\/p>","protected":false},"excerpt":{"rendered":"<table class=\"dv_characteristicsTable\">\n<tbody>\n<tr>\n<td class=\"left\">Taille<\/td>\n<td>W30, L34<\/td>\n<\/tr>\n<tr>\n<td class=\"left\">Gr\u00f6\u00dfentyp<\/td>\n<td>Normalgr\u00f6\u00dfen<\/td>\n<\/tr>\n<tr>\n<td class=\"left\">Composition du mat\u00e9riau<\/td>\n<td>98% coton, 2% \u00e9lasthanne<\/td>\n<\/tr>\n<tr>\n<td class=\"left\">Materialart<\/td>\n<td>Demim<\/td>\n<\/tr>\n<tr>\n<td class=\"left\">Materialeigenschaften<\/td>\n<td>pflegeleicht<\/td>\n<\/tr>\n<tr>\n<td class=\"left\">Conseils d'entretien<\/td>\n<td>Lavage en machine<\/td>\n<\/tr>\n<tr>\n<td class=\"left\">Optik<\/td>\n<td>unifarben<\/td>\n<\/tr>\n<tr>\n<td class=\"left\">Stil<\/td>\n<td>modisch<\/td>\n<\/tr>\n<tr>\n<td class=\"left\">Couleur<\/td>\n<td>Bleu fonc\u00e9 us\u00e9<\/td>\n<\/tr>\n<tr>\n<td class=\"left\">Leibh\u00f6he<\/td>\n<td>normal<\/td>\n<\/tr>\n<tr>\n<td class=\"left\">Coupe<\/td>\n<td>straight<\/td>\n<\/tr>\n<tr>\n<td class=\"left\">Passants de ceinture<\/td>\n<td>ja<\/td>\n<\/tr>\n<tr>\n<td class=\"left\">Sacs<\/td>\n<td>5-Pocket-Style<\/td>\n<\/tr>\n<tr>\n<td class=\"left\">Verschluss<\/td>\n<td>1-Knopf-Form, Rei\u00dfverschluss<\/td>\n<\/tr>\n<\/tbody>\n<\/table>","protected":false},"featured_media":83223,"comment_status":"open","ping_status":"closed","template":"","meta":{"_seopress_robots_primary_cat":"","_seopress_titles_title":"","_seopress_titles_desc":"","_seopress_robots_index":""},"product_brand":[],"product_cat":[1348,1349,1350,1397],"product_tag":[],"class_list":{"0":"post-83170","1":"product","2":"type-product","3":"status-publish","4":"has-post-thumbnail","6":"product_cat-damen-mode","7":"product_cat-hosen-damen-mode","8":"product_cat-jeans-hosen-damen-mode","9":"product_cat-andere-hosen","10":"product_shipping_class-standard-versand","12":"first","13":"instock","14":"sale","15":"taxable","16":"shipping-taxable","17":"purchasable","18":"product-type-simple"},"_links":{"self":[{"href":"https:\/\/www.soanam.de\/fr\/wp-json\/wp\/v2\/product\/83170","targetHints":{"allow":["GET"]}}],"collection":[{"href":"https:\/\/www.soanam.de\/fr\/wp-json\/wp\/v2\/product"}],"about":[{"href":"https:\/\/www.soanam.de\/fr\/wp-json\/wp\/v2\/types\/product"}],"replies":[{"embeddable":true,"href":"https:\/\/www.soanam.de\/fr\/wp-json\/wp\/v2\/comments?post=83170"}],"wp:featuredmedia":[{"embeddable":true,"href":"https:\/\/www.soanam.de\/fr\/wp-json\/wp\/v2\/media\/83223"}],"wp:attachment":[{"href":"https:\/\/www.soanam.de\/fr\/wp-json\/wp\/v2\/media?parent=83170"}],"wp:term":[{"taxonomy":"product_brand","embeddable":true,"href":"https:\/\/www.soanam.de\/fr\/wp-json\/wp\/v2\/product_brand?post=83170"},{"taxonomy":"product_cat","embeddable":true,"href":"https:\/\/www.soanam.de\/fr\/wp-json\/wp\/v2\/product_cat?post=83170"},{"taxonomy":"product_tag","embeddable":true,"href":"https:\/\/www.soanam.de\/fr\/wp-json\/wp\/v2\/product_tag?post=83170"}],"curies":[{"name":"wp","href":"https:\/\/api.w.org\/{rel}","templated":true}]}}