{"id":83149,"date":"2023-12-16T04:54:36","date_gmt":"2023-12-16T03:54:36","guid":{"rendered":"https:\/\/www.soanam.de\/?post_type=product&#038;p=83149"},"modified":"2023-12-16T04:59:32","modified_gmt":"2023-12-16T03:59:32","slug":"veste-dentrainement-puma-retro-noir-vert-gr-l","status":"publish","type":"product","link":"https:\/\/www.soanam.de\/fr\/produkt\/puma-retro-trainingsjacke-in-schwarz-gruen-gr-l\/","title":{"rendered":"Veste de surv\u00eatement PUMA Retro, en noir, vert, taille L"},"content":{"rendered":"<p>Veste de surv\u00eatement Puma au look r\u00e9tro<br \/>\nCoupe normale<br \/>\nTricolore avec le logo de la marque<br \/>\nAvec fermeture \u00e9clair, poches lat\u00e9rales<br \/>\nOurlet et poignets \u00e9lastiques<\/p>\n<p>La veste de surv\u00eatement de PUMA sera ta nouvelle pi\u00e8ce pr\u00e9f\u00e9r\u00e9e pour le sport et le plaisir.<br \/>\nL'impression du logo apporte des points forts \u00e0 la tenue.<br \/>\nLes manches longues, tout comme l'ourlet, se terminent par un poignet.<br \/>\nTu trouveras de la place pour des petites choses dans les poches.<\/p>\n<p>Mati\u00e8re : 98% polyester, 2% \u00e9lasthanne<br \/>\nConseils d'entretien : Lavage en machine<\/p>\n<p>couleur : vert, noir<br \/>\nmotif : r\u00e9tro<br \/>\nTaille : L<\/p>\n<p>Largeur des \u00e9paules : 51cm<br \/>\nTour de poitrine : 122cm<br \/>\nLongueur des manches : 70cm<br \/>\nlongueur totale : 72cm<\/p>","protected":false},"excerpt":{"rendered":"<h2 class=\"pl_headline200 pl_mb50\">ails<\/h2>\n<div class=\"pl_text-expander pl_copy100 pdp_details__text-expander js_pdp_details__text-expander pl_text-expander--has-more pl_text-expander--expanded\" lang=\"de\">\n<div class=\"pdp_details__characteristics-html\">\n<table class=\"dv_characteristicsTable\">\n<tbody>\n<tr>\n<td class=\"left\">Taille<\/td>\n<td>L<\/td>\n<\/tr>\n<tr>\n<td class=\"left\">Composition du mat\u00e9riau<\/td>\n<td>98% Polyester, 2% Elasthan<\/td>\n<\/tr>\n<tr>\n<td class=\"left\">Conseils d'entretien<\/td>\n<td>Lavage en machine<\/td>\n<\/tr>\n<tr>\n<td class=\"left\">Stil<\/td>\n<td>sportlich<\/td>\n<\/tr>\n<tr>\n<td class=\"left\">Couleur<\/td>\n<td>gr\u00fcn, schwarz<\/td>\n<\/tr>\n<tr>\n<td class=\"left\">Kragen<\/td>\n<td>Col montant<\/td>\n<\/tr>\n<tr>\n<td class=\"left\">\u00c4rmel<\/td>\n<td>Manches longues<\/td>\n<\/tr>\n<tr>\n<td class=\"left\">\u00c4rmelabschluss<\/td>\n<td>B\u00fcndchen<\/td>\n<\/tr>\n<tr>\n<td class=\"left\">Rumpfabschluss<\/td>\n<td>B\u00fcndchen<\/td>\n<\/tr>\n<tr>\n<td class=\"left\">Applikationen<\/td>\n<td>Logodruck<\/td>\n<\/tr>\n<tr>\n<td class=\"left\">Sacs<\/td>\n<td>Eingrifftaschen<\/td>\n<\/tr>\n<tr>\n<td class=\"left\">Verschluss<\/td>\n<td>Fermeture \u00e0 glissi\u00e8re<\/td>\n<\/tr>\n<\/tbody>\n<\/table>\n<\/div>\n<\/div>","protected":false},"featured_media":83204,"comment_status":"open","ping_status":"closed","template":"","meta":{"_seopress_robots_primary_cat":"","_seopress_titles_title":"","_seopress_titles_desc":"","_seopress_robots_index":""},"product_brand":[],"product_cat":[1345,1365,1371],"product_tag":[],"class_list":{"0":"post-83149","1":"product","2":"type-product","3":"status-publish","4":"has-post-thumbnail","6":"product_cat-herrenmode","7":"product_cat-sportbekleidung","8":"product_cat-jacken","9":"product_shipping_class-standard-versand","11":"first","12":"instock","13":"sale","14":"taxable","15":"shipping-taxable","16":"purchasable","17":"product-type-simple"},"_links":{"self":[{"href":"https:\/\/www.soanam.de\/fr\/wp-json\/wp\/v2\/product\/83149","targetHints":{"allow":["GET"]}}],"collection":[{"href":"https:\/\/www.soanam.de\/fr\/wp-json\/wp\/v2\/product"}],"about":[{"href":"https:\/\/www.soanam.de\/fr\/wp-json\/wp\/v2\/types\/product"}],"replies":[{"embeddable":true,"href":"https:\/\/www.soanam.de\/fr\/wp-json\/wp\/v2\/comments?post=83149"}],"wp:featuredmedia":[{"embeddable":true,"href":"https:\/\/www.soanam.de\/fr\/wp-json\/wp\/v2\/media\/83204"}],"wp:attachment":[{"href":"https:\/\/www.soanam.de\/fr\/wp-json\/wp\/v2\/media?parent=83149"}],"wp:term":[{"taxonomy":"product_brand","embeddable":true,"href":"https:\/\/www.soanam.de\/fr\/wp-json\/wp\/v2\/product_brand?post=83149"},{"taxonomy":"product_cat","embeddable":true,"href":"https:\/\/www.soanam.de\/fr\/wp-json\/wp\/v2\/product_cat?post=83149"},{"taxonomy":"product_tag","embeddable":true,"href":"https:\/\/www.soanam.de\/fr\/wp-json\/wp\/v2\/product_tag?post=83149"}],"curies":[{"name":"wp","href":"https:\/\/api.w.org\/{rel}","templated":true}]}}