{"id":83131,"date":"2023-12-16T04:52:53","date_gmt":"2023-12-16T03:52:53","guid":{"rendered":"https:\/\/www.soanam.de\/?post_type=product&#038;p=83131"},"modified":"2023-12-16T04:56:27","modified_gmt":"2023-12-16T03:56:27","slug":"aniston-selected-pantalon-a-enfiler-avec-motif-a-carreaux-en-laine-blanche-noir-gr-44","status":"publish","type":"product","link":"https:\/\/www.soanam.de\/fr\/produkt\/aniston-selected-schlupfhose-mit-karo-muster-in-wollweiss-schwarz-gr-44\/","title":{"rendered":"Aniston SELECTED Pantalon \u00e0 enfiler avec motif \u00e0 carreaux, en blanc laine, noir, T. 44"},"content":{"rendered":"<p>Pantalon \u00e0 enfiler avec 2 poches pratiques<br \/>\nMotif \u00e0 carreaux \u00e0 la mode et bande lat\u00e9rale brillante<br \/>\nEn qualit\u00e9 jacquard douce<br \/>\nTaille \u00e9lastique confortable avec lien \u00e0 nouer<br \/>\nCoupe ajust\u00e9e<\/p>\n<p>Pantalon \u00e0 carreaux \u00e0 la mode avec une bande lat\u00e9rale brillante de Aniston Selected.<br \/>\nEn qualit\u00e9 jacquard \u00e9lastique. Avec des poches lat\u00e9rales et une taille \u00e9lastique avec lien \u00e0 nouer. Ourlet \u00e0 revers au bas des jambes. Forme qui \u00e9pouse la silhouette et s'arr\u00eate aux chevilles.<\/p>\n<p>Mati\u00e8re : 64% polyester, 34% viscose, 2% \u00e9lasthanne<br \/>\nConseils d'entretien : Lavage en machine<\/p>\n<p>Couleur : blanc laineux, noir<br \/>\nmotif : \u00e0 carreaux<br \/>\nTaille : 44<\/p>\n<p>Tour de taille : 82cm<br \/>\nTour de hanches : 114cm<br \/>\nLongueur d'entrejambe : 69cm<br \/>\nlongueur totale : 98cm<\/p>\n<p>&nbsp;<\/p>\n<p>Il s'agit pour ce nouvel article d'un retour client sans \u00e9tiquette.<\/p>\n<p>&nbsp;<\/p>","protected":false},"excerpt":{"rendered":"<table class=\"dv_characteristicsTable\" style=\"color: #333333; font-family: -apple-system, BlinkMacSystemFont, 'Segoe UI', Roboto, Oxygen-Sans, Ubuntu, Cantarell, 'Helvetica Neue', sans-serif; font-size: 16px;\">\n<tbody>\n<tr>\n<td class=\"left\">Taille<\/td>\n<td>44<\/td>\n<\/tr>\n<tr>\n<td class=\"left\">Gr\u00f6\u00dfentyp<\/td>\n<td>Normalgr\u00f6\u00dfen<\/td>\n<\/tr>\n<tr>\n<td class=\"left\">Composition du mat\u00e9riau<\/td>\n<td>Obermaterial: 64% Polyester, 34% Viskose, 2% Elasthan<\/td>\n<\/tr>\n<tr>\n<td class=\"left\">Materialart<\/td>\n<td>Jersey<\/td>\n<\/tr>\n<tr>\n<td class=\"left\">Materialeigenschaften<\/td>\n<td>elastisch<\/td>\n<\/tr>\n<tr>\n<td class=\"left\">Conseils d'entretien<\/td>\n<td>Lavage en machine<\/td>\n<\/tr>\n<tr>\n<td class=\"left\">Optik<\/td>\n<td>kariert<\/td>\n<\/tr>\n<tr>\n<td class=\"left\">Stil<\/td>\n<td>casual<\/td>\n<\/tr>\n<tr>\n<td class=\"left\">Couleur<\/td>\n<td>wollwei\u00df-schwarz-kariert<\/td>\n<\/tr>\n<tr>\n<td class=\"left\">Leibh\u00f6he<\/td>\n<td>normal<\/td>\n<\/tr>\n<tr>\n<td class=\"left\">Bundabschluss<\/td>\n<td>elastischer Bund<\/td>\n<\/tr>\n<tr>\n<td class=\"left\">Bundabschlussdetails<\/td>\n<td>mit Bindeband<\/td>\n<\/tr>\n<tr>\n<td class=\"left\">Beinabschluss<\/td>\n<td>Umschlagsaum<\/td>\n<\/tr>\n<tr>\n<td class=\"left\">Beinform<\/td>\n<td>gerade, unten schmal<\/td>\n<\/tr>\n<tr>\n<td class=\"left\">Coupe<\/td>\n<td>figurumspielend<\/td>\n<\/tr>\n<tr>\n<td class=\"left\">Schnittform L\u00e4nge<\/td>\n<td>kn\u00f6chelfrei<\/td>\n<\/tr>\n<tr>\n<td class=\"left\">Passants de ceinture<\/td>\n<td>nein<\/td>\n<\/tr>\n<tr>\n<td class=\"left\">Sacs<\/td>\n<td>Eingrifftaschen<\/td>\n<\/tr>\n<tr>\n<td class=\"left\">Besondere Merkmale<\/td>\n<td>mit Karo-Muster<\/td>\n<\/tr>\n<\/tbody>\n<\/table>\n<table class=\"dv_characteristicsTable\">\n<tbody>\n<tr>\n<td class=\"left\"><\/td>\n<td><\/td>\n<\/tr>\n<\/tbody>\n<\/table>","protected":false},"featured_media":83164,"comment_status":"open","ping_status":"closed","template":"","meta":{"_seopress_robots_primary_cat":"","_seopress_titles_title":"","_seopress_titles_desc":"","_seopress_robots_index":""},"product_brand":[],"product_cat":[1348,1349,1396],"product_tag":[],"class_list":{"0":"post-83131","1":"product","2":"type-product","3":"status-publish","4":"has-post-thumbnail","6":"product_cat-damen-mode","7":"product_cat-hosen-damen-mode","8":"product_cat-stoffhosen-hosen-damen-mode","9":"product_shipping_class-standard-versand","11":"first","12":"instock","13":"sale","14":"taxable","15":"shipping-taxable","16":"purchasable","17":"product-type-simple"},"_links":{"self":[{"href":"https:\/\/www.soanam.de\/fr\/wp-json\/wp\/v2\/product\/83131","targetHints":{"allow":["GET"]}}],"collection":[{"href":"https:\/\/www.soanam.de\/fr\/wp-json\/wp\/v2\/product"}],"about":[{"href":"https:\/\/www.soanam.de\/fr\/wp-json\/wp\/v2\/types\/product"}],"replies":[{"embeddable":true,"href":"https:\/\/www.soanam.de\/fr\/wp-json\/wp\/v2\/comments?post=83131"}],"wp:featuredmedia":[{"embeddable":true,"href":"https:\/\/www.soanam.de\/fr\/wp-json\/wp\/v2\/media\/83164"}],"wp:attachment":[{"href":"https:\/\/www.soanam.de\/fr\/wp-json\/wp\/v2\/media?parent=83131"}],"wp:term":[{"taxonomy":"product_brand","embeddable":true,"href":"https:\/\/www.soanam.de\/fr\/wp-json\/wp\/v2\/product_brand?post=83131"},{"taxonomy":"product_cat","embeddable":true,"href":"https:\/\/www.soanam.de\/fr\/wp-json\/wp\/v2\/product_cat?post=83131"},{"taxonomy":"product_tag","embeddable":true,"href":"https:\/\/www.soanam.de\/fr\/wp-json\/wp\/v2\/product_tag?post=83131"}],"curies":[{"name":"wp","href":"https:\/\/api.w.org\/{rel}","templated":true}]}}