{"id":83107,"date":"2023-12-16T04:50:39","date_gmt":"2023-12-16T03:50:39","guid":{"rendered":"https:\/\/www.soanam.de\/?post_type=product&#038;p=83107"},"modified":"2023-12-16T04:53:56","modified_gmt":"2023-12-16T03:53:56","slug":"bruno-banani-pantalon-a-plis-en-jersey-a-motifs-noir-et-blanc-gr-42","status":"publish","type":"product","link":"https:\/\/www.soanam.de\/fr\/produkt\/bruno-banani-gemusterte-bundfaltenhose-aus-jersey-in-schwarz-weiss-gr-42\/","title":{"rendered":"Bruno Banani pantalon \u00e0 pinces \u00e0 motifs en jersey, en noir, blanc, taille 42"},"content":{"rendered":"<p>Pantalon business \u00e0 motifs de Bruno Banani<br \/>\nEn jersey confortable pour un ajustement parfait<br \/>\nCoupe qui souligne la silhouette avec une hauteur de taille normale<br \/>\nDeux poches avant<br \/>\nForme de pantalon \u00e0 la mode, longueur 7\/8<\/p>\n<p>Le pantalon \u00e0 pinces de Bruno Banani est en jersey confortable dans un look chic \u00e0 motifs, qui se distingue par ses propri\u00e9t\u00e9s agr\u00e9ables \u00e0 porter ainsi que par la stabilit\u00e9 de ses couleurs et de sa forme.<br \/>\nLe logo typique de la marque ne doit bien s\u00fbr pas manquer, le pantalon pr\u00e9sente un pli fixe devant et derri\u00e8re, il se ferme par un bouton-pression et une fermeture \u00e9clair.<\/p>\n<p>Mati\u00e8re : 76% polyester, 20% viscose, 4% \u00e9lastiques<br \/>\nConseils d'entretien : Lavage en machine<\/p>\n<p>couleur : noir, blanc<br \/>\nMotif : Carr\u00e9<br \/>\nTaille : 42<\/p>\n<p>Tour de taille : 82cm<br \/>\nTour de hanches : 98cm<br \/>\nLongueur d'entrejambe : 65cm<br \/>\nlongueur totale : 93cm<\/p>\n<p><span style=\"font-family: -apple-system, BlinkMacSystemFont, 'Segoe UI', Roboto, Oxygen-Sans, Ubuntu, Cantarell, 'Helvetica Neue', sans-serif;\">Il s'agit pour ce nouvel article d'un retour client sans \u00e9tiquette.<\/span><\/p>","protected":false},"excerpt":{"rendered":"<table class=\"dv_characteristicsTable\">\n<tbody>\n<tr>\n<td class=\"left\">Taille<\/td>\n<td>42<\/td>\n<\/tr>\n<tr>\n<td class=\"left\">Gr\u00f6\u00dfentyp<\/td>\n<td>Normalgr\u00f6\u00dfen<\/td>\n<\/tr>\n<tr>\n<td class=\"left\">Composition du mat\u00e9riau<\/td>\n<td>76% Polyester, 20% Viskose, 4% Elasthan<\/td>\n<\/tr>\n<tr>\n<td class=\"left\">Materialart<\/td>\n<td>Jersey<\/td>\n<\/tr>\n<tr>\n<td class=\"left\">Materialeigenschaften<\/td>\n<td>elastisch<\/td>\n<\/tr>\n<tr>\n<td class=\"left\">Conseils d'entretien<\/td>\n<td>Lavage en machine<\/td>\n<\/tr>\n<tr>\n<td class=\"left\">Optik<\/td>\n<td>gemustert<\/td>\n<\/tr>\n<tr>\n<td class=\"left\">Stil<\/td>\n<td>selegant<\/td>\n<\/tr>\n<tr>\n<td class=\"left\">Couleur<\/td>\n<td>schwarz, wei\u00df<\/td>\n<\/tr>\n<tr>\n<td class=\"left\">Leibh\u00f6he<\/td>\n<td>normal<\/td>\n<\/tr>\n<tr>\n<td class=\"left\">Applikationen<\/td>\n<td>Markenlabel<\/td>\n<\/tr>\n<tr>\n<td class=\"left\">Sacs<\/td>\n<td>vorn<\/td>\n<\/tr>\n<tr>\n<td class=\"left\">Verschluss<\/td>\n<td>Druckknopf, Rei\u00dfverschluss<\/td>\n<\/tr>\n<tr>\n<td class=\"left\">Besondere Merkmale<\/td>\n<td>feste B\u00fcgelfalte<\/td>\n<\/tr>\n<\/tbody>\n<\/table>","protected":false},"featured_media":83138,"comment_status":"open","ping_status":"closed","template":"","meta":{"_seopress_robots_primary_cat":"","_seopress_titles_title":"","_seopress_titles_desc":"","_seopress_robots_index":""},"product_brand":[],"product_cat":[1348,1349,1433],"product_tag":[],"class_list":{"0":"post-83107","1":"product","2":"type-product","3":"status-publish","4":"has-post-thumbnail","6":"product_cat-damen-mode","7":"product_cat-hosen-damen-mode","8":"product_cat-7-8-hosen","9":"product_shipping_class-standard-versand","11":"first","12":"instock","13":"sale","14":"taxable","15":"shipping-taxable","16":"purchasable","17":"product-type-simple"},"_links":{"self":[{"href":"https:\/\/www.soanam.de\/fr\/wp-json\/wp\/v2\/product\/83107","targetHints":{"allow":["GET"]}}],"collection":[{"href":"https:\/\/www.soanam.de\/fr\/wp-json\/wp\/v2\/product"}],"about":[{"href":"https:\/\/www.soanam.de\/fr\/wp-json\/wp\/v2\/types\/product"}],"replies":[{"embeddable":true,"href":"https:\/\/www.soanam.de\/fr\/wp-json\/wp\/v2\/comments?post=83107"}],"wp:featuredmedia":[{"embeddable":true,"href":"https:\/\/www.soanam.de\/fr\/wp-json\/wp\/v2\/media\/83138"}],"wp:attachment":[{"href":"https:\/\/www.soanam.de\/fr\/wp-json\/wp\/v2\/media?parent=83107"}],"wp:term":[{"taxonomy":"product_brand","embeddable":true,"href":"https:\/\/www.soanam.de\/fr\/wp-json\/wp\/v2\/product_brand?post=83107"},{"taxonomy":"product_cat","embeddable":true,"href":"https:\/\/www.soanam.de\/fr\/wp-json\/wp\/v2\/product_cat?post=83107"},{"taxonomy":"product_tag","embeddable":true,"href":"https:\/\/www.soanam.de\/fr\/wp-json\/wp\/v2\/product_tag?post=83107"}],"curies":[{"name":"wp","href":"https:\/\/api.w.org\/{rel}","templated":true}]}}