{"id":83100,"date":"2023-12-16T04:50:03","date_gmt":"2023-12-16T03:50:03","guid":{"rendered":"https:\/\/www.soanam.de\/?post_type=product&#038;p=83100"},"modified":"2023-12-16T04:53:25","modified_gmt":"2023-12-16T03:53:25","slug":"icepeak-pantalon-de-ski-netro-en-noir-gr-56","status":"publish","type":"product","link":"https:\/\/www.soanam.de\/fr\/produkt\/icepeak-skihose-netro-in-schwarz-gr-56\/","title":{"rendered":"Icepeak pantalon de ski Netro, en noir, taille 56"},"content":{"rendered":"<p>Pantalon de ski de Icepeak<br \/>\nDoublure matelass\u00e9e<br \/>\nD\u00e9tails de la structure<br \/>\nMat\u00e9riaux de protection<br \/>\nColonne d'eau et respirabilit\u00e9 du mat\u00e9riau : 5 000 mm 5 000 mvp<br \/>\nles principales coutures du produit sont soud\u00e9es pour \u00eatre \u00e9tanches \u00e0 l'eau<br \/>\nImpr\u00e9gnation hydrofuge<\/p>\n<p>Avec un mat\u00e9riau imperm\u00e9able et des coutures principales soud\u00e9es, ce pantalon remporte la plupart des combats contre l'humidit\u00e9 et prouve ainsi sa fonctionnalit\u00e9. Les pare-neige aux bas des jambes emp\u00eachent la neige de s'infiltrer, m\u00eame par le bas. Afin de pouvoir profiter pleinement des activit\u00e9s hivernales, le pantalon est \u00e9quip\u00e9 de nombreux autres d\u00e9tails fonctionnels, comme des fermetures \u00e0 glissi\u00e8re au niveau des jambes du pantalon et une partie dorsale haute.<\/p>\n<p>Mat\u00e9riau : polyester 100%<br \/>\nConseils d'entretien : Lavage en machine<\/p>\n<p>couleur : noir<br \/>\n\u00c9chantillon : sans<br \/>\nTaille : 56<\/p>\n<p>Tour de taille : 93cm<br \/>\nTour de hanches : 125cm<br \/>\nLongueur d'entrejambe : 82cm<br \/>\nlongueur totale : 116cm<\/p>","protected":false},"excerpt":{"rendered":"<table class=\"dv_characteristicsTable\">\n<tbody>\n<tr>\n<td class=\"left\">Taille<\/td>\n<td>56<\/td>\n<\/tr>\n<tr>\n<td class=\"left\">Composition du mat\u00e9riau<\/td>\n<td>Dessus : 100% polyester<\/td>\n<\/tr>\n<tr>\n<td class=\"left\">Conseils d'entretien<\/td>\n<td>30 \u00b0C Feinw\u00e4sche<\/td>\n<\/tr>\n<tr>\n<td class=\"left\">Optik<\/td>\n<td>Couleurs unies<\/td>\n<\/tr>\n<tr>\n<td class=\"left\">Stil<\/td>\n<td>Casual<\/td>\n<\/tr>\n<tr>\n<td class=\"left\">Couleur<\/td>\n<td>schwarz<\/td>\n<\/tr>\n<tr>\n<td class=\"left\">Schnittform L\u00e4nge<\/td>\n<td>Lang<\/td>\n<\/tr>\n<tr>\n<td class=\"left\">Verschluss<\/td>\n<td>Knopfverschluss<\/td>\n<\/tr>\n<tr>\n<td class=\"left\">Sportart<\/td>\n<td>Skifahren<\/td>\n<\/tr>\n<\/tbody>\n<\/table>","protected":false},"featured_media":83132,"comment_status":"open","ping_status":"closed","template":"","meta":{"_seopress_robots_primary_cat":"","_seopress_titles_title":"","_seopress_titles_desc":"","_seopress_robots_index":""},"product_brand":[],"product_cat":[1345,1346,1463],"product_tag":[],"class_list":{"0":"post-83100","1":"product","2":"type-product","3":"status-publish","4":"has-post-thumbnail","6":"product_cat-herrenmode","7":"product_cat-hosen","8":"product_cat-regen-skihosen-hosen","9":"product_shipping_class-standard-versand","11":"first","12":"instock","13":"sale","14":"taxable","15":"shipping-taxable","16":"purchasable","17":"product-type-simple"},"_links":{"self":[{"href":"https:\/\/www.soanam.de\/fr\/wp-json\/wp\/v2\/product\/83100","targetHints":{"allow":["GET"]}}],"collection":[{"href":"https:\/\/www.soanam.de\/fr\/wp-json\/wp\/v2\/product"}],"about":[{"href":"https:\/\/www.soanam.de\/fr\/wp-json\/wp\/v2\/types\/product"}],"replies":[{"embeddable":true,"href":"https:\/\/www.soanam.de\/fr\/wp-json\/wp\/v2\/comments?post=83100"}],"wp:featuredmedia":[{"embeddable":true,"href":"https:\/\/www.soanam.de\/fr\/wp-json\/wp\/v2\/media\/83132"}],"wp:attachment":[{"href":"https:\/\/www.soanam.de\/fr\/wp-json\/wp\/v2\/media?parent=83100"}],"wp:term":[{"taxonomy":"product_brand","embeddable":true,"href":"https:\/\/www.soanam.de\/fr\/wp-json\/wp\/v2\/product_brand?post=83100"},{"taxonomy":"product_cat","embeddable":true,"href":"https:\/\/www.soanam.de\/fr\/wp-json\/wp\/v2\/product_cat?post=83100"},{"taxonomy":"product_tag","embeddable":true,"href":"https:\/\/www.soanam.de\/fr\/wp-json\/wp\/v2\/product_tag?post=83100"}],"curies":[{"name":"wp","href":"https:\/\/api.w.org\/{rel}","templated":true}]}}