{"id":83055,"date":"2023-12-16T04:45:54","date_gmt":"2023-12-16T03:45:54","guid":{"rendered":"https:\/\/www.soanam.de\/?post_type=product&#038;p=83055"},"modified":"2023-12-16T04:49:20","modified_gmt":"2023-12-16T03:49:20","slug":"best-connections-heine-pantalon-chino-en-vert-gr-34","status":"publish","type":"product","link":"https:\/\/www.soanam.de\/fr\/produkt\/best-connections-heine-chinohose-in-gruen-gr-34\/","title":{"rendered":"Best Connections Heine Pantalon chino, en vert Gr. 34"},"content":{"rendered":"<p>Pantalon en serg\u00e9 d\u00e9contract\u00e9 de BC<br \/>\nEn qualit\u00e9 agr\u00e9able de coton stretch<br \/>\nCoupe confortable, avec une hauteur de taille normale<br \/>\n1 poche \u00e0 monnaie sugg\u00e9r\u00e9e<br \/>\nPeut \u00eatre retrouss\u00e9 de mani\u00e8re d\u00e9contract\u00e9e en pantalon 7\/8<\/p>\n<p>Cool pantalon chino de BC au look moderne - simple et \u00e0 la pointe de la mode.<br \/>\nForme droite avec taille rapport\u00e9e, bouton et fermeture \u00e0 glissi\u00e8re dissimul\u00e9e, 2 poches \u00e0 l'anglaise devant, 2 poches arri\u00e8re avec bouton et poche de monnaie sugg\u00e9r\u00e9e.<\/p>\n<p>Mati\u00e8re : 98% coton, 2% \u00e9lastique<br \/>\nConseils d'entretien : Lavage en machine<\/p>\n<p>couleur : vert<br \/>\n\u00c9chantillon : sans<br \/>\nTaille : 34<\/p>\n<p>Tour de taille : 66cm<br \/>\nTour de hanches : 89cm<br \/>\nLongueur d'entrejambe : 77cm<br \/>\nlongueur totale : 100cm<\/p>","protected":false},"excerpt":{"rendered":"<table class=\"dv_characteristicsTable\">\n<tbody>\n<tr>\n<td class=\"left\">Taille<\/td>\n<td>34<\/td>\n<\/tr>\n<tr>\n<td class=\"left\">Composition du mat\u00e9riau<\/td>\n<td>98% coton, 2% \u00e9lasthanne<\/td>\n<\/tr>\n<tr>\n<td class=\"left\">Materialart<\/td>\n<td>Twill<\/td>\n<\/tr>\n<tr>\n<td class=\"left\">Materialeigenschaften<\/td>\n<td>leicht elastisch<\/td>\n<\/tr>\n<tr>\n<td class=\"left\">Stil<\/td>\n<td>klassisch<\/td>\n<\/tr>\n<tr>\n<td class=\"left\">Couleur<\/td>\n<td>gr\u00fcn<\/td>\n<\/tr>\n<tr>\n<td class=\"left\">Leibh\u00f6he<\/td>\n<td>normal<\/td>\n<\/tr>\n<tr>\n<td class=\"left\">Verschluss<\/td>\n<td>Knopf, Rei\u00dfverschluss<\/td>\n<\/tr>\n<tr>\n<td class=\"left\">Besondere Merkmale<\/td>\n<td>M\u00fcnztasche<\/td>\n<\/tr>\n<\/tbody>\n<\/table>","protected":false},"featured_media":83088,"comment_status":"open","ping_status":"closed","template":"","meta":{"_seopress_robots_primary_cat":"","_seopress_titles_title":"","_seopress_titles_desc":"","_seopress_robots_index":""},"product_brand":[],"product_cat":[1348,1349,1466],"product_tag":[],"class_list":{"0":"post-83055","1":"product","2":"type-product","3":"status-publish","4":"has-post-thumbnail","6":"product_cat-damen-mode","7":"product_cat-hosen-damen-mode","8":"product_cat-chinohosen-hosen-damen-mode","9":"product_shipping_class-standard-versand","11":"first","12":"instock","13":"taxable","14":"shipping-taxable","15":"purchasable","16":"product-type-simple"},"_links":{"self":[{"href":"https:\/\/www.soanam.de\/fr\/wp-json\/wp\/v2\/product\/83055","targetHints":{"allow":["GET"]}}],"collection":[{"href":"https:\/\/www.soanam.de\/fr\/wp-json\/wp\/v2\/product"}],"about":[{"href":"https:\/\/www.soanam.de\/fr\/wp-json\/wp\/v2\/types\/product"}],"replies":[{"embeddable":true,"href":"https:\/\/www.soanam.de\/fr\/wp-json\/wp\/v2\/comments?post=83055"}],"wp:featuredmedia":[{"embeddable":true,"href":"https:\/\/www.soanam.de\/fr\/wp-json\/wp\/v2\/media\/83088"}],"wp:attachment":[{"href":"https:\/\/www.soanam.de\/fr\/wp-json\/wp\/v2\/media?parent=83055"}],"wp:term":[{"taxonomy":"product_brand","embeddable":true,"href":"https:\/\/www.soanam.de\/fr\/wp-json\/wp\/v2\/product_brand?post=83055"},{"taxonomy":"product_cat","embeddable":true,"href":"https:\/\/www.soanam.de\/fr\/wp-json\/wp\/v2\/product_cat?post=83055"},{"taxonomy":"product_tag","embeddable":true,"href":"https:\/\/www.soanam.de\/fr\/wp-json\/wp\/v2\/product_tag?post=83055"}],"curies":[{"name":"wp","href":"https:\/\/api.w.org\/{rel}","templated":true}]}}