{"id":82899,"date":"2023-12-14T21:11:19","date_gmt":"2023-12-14T20:11:19","guid":{"rendered":"https:\/\/www.soanam.de\/?post_type=product&#038;p=82899"},"modified":"2023-12-16T04:44:46","modified_gmt":"2023-12-16T03:44:46","slug":"blouse-chemise-ajc-avec-patch-de-manche-en-blanc-gr-36","status":"publish","type":"product","link":"https:\/\/www.soanam.de\/fr\/produkt\/ajc-hemdbluse-mit-aermelpatch-in-weiss-gr-36\/","title":{"rendered":"AJC Chemisier avec patch de manches, en blanc, T. 36"},"content":{"rendered":"<p>Chemisier de AJC<br \/>\nEn pur coton<br \/>\nD\u00e9tails contrast\u00e9s<br \/>\nPatchs de manches en forme de c\u0153ur<br \/>\nAvec poche poitrine<\/p>\n<p>La sobri\u00e9t\u00e9 du blanc conf\u00e8re \u00e0 la blouse d'AJC une allure unique, \u00e0 la fois f\u00e9minine et \u00e9l\u00e9gante.<br \/>\nGr\u00e2ce au pur coton 100%, le chemisier est tr\u00e8s agr\u00e9able \u00e0 porter et a\u00e9r\u00e9 en m\u00eame temps.<br \/>\nUn tissu contrast\u00e9 sur les poignets, le col ainsi que les patchs des manches donne \u00e0 la blouse un aspect unique.<\/p>\n<p>Mati\u00e8re : 100% coton<br \/>\nConseils d'entretien : Lavage en machine<\/p>\n<p>Couleur : Blanc<br \/>\nMotif : patchs ray\u00e9s en forme de c\u0153ur<br \/>\nTaille : 36<\/p>\n<p>Largeur des \u00e9paules : 38cm<br \/>\nTour de poitrine : 100cm<br \/>\nLongueur des manches : 61cm<br \/>\nlongueur totale : 65cm<\/p>","protected":false},"excerpt":{"rendered":"<table class=\"dv_characteristicsTable\">\n<tbody>\n<tr>\n<td class=\"left\">Taille<\/td>\n<td>36<\/td>\n<\/tr>\n<tr>\n<td class=\"left\">Gr\u00f6\u00dfentyp<\/td>\n<td>Normalgr\u00f6\u00dfen<\/td>\n<\/tr>\n<tr>\n<td class=\"left\">Composition du mat\u00e9riau<\/td>\n<td>Obermaterial: 100% Baumwolle<\/td>\n<\/tr>\n<tr>\n<td class=\"left\">Conseils d'entretien<\/td>\n<td>Lavage en machine<\/td>\n<\/tr>\n<tr>\n<td class=\"left\">Optik<\/td>\n<td>uni<\/td>\n<\/tr>\n<tr>\n<td class=\"left\">Stil<\/td>\n<td>casual<\/td>\n<\/tr>\n<tr>\n<td class=\"left\">Couleur<\/td>\n<td>wei\u00df<\/td>\n<\/tr>\n<tr>\n<td class=\"left\">\u00c4rmel<\/td>\n<td>Manches longues<\/td>\n<\/tr>\n<tr>\n<td class=\"left\">Coupe<\/td>\n<td>figurbetont<\/td>\n<\/tr>\n<tr>\n<td class=\"left\">Schnittform L\u00e4nge<\/td>\n<td>h\u00fcftbedeckend<\/td>\n<\/tr>\n<tr>\n<td class=\"left\">Applikationen<\/td>\n<td>\u00c4rmelpatches<\/td>\n<\/tr>\n<tr>\n<td class=\"left\">Besondere Merkmale<\/td>\n<td>Kontrastierender Stoff<\/td>\n<\/tr>\n<\/tbody>\n<\/table>","protected":false},"featured_media":83037,"comment_status":"open","ping_status":"closed","template":"","meta":{"_seopress_robots_primary_cat":"","_seopress_titles_title":"","_seopress_titles_desc":"","_seopress_robots_index":""},"product_brand":[],"product_cat":[1348,1414,1415],"product_tag":[],"class_list":{"0":"post-82899","1":"product","2":"type-product","3":"status-publish","4":"has-post-thumbnail","6":"product_cat-damen-mode","7":"product_cat-blusen","8":"product_cat-langarm","9":"product_shipping_class-standard-versand","11":"first","12":"instock","13":"sale","14":"taxable","15":"shipping-taxable","16":"purchasable","17":"product-type-simple"},"_links":{"self":[{"href":"https:\/\/www.soanam.de\/fr\/wp-json\/wp\/v2\/product\/82899","targetHints":{"allow":["GET"]}}],"collection":[{"href":"https:\/\/www.soanam.de\/fr\/wp-json\/wp\/v2\/product"}],"about":[{"href":"https:\/\/www.soanam.de\/fr\/wp-json\/wp\/v2\/types\/product"}],"replies":[{"embeddable":true,"href":"https:\/\/www.soanam.de\/fr\/wp-json\/wp\/v2\/comments?post=82899"}],"wp:featuredmedia":[{"embeddable":true,"href":"https:\/\/www.soanam.de\/fr\/wp-json\/wp\/v2\/media\/83037"}],"wp:attachment":[{"href":"https:\/\/www.soanam.de\/fr\/wp-json\/wp\/v2\/media?parent=82899"}],"wp:term":[{"taxonomy":"product_brand","embeddable":true,"href":"https:\/\/www.soanam.de\/fr\/wp-json\/wp\/v2\/product_brand?post=82899"},{"taxonomy":"product_cat","embeddable":true,"href":"https:\/\/www.soanam.de\/fr\/wp-json\/wp\/v2\/product_cat?post=82899"},{"taxonomy":"product_tag","embeddable":true,"href":"https:\/\/www.soanam.de\/fr\/wp-json\/wp\/v2\/product_tag?post=82899"}],"curies":[{"name":"wp","href":"https:\/\/api.w.org\/{rel}","templated":true}]}}