{"id":82849,"date":"2023-12-14T03:11:11","date_gmt":"2023-12-14T02:11:11","guid":{"rendered":"https:\/\/www.soanam.de\/?post_type=product&#038;p=82849"},"modified":"2023-12-16T04:41:29","modified_gmt":"2023-12-16T03:41:29","slug":"buffalo-schlupfbluse-mit-bindeband-in-schwarz-weiss-gr-46","status":"publish","type":"product","link":"https:\/\/www.soanam.de\/fr\/produkt\/buffalo-schlupfbluse-mit-bindeband-in-schwarz-weiss-gr-46\/","title":{"rendered":"Buffalo Schlupfbluse mit Bindeband in Schwarz, Wei\u00df, Gr. 46"},"content":{"rendered":"<p>Confortable chemisier \u00e0 enfiler de Buffalo<br \/>\nencolure arrondie avec fente et ruban \u00e0 nouer<br \/>\nCoupe p\u00e9plum raffin\u00e9e<br \/>\nmanches trompettes de longueur 3\/4<br \/>\ngland sur le lien<br \/>\nViscose l\u00e9g\u00e8re et tiss\u00e9e<\/p>\n<p>Avec la blouse a\u00e9rienne de Buffalo, le boho-chic s'invite dans ta garde-robe !<br \/>\nLe look ludique est marqu\u00e9 par l'encolure ronde avec une fente et des liens \u00e0 nouer, de jolis pompons ornent les cordons.<br \/>\nLa coupe branch\u00e9e au design p\u00e9plum rend la blouse pour femmes particuli\u00e8rement confortable et dessine une taille f\u00e9minine.<br \/>\nLa mati\u00e8re l\u00e9g\u00e8re et tiss\u00e9e met en valeur le charmant motif allover. Les manches trompettes sont d'une longueur 3\/4.<\/p>\n<p>Mati\u00e8re : 100% viscose<br \/>\nConseils d'entretien : Lavage en machine<\/p>\n<p>couleur : noir, blanc<br \/>\nmotif : g\u00e9om\u00e9trique<br \/>\nTaille : 46<\/p>\n<p>Largeur des \u00e9paules : 49cm<br \/>\nTour de poitrine : 124cm<br \/>\nLongueur des manches : 48cm<br \/>\nlongueur totale : 72cm<\/p>\n<p>&nbsp;<\/p>\n<p>Il s'agit pour ce nouvel article d'un retour client sans \u00e9tiquette.<\/p>","protected":false},"excerpt":{"rendered":"<table class=\"dv_characteristicsTable\">\n<tbody>\n<tr>\n<td class=\"left\">Taille<\/td>\n<td>46<\/td>\n<\/tr>\n<tr>\n<td class=\"left\">Gr\u00f6\u00dfentyp<\/td>\n<td>Normalgr\u00f6\u00dfen<\/td>\n<\/tr>\n<tr>\n<td class=\"left\">Composition du mat\u00e9riau<\/td>\n<td>Obermaterial: 100% Viskose<\/td>\n<\/tr>\n<tr>\n<td class=\"left\">Materialart<\/td>\n<td>Web<\/td>\n<\/tr>\n<tr>\n<td class=\"left\">Conseils d'entretien<\/td>\n<td>Lavage en machine<\/td>\n<\/tr>\n<tr>\n<td class=\"left\">Optik<\/td>\n<td>bedruckt<\/td>\n<\/tr>\n<tr>\n<td class=\"left\">Stil<\/td>\n<td>modisch<\/td>\n<\/tr>\n<tr>\n<td class=\"left\">Couleur<\/td>\n<td>schwarz, wei\u00df<\/td>\n<\/tr>\n<tr>\n<td class=\"left\">Kragen<\/td>\n<td>ohne Kragen<\/td>\n<\/tr>\n<tr>\n<td class=\"left\">Ausschnitt<\/td>\n<td>Encolure en V<\/td>\n<\/tr>\n<tr>\n<td class=\"left\">\u00c4rmel<\/td>\n<td>manches 3\/4<\/td>\n<\/tr>\n<tr>\n<td class=\"left\">\u00c4rmeldetails<\/td>\n<td>Trompeten\u00e4rmel<\/td>\n<\/tr>\n<tr>\n<td class=\"left\">Rumpfabschluss<\/td>\n<td>gerader Abschluss<\/td>\n<\/tr>\n<tr>\n<td class=\"left\">Coupe<\/td>\n<td>locker<\/td>\n<\/tr>\n<tr>\n<td class=\"left\">Schnittdetails<\/td>\n<td>Raffung an der Unterbrustnaht<\/td>\n<\/tr>\n<tr>\n<td class=\"left\">Schnittform L\u00e4nge<\/td>\n<td>h\u00fcftlang<\/td>\n<\/tr>\n<tr>\n<td class=\"left\">Applikationen<\/td>\n<td>B\u00e4nder, Quasten<\/td>\n<\/tr>\n<\/tbody>\n<\/table>","protected":false},"featured_media":83008,"comment_status":"open","ping_status":"closed","template":"","meta":{"_seopress_robots_primary_cat":"","_seopress_titles_title":"","_seopress_titles_desc":"","_seopress_robots_index":""},"product_brand":[],"product_cat":[1348,1414,1540],"product_tag":[],"class_list":{"0":"post-82849","1":"product","2":"type-product","3":"status-publish","4":"has-post-thumbnail","6":"product_cat-damen-mode","7":"product_cat-blusen","8":"product_cat-3-4-arm","9":"product_shipping_class-standard-versand","11":"first","12":"instock","13":"sale","14":"taxable","15":"shipping-taxable","16":"purchasable","17":"product-type-simple"},"_links":{"self":[{"href":"https:\/\/www.soanam.de\/fr\/wp-json\/wp\/v2\/product\/82849","targetHints":{"allow":["GET"]}}],"collection":[{"href":"https:\/\/www.soanam.de\/fr\/wp-json\/wp\/v2\/product"}],"about":[{"href":"https:\/\/www.soanam.de\/fr\/wp-json\/wp\/v2\/types\/product"}],"replies":[{"embeddable":true,"href":"https:\/\/www.soanam.de\/fr\/wp-json\/wp\/v2\/comments?post=82849"}],"wp:featuredmedia":[{"embeddable":true,"href":"https:\/\/www.soanam.de\/fr\/wp-json\/wp\/v2\/media\/83008"}],"wp:attachment":[{"href":"https:\/\/www.soanam.de\/fr\/wp-json\/wp\/v2\/media?parent=82849"}],"wp:term":[{"taxonomy":"product_brand","embeddable":true,"href":"https:\/\/www.soanam.de\/fr\/wp-json\/wp\/v2\/product_brand?post=82849"},{"taxonomy":"product_cat","embeddable":true,"href":"https:\/\/www.soanam.de\/fr\/wp-json\/wp\/v2\/product_cat?post=82849"},{"taxonomy":"product_tag","embeddable":true,"href":"https:\/\/www.soanam.de\/fr\/wp-json\/wp\/v2\/product_tag?post=82849"}],"curies":[{"name":"wp","href":"https:\/\/api.w.org\/{rel}","templated":true}]}}