{"id":82829,"date":"2023-12-14T03:09:30","date_gmt":"2023-12-14T02:09:30","guid":{"rendered":"https:\/\/www.soanam.de\/?post_type=product&#038;p=82829"},"modified":"2023-12-16T04:39:38","modified_gmt":"2023-12-16T03:39:38","slug":"aniston-casual-chemisier-a-enfiler-en-cassis-gr-46","status":"publish","type":"product","link":"https:\/\/www.soanam.de\/fr\/produkt\/aniston-casual-schlupfbluse-in-cassis-gr-46\/","title":{"rendered":"Aniston Casual Chemisier \u00e0 enfiler, en Cassis, T. 46"},"content":{"rendered":"<p>Blouse \u00e0 enfiler avec manchettes de Aniston Casual<br \/>\nEn polyester l\u00e9g\u00e8rement fluide<br \/>\nAvec une encolure en V au design int\u00e9ressant<br \/>\nFentes lat\u00e9rales et arrondies<br \/>\nForme d\u00e9contract\u00e9e<\/p>\n<p>Tendance chemisier \u00e0 enfiler de Aniston Casual.<\/p>\n<p>En polyester. Avec manchette \u00e0 1 bouton. Avec une encolure en V tr\u00e8s d\u00e9taill\u00e9e. Fente sur le c\u00f4t\u00e9 et arrondi. Coupe d\u00e9contract\u00e9e et superbe couleur.<\/p>\n<p>Mat\u00e9riau : polyester 100%<br \/>\nConseils d'entretien : Lavage en machine<\/p>\n<p>Couleur : cassis<br \/>\n\u00c9chantillon : sans<br \/>\nTaille : 46<\/p>\n<p>Largeur des \u00e9paules : 43cm<br \/>\nTour de poitrine : 119cm<br \/>\nLongueur des manches : 62cm<br \/>\nlongueur totale : 74cm<\/p>\n<p><span style=\"font-family: -apple-system, BlinkMacSystemFont, 'Segoe UI', Roboto, Oxygen-Sans, Ubuntu, Cantarell, 'Helvetica Neue', sans-serif;\">Il s'agit pour ce nouvel article d'un retour client sans \u00e9tiquette.<\/span><\/p>","protected":false},"excerpt":{"rendered":"<table class=\"dv_characteristicsTable\">\n<tbody>\n<tr>\n<td class=\"left\">Taille<\/td>\n<td>46<\/td>\n<\/tr>\n<tr>\n<td class=\"left\">Gr\u00f6\u00dfentyp<\/td>\n<td>Normalgr\u00f6\u00dfen<\/td>\n<\/tr>\n<tr>\n<td class=\"left\">Composition du mat\u00e9riau<\/td>\n<td>100% Polyester<\/td>\n<\/tr>\n<tr>\n<td class=\"left\">Materialart<\/td>\n<td>Georgette<\/td>\n<\/tr>\n<tr>\n<td class=\"left\">Conseils d'entretien<\/td>\n<td>Lavage en machine<\/td>\n<\/tr>\n<tr>\n<td class=\"left\">Optik<\/td>\n<td>uni<\/td>\n<\/tr>\n<tr>\n<td class=\"left\">Stil<\/td>\n<td>modisch<\/td>\n<\/tr>\n<tr>\n<td class=\"left\">Couleur<\/td>\n<td>cassis<\/td>\n<\/tr>\n<tr>\n<td class=\"left\">Ausschnitt<\/td>\n<td>Encolure en V<\/td>\n<\/tr>\n<tr>\n<td class=\"left\">\u00c4rmel<\/td>\n<td>Manches longues<\/td>\n<\/tr>\n<tr>\n<td class=\"left\">Merkmal<\/td>\n<td>1-Knopf Manschette<\/td>\n<\/tr>\n<tr>\n<td class=\"left\">Besonderheit<\/td>\n<td>Ausschnitt-Detail<\/td>\n<\/tr>\n<tr>\n<td class=\"left\">L\u00e4nge als Bluse<\/td>\n<td>h\u00fcftlang<\/td>\n<\/tr>\n<tr>\n<td class=\"left\"><\/td>\n<td><\/td>\n<\/tr>\n<tr>\n<td class=\"left\"><\/td>\n<td><\/td>\n<\/tr>\n<tr>\n<td class=\"left\"><\/td>\n<td><\/td>\n<\/tr>\n<tr>\n<td class=\"left\"><\/td>\n<td><\/td>\n<\/tr>\n<tr>\n<td class=\"left\"><\/td>\n<td><\/td>\n<\/tr>\n<tr>\n<td class=\"left\"><\/td>\n<td><\/td>\n<\/tr>\n<\/tbody>\n<\/table>","protected":false},"featured_media":82993,"comment_status":"open","ping_status":"closed","template":"","meta":{"_seopress_robots_primary_cat":"","_seopress_titles_title":"","_seopress_titles_desc":"","_seopress_robots_index":""},"product_brand":[],"product_cat":[1348,1414,1415],"product_tag":[],"class_list":{"0":"post-82829","1":"product","2":"type-product","3":"status-publish","4":"has-post-thumbnail","6":"product_cat-damen-mode","7":"product_cat-blusen","8":"product_cat-langarm","9":"product_shipping_class-standard-versand","11":"first","12":"instock","13":"sale","14":"taxable","15":"shipping-taxable","16":"purchasable","17":"product-type-simple"},"_links":{"self":[{"href":"https:\/\/www.soanam.de\/fr\/wp-json\/wp\/v2\/product\/82829","targetHints":{"allow":["GET"]}}],"collection":[{"href":"https:\/\/www.soanam.de\/fr\/wp-json\/wp\/v2\/product"}],"about":[{"href":"https:\/\/www.soanam.de\/fr\/wp-json\/wp\/v2\/types\/product"}],"replies":[{"embeddable":true,"href":"https:\/\/www.soanam.de\/fr\/wp-json\/wp\/v2\/comments?post=82829"}],"wp:featuredmedia":[{"embeddable":true,"href":"https:\/\/www.soanam.de\/fr\/wp-json\/wp\/v2\/media\/82993"}],"wp:attachment":[{"href":"https:\/\/www.soanam.de\/fr\/wp-json\/wp\/v2\/media?parent=82829"}],"wp:term":[{"taxonomy":"product_brand","embeddable":true,"href":"https:\/\/www.soanam.de\/fr\/wp-json\/wp\/v2\/product_brand?post=82829"},{"taxonomy":"product_cat","embeddable":true,"href":"https:\/\/www.soanam.de\/fr\/wp-json\/wp\/v2\/product_cat?post=82829"},{"taxonomy":"product_tag","embeddable":true,"href":"https:\/\/www.soanam.de\/fr\/wp-json\/wp\/v2\/product_tag?post=82829"}],"curies":[{"name":"wp","href":"https:\/\/api.w.org\/{rel}","templated":true}]}}