{"id":82815,"date":"2023-12-14T03:08:17","date_gmt":"2023-12-14T02:08:17","guid":{"rendered":"https:\/\/www.soanam.de\/?post_type=product&#038;p=82815"},"modified":"2023-12-16T04:38:02","modified_gmt":"2023-12-16T03:38:02","slug":"aniston-selected-plisseebluse-in-weiss-gr-36","status":"publish","type":"product","link":"https:\/\/www.soanam.de\/fr\/produkt\/aniston-selected-plisseebluse-in-weiss-gr-36\/","title":{"rendered":"Aniston SELECTED Blouse pliss\u00e9e, en blanc, taille 36"},"content":{"rendered":"<p>Chemisier \u00e0 col pour femme de Aniston Selected<br \/>\nEn polyester doux et fluide<br \/>\nforme de chemisier avec une patte de boutonnage continue et une manchette \u00e0 2 boutons<br \/>\nVokuhila - coupe plus longue \u00e0 l'arri\u00e8re<br \/>\nForme longue \u00e9pousant la silhouette<br \/>\nAvec dos pliss\u00e9<\/p>\n<p>Chemisier de Aniston Selected avec dos pliss\u00e9. En polyester doux et fluide.<br \/>\nPatte de boutonnage continue et manchette \u00e0 2 boutons sur la manche longue. Vokuhila - coupe plus longue \u00e0 l'arri\u00e8re. Forme longue \u00e9pousant la silhouette.<\/p>\n<p>Mat\u00e9riau : polyester 100%<br \/>\nConseils d'entretien : Lavage en machine<\/p>\n<p>couleur : blanc<br \/>\n\u00c9chantillon : sans<br \/>\nTaille : 36<\/p>\n<p>Largeur des \u00e9paules : 36cm<br \/>\nTour de poitrine : 106cm<br \/>\nLongueur des manches : 61cm<br \/>\nlongueur totale : 72cm<\/p>\n<p>Il s'agit pour ce nouvel article d'un retour client sans \u00e9tiquette.<\/p>","protected":false},"excerpt":{"rendered":"<table class=\"dv_characteristicsTable\">\n<tbody>\n<tr>\n<td class=\"left\">Taille<\/td>\n<td>36<\/td>\n<\/tr>\n<tr>\n<td class=\"left\">Gr\u00f6\u00dfentyp<\/td>\n<td>Normalgr\u00f6\u00dfen<\/td>\n<\/tr>\n<tr>\n<td class=\"left\">Composition du mat\u00e9riau<\/td>\n<td>100% Polyester<\/td>\n<\/tr>\n<tr>\n<td class=\"left\">Materialart<\/td>\n<td>Web<\/td>\n<\/tr>\n<tr>\n<td class=\"left\">Conseils d'entretien<\/td>\n<td>Lavage en machine<\/td>\n<\/tr>\n<tr>\n<td class=\"left\">Optik<\/td>\n<td>uni<\/td>\n<\/tr>\n<tr>\n<td class=\"left\">Stil<\/td>\n<td>modisch<\/td>\n<\/tr>\n<tr>\n<td class=\"left\">Couleur<\/td>\n<td>wei\u00df<\/td>\n<\/tr>\n<tr>\n<td class=\"left\">Kragen<\/td>\n<td>Hemdblusenkragen<\/td>\n<\/tr>\n<tr>\n<td class=\"left\">\u00c4rmel<\/td>\n<td>Manches longues<\/td>\n<\/tr>\n<tr>\n<td class=\"left\">\u00c4rmelabschluss<\/td>\n<td>2-Knopf-Manschette<\/td>\n<\/tr>\n<tr>\n<td class=\"left\">Rumpfabschluss<\/td>\n<td>gerader Saum<\/td>\n<\/tr>\n<tr>\n<td class=\"left\">Rumpfabschlussdetails<\/td>\n<td>hinten<\/td>\n<\/tr>\n<tr>\n<td class=\"left\">Coupe<\/td>\n<td>figurumspielend<\/td>\n<\/tr>\n<tr>\n<td class=\"left\">Schnittdetails<\/td>\n<td>Schlitze<\/td>\n<\/tr>\n<tr>\n<td class=\"left\">Schnittform L\u00e4nge<\/td>\n<td>h\u00fcftlang<\/td>\n<\/tr>\n<tr>\n<td class=\"left\">Verschluss<\/td>\n<td>Patte de boutonnage<\/td>\n<\/tr>\n<tr>\n<td class=\"left\">Verschlussdetails<\/td>\n<td>durchgehend<\/td>\n<\/tr>\n<tr>\n<td class=\"left\">Besondere Merkmale<\/td>\n<td>hinten l\u00e4nger geschnitten<\/td>\n<\/tr>\n<\/tbody>\n<\/table>","protected":false},"featured_media":82977,"comment_status":"open","ping_status":"closed","template":"","meta":{"_seopress_robots_primary_cat":"","_seopress_titles_title":"","_seopress_titles_desc":"","_seopress_robots_index":""},"product_brand":[],"product_cat":[1348,1414,1415],"product_tag":[],"class_list":{"0":"post-82815","1":"product","2":"type-product","3":"status-publish","4":"has-post-thumbnail","6":"product_cat-damen-mode","7":"product_cat-blusen","8":"product_cat-langarm","9":"product_shipping_class-standard-versand","11":"first","12":"instock","13":"sale","14":"taxable","15":"shipping-taxable","16":"purchasable","17":"product-type-simple"},"_links":{"self":[{"href":"https:\/\/www.soanam.de\/fr\/wp-json\/wp\/v2\/product\/82815","targetHints":{"allow":["GET"]}}],"collection":[{"href":"https:\/\/www.soanam.de\/fr\/wp-json\/wp\/v2\/product"}],"about":[{"href":"https:\/\/www.soanam.de\/fr\/wp-json\/wp\/v2\/types\/product"}],"replies":[{"embeddable":true,"href":"https:\/\/www.soanam.de\/fr\/wp-json\/wp\/v2\/comments?post=82815"}],"wp:featuredmedia":[{"embeddable":true,"href":"https:\/\/www.soanam.de\/fr\/wp-json\/wp\/v2\/media\/82977"}],"wp:attachment":[{"href":"https:\/\/www.soanam.de\/fr\/wp-json\/wp\/v2\/media?parent=82815"}],"wp:term":[{"taxonomy":"product_brand","embeddable":true,"href":"https:\/\/www.soanam.de\/fr\/wp-json\/wp\/v2\/product_brand?post=82815"},{"taxonomy":"product_cat","embeddable":true,"href":"https:\/\/www.soanam.de\/fr\/wp-json\/wp\/v2\/product_cat?post=82815"},{"taxonomy":"product_tag","embeddable":true,"href":"https:\/\/www.soanam.de\/fr\/wp-json\/wp\/v2\/product_tag?post=82815"}],"curies":[{"name":"wp","href":"https:\/\/api.w.org\/{rel}","templated":true}]}}